{"id":471,"date":"2024-11-19T08:30:03","date_gmt":"2024-11-19T08:30:03","guid":{"rendered":"https:\/\/www.davidbestintools.com\/?post_type=product&#038;p=471"},"modified":"2024-11-19T13:40:39","modified_gmt":"2024-11-19T13:40:39","slug":"set-de-limes-david-6-pieces","status":"publish","type":"product","link":"https:\/\/www.davidbestintools.com\/fr\/product\/set-de-limes-david-6-pieces\/","title":{"rendered":"Set de limes DAVID 6 pi\u00e8ces"},"content":{"rendered":"","protected":false},"excerpt":{"rendered":"<p>Le set de limes DAVID est un ensemble complet de 6 limes de haute qualit\u00e9, emball\u00e9es dans une bo\u00eete m\u00e9tallique robuste. Avec des poign\u00e9es en bois pour une prise en main confortable, ces limes sont id\u00e9ales pour un travail l\u00e9ger et pr\u00e9cis. L&rsquo;ensemble comprend diff\u00e9rentes formes, vous permettant d&rsquo;avoir toujours la lime adapt\u00e9e \u00e0 chaque t\u00e2che. Parfait pour travailler finement sur le m\u00e9tal, le bois et d&rsquo;autres mat\u00e9riaux.<\/p>\n<p><strong>Contenu<\/strong> :<\/p>\n<p>\u2022 1 lime plate \u00e0 pointe<br \/>\n\u2022 1 lime plate \u00e0 bout rond<br \/>\n\u2022 1 lime ronde<br \/>\n\u2022 1 lime demi-ronde<br \/>\n\u2022 1 lime triangulaire<br \/>\n\u2022 1 lime carr\u00e9e<\/p>\n<p><strong>Caract\u00e9ristiques<\/strong> :<\/p>\n<p>\u2022 Set de 6 pi\u00e8ces pour un travail de limage polyvalent<br \/>\n\u2022 Poign\u00e9es en bois pour une prise confortable et pr\u00e9cise<br \/>\n\u2022 Emball\u00e9 dans une bo\u00eete pratique et durable<br \/>\n\u2022 Convient pour un travail l\u00e9ger et les finitions fines sur divers mat\u00e9riaux<\/p>\n<p>ART. 650101<br \/>\nEAN: 87156291181105<\/p>\n","protected":false},"featured_media":491,"comment_status":"closed","ping_status":"closed","template":"","meta":{"inline_featured_image":false},"product_brand":[],"product_cat":[],"product_tag":[],"class_list":{"0":"post-471","1":"product","2":"type-product","3":"status-publish","4":"has-post-thumbnail","7":"first","8":"instock","9":"shipping-taxable","10":"purchasable","11":"product-type-simple"},"yoast_head":"<!-- This site is optimized with the Yoast SEO plugin v27.5 - https:\/\/yoast.com\/product\/yoast-seo-wordpress\/ -->\n<title>Set de limes DAVID 6 pi\u00e8ces - David best in tools<\/title>\n<meta name=\"robots\" content=\"index, follow, max-snippet:-1, max-image-preview:large, max-video-preview:-1\" \/>\n<link rel=\"canonical\" href=\"https:\/\/www.davidbestintools.com\/fr\/product\/set-de-limes-david-6-pieces\/\" \/>\n<meta property=\"og:locale\" content=\"fr_FR\" \/>\n<meta property=\"og:type\" content=\"article\" \/>\n<meta property=\"og:title\" content=\"Set de limes DAVID 6 pi\u00e8ces - David best in tools\" \/>\n<meta property=\"og:description\" content=\"Le set de limes DAVID est un ensemble complet de 6 limes de haute qualit\u00e9, emball\u00e9es dans une bo\u00eete m\u00e9tallique robuste. Avec des poign\u00e9es en bois pour une prise en main confortable, ces limes sont id\u00e9ales pour un travail l\u00e9ger et pr\u00e9cis. L&#039;ensemble comprend diff\u00e9rentes formes, vous permettant d&#039;avoir toujours la lime adapt\u00e9e \u00e0 chaque t\u00e2che. Parfait pour travailler finement sur le m\u00e9tal, le bois et d&#039;autres mat\u00e9riaux.  Contenu :  \u2022 1 lime plate \u00e0 pointe \u2022 1 lime plate \u00e0 bout rond \u2022 1 lime ronde \u2022 1 lime demi-ronde \u2022 1 lime triangulaire \u2022 1 lime carr\u00e9e  Caract\u00e9ristiques :  \u2022 Set de 6 pi\u00e8ces pour un travail de limage polyvalent \u2022 Poign\u00e9es en bois pour une prise confortable et pr\u00e9cise \u2022 Emball\u00e9 dans une bo\u00eete pratique et durable \u2022 Convient pour un travail l\u00e9ger et les finitions fines sur divers mat\u00e9riaux  ART. 650101 EAN: 87156291181105\" \/>\n<meta property=\"og:url\" content=\"https:\/\/www.davidbestintools.com\/fr\/product\/set-de-limes-david-6-pieces\/\" \/>\n<meta property=\"og:site_name\" content=\"David best in tools\" \/>\n<meta property=\"article:modified_time\" content=\"2024-11-19T13:40:39+00:00\" \/>\n<meta property=\"og:image\" content=\"https:\/\/www.davidbestintools.com\/wp-content\/uploads\/vijlenset-david-1.webp\" \/>\n\t<meta property=\"og:image:width\" content=\"1000\" \/>\n\t<meta property=\"og:image:height\" content=\"1000\" \/>\n\t<meta property=\"og:image:type\" content=\"image\/webp\" \/>\n<meta name=\"twitter:card\" content=\"summary_large_image\" \/>\n<meta name=\"twitter:label1\" content=\"Dur\u00e9e de lecture estim\u00e9e\" \/>\n\t<meta name=\"twitter:data1\" content=\"1 minute\" \/>\n<script type=\"application\/ld+json\" class=\"yoast-schema-graph\">{\"@context\":\"https:\\\/\\\/schema.org\",\"@graph\":[{\"@type\":\"WebPage\",\"@id\":\"https:\\\/\\\/www.davidbestintools.com\\\/fr\\\/product\\\/set-de-limes-david-6-pieces\\\/\",\"url\":\"https:\\\/\\\/www.davidbestintools.com\\\/fr\\\/product\\\/set-de-limes-david-6-pieces\\\/\",\"name\":\"Set de limes DAVID 6 pi\u00e8ces - David best in tools\",\"isPartOf\":{\"@id\":\"https:\\\/\\\/www.davidbestintools.com\\\/#website\"},\"primaryImageOfPage\":{\"@id\":\"https:\\\/\\\/www.davidbestintools.com\\\/fr\\\/product\\\/set-de-limes-david-6-pieces\\\/#primaryimage\"},\"image\":{\"@id\":\"https:\\\/\\\/www.davidbestintools.com\\\/fr\\\/product\\\/set-de-limes-david-6-pieces\\\/#primaryimage\"},\"thumbnailUrl\":\"https:\\\/\\\/www.davidbestintools.com\\\/wp-content\\\/uploads\\\/vijlenset-david-1.webp\",\"datePublished\":\"2024-11-19T08:30:03+00:00\",\"dateModified\":\"2024-11-19T13:40:39+00:00\",\"breadcrumb\":{\"@id\":\"https:\\\/\\\/www.davidbestintools.com\\\/fr\\\/product\\\/set-de-limes-david-6-pieces\\\/#breadcrumb\"},\"inLanguage\":\"fr-FR\",\"potentialAction\":[{\"@type\":\"ReadAction\",\"target\":[\"https:\\\/\\\/www.davidbestintools.com\\\/fr\\\/product\\\/set-de-limes-david-6-pieces\\\/\"]}]},{\"@type\":\"ImageObject\",\"inLanguage\":\"fr-FR\",\"@id\":\"https:\\\/\\\/www.davidbestintools.com\\\/fr\\\/product\\\/set-de-limes-david-6-pieces\\\/#primaryimage\",\"url\":\"https:\\\/\\\/www.davidbestintools.com\\\/wp-content\\\/uploads\\\/vijlenset-david-1.webp\",\"contentUrl\":\"https:\\\/\\\/www.davidbestintools.com\\\/wp-content\\\/uploads\\\/vijlenset-david-1.webp\",\"width\":1000,\"height\":1000},{\"@type\":\"BreadcrumbList\",\"@id\":\"https:\\\/\\\/www.davidbestintools.com\\\/fr\\\/product\\\/set-de-limes-david-6-pieces\\\/#breadcrumb\",\"itemListElement\":[{\"@type\":\"ListItem\",\"position\":1,\"name\":\"Home\",\"item\":\"https:\\\/\\\/www.davidbestintools.com\\\/fr\\\/\"},{\"@type\":\"ListItem\",\"position\":2,\"name\":\"Boutique\",\"item\":\"https:\\\/\\\/www.davidbestintools.com\\\/fr\\\/boutique\\\/\"},{\"@type\":\"ListItem\",\"position\":3,\"name\":\"Set de limes DAVID 6 pi\u00e8ces\"}]},{\"@type\":\"WebSite\",\"@id\":\"https:\\\/\\\/www.davidbestintools.com\\\/#website\",\"url\":\"https:\\\/\\\/www.davidbestintools.com\\\/\",\"name\":\"David best in tools\",\"description\":\"\",\"potentialAction\":[{\"@type\":\"SearchAction\",\"target\":{\"@type\":\"EntryPoint\",\"urlTemplate\":\"https:\\\/\\\/www.davidbestintools.com\\\/?s={search_term_string}\"},\"query-input\":{\"@type\":\"PropertyValueSpecification\",\"valueRequired\":true,\"valueName\":\"search_term_string\"}}],\"inLanguage\":\"fr-FR\"}]}<\/script>\n<!-- \/ Yoast SEO plugin. -->","yoast_head_json":{"title":"Set de limes DAVID 6 pi\u00e8ces - David best in tools","robots":{"index":"index","follow":"follow","max-snippet":"max-snippet:-1","max-image-preview":"max-image-preview:large","max-video-preview":"max-video-preview:-1"},"canonical":"https:\/\/www.davidbestintools.com\/fr\/product\/set-de-limes-david-6-pieces\/","og_locale":"fr_FR","og_type":"article","og_title":"Set de limes DAVID 6 pi\u00e8ces - David best in tools","og_description":"Le set de limes DAVID est un ensemble complet de 6 limes de haute qualit\u00e9, emball\u00e9es dans une bo\u00eete m\u00e9tallique robuste. Avec des poign\u00e9es en bois pour une prise en main confortable, ces limes sont id\u00e9ales pour un travail l\u00e9ger et pr\u00e9cis. L'ensemble comprend diff\u00e9rentes formes, vous permettant d'avoir toujours la lime adapt\u00e9e \u00e0 chaque t\u00e2che. Parfait pour travailler finement sur le m\u00e9tal, le bois et d'autres mat\u00e9riaux.  Contenu :  \u2022 1 lime plate \u00e0 pointe \u2022 1 lime plate \u00e0 bout rond \u2022 1 lime ronde \u2022 1 lime demi-ronde \u2022 1 lime triangulaire \u2022 1 lime carr\u00e9e  Caract\u00e9ristiques :  \u2022 Set de 6 pi\u00e8ces pour un travail de limage polyvalent \u2022 Poign\u00e9es en bois pour une prise confortable et pr\u00e9cise \u2022 Emball\u00e9 dans une bo\u00eete pratique et durable \u2022 Convient pour un travail l\u00e9ger et les finitions fines sur divers mat\u00e9riaux  ART. 650101 EAN: 87156291181105","og_url":"https:\/\/www.davidbestintools.com\/fr\/product\/set-de-limes-david-6-pieces\/","og_site_name":"David best in tools","article_modified_time":"2024-11-19T13:40:39+00:00","og_image":[{"width":1000,"height":1000,"url":"https:\/\/www.davidbestintools.com\/wp-content\/uploads\/vijlenset-david-1.webp","type":"image\/webp"}],"twitter_card":"summary_large_image","twitter_misc":{"Dur\u00e9e de lecture estim\u00e9e":"1 minute"},"schema":{"@context":"https:\/\/schema.org","@graph":[{"@type":"WebPage","@id":"https:\/\/www.davidbestintools.com\/fr\/product\/set-de-limes-david-6-pieces\/","url":"https:\/\/www.davidbestintools.com\/fr\/product\/set-de-limes-david-6-pieces\/","name":"Set de limes DAVID 6 pi\u00e8ces - David best in tools","isPartOf":{"@id":"https:\/\/www.davidbestintools.com\/#website"},"primaryImageOfPage":{"@id":"https:\/\/www.davidbestintools.com\/fr\/product\/set-de-limes-david-6-pieces\/#primaryimage"},"image":{"@id":"https:\/\/www.davidbestintools.com\/fr\/product\/set-de-limes-david-6-pieces\/#primaryimage"},"thumbnailUrl":"https:\/\/www.davidbestintools.com\/wp-content\/uploads\/vijlenset-david-1.webp","datePublished":"2024-11-19T08:30:03+00:00","dateModified":"2024-11-19T13:40:39+00:00","breadcrumb":{"@id":"https:\/\/www.davidbestintools.com\/fr\/product\/set-de-limes-david-6-pieces\/#breadcrumb"},"inLanguage":"fr-FR","potentialAction":[{"@type":"ReadAction","target":["https:\/\/www.davidbestintools.com\/fr\/product\/set-de-limes-david-6-pieces\/"]}]},{"@type":"ImageObject","inLanguage":"fr-FR","@id":"https:\/\/www.davidbestintools.com\/fr\/product\/set-de-limes-david-6-pieces\/#primaryimage","url":"https:\/\/www.davidbestintools.com\/wp-content\/uploads\/vijlenset-david-1.webp","contentUrl":"https:\/\/www.davidbestintools.com\/wp-content\/uploads\/vijlenset-david-1.webp","width":1000,"height":1000},{"@type":"BreadcrumbList","@id":"https:\/\/www.davidbestintools.com\/fr\/product\/set-de-limes-david-6-pieces\/#breadcrumb","itemListElement":[{"@type":"ListItem","position":1,"name":"Home","item":"https:\/\/www.davidbestintools.com\/fr\/"},{"@type":"ListItem","position":2,"name":"Boutique","item":"https:\/\/www.davidbestintools.com\/fr\/boutique\/"},{"@type":"ListItem","position":3,"name":"Set de limes DAVID 6 pi\u00e8ces"}]},{"@type":"WebSite","@id":"https:\/\/www.davidbestintools.com\/#website","url":"https:\/\/www.davidbestintools.com\/","name":"David best in tools","description":"","potentialAction":[{"@type":"SearchAction","target":{"@type":"EntryPoint","urlTemplate":"https:\/\/www.davidbestintools.com\/?s={search_term_string}"},"query-input":{"@type":"PropertyValueSpecification","valueRequired":true,"valueName":"search_term_string"}}],"inLanguage":"fr-FR"}]}},"_links":{"self":[{"href":"https:\/\/www.davidbestintools.com\/fr\/wp-json\/wp\/v2\/product\/471","targetHints":{"allow":["GET"]}}],"collection":[{"href":"https:\/\/www.davidbestintools.com\/fr\/wp-json\/wp\/v2\/product"}],"about":[{"href":"https:\/\/www.davidbestintools.com\/fr\/wp-json\/wp\/v2\/types\/product"}],"replies":[{"embeddable":true,"href":"https:\/\/www.davidbestintools.com\/fr\/wp-json\/wp\/v2\/comments?post=471"}],"wp:featuredmedia":[{"embeddable":true,"href":"https:\/\/www.davidbestintools.com\/fr\/wp-json\/wp\/v2\/media\/491"}],"wp:attachment":[{"href":"https:\/\/www.davidbestintools.com\/fr\/wp-json\/wp\/v2\/media?parent=471"}],"wp:term":[{"taxonomy":"product_brand","embeddable":true,"href":"https:\/\/www.davidbestintools.com\/fr\/wp-json\/wp\/v2\/product_brand?post=471"},{"taxonomy":"product_cat","embeddable":true,"href":"https:\/\/www.davidbestintools.com\/fr\/wp-json\/wp\/v2\/product_cat?post=471"},{"taxonomy":"product_tag","embeddable":true,"href":"https:\/\/www.davidbestintools.com\/fr\/wp-json\/wp\/v2\/product_tag?post=471"}],"curies":[{"name":"wp","href":"https:\/\/api.w.org\/{rel}","templated":true}]}}