{"id":440,"date":"2024-10-29T09:20:33","date_gmt":"2024-10-29T09:20:33","guid":{"rendered":"https:\/\/www.davidbestintools.com\/?post_type=product&#038;p=440"},"modified":"2024-11-20T13:59:08","modified_gmt":"2024-11-20T13:59:08","slug":"david-couteau-abs-9-mm-sk2-zb","status":"publish","type":"product","link":"https:\/\/www.davidbestintools.com\/fr\/product\/david-couteau-abs-9-mm-sk2-zb\/","title":{"rendered":"David couteau ABS 9 mm SK2 ZB"},"content":{"rendered":"","protected":false},"excerpt":{"rendered":"<p>Le David Mes ABS 9 mm SK2 ZB est id\u00e9al pour tout le monde qui cherche un couteau puissant et s\u00e9curis\u00e9. Ce couteau noir et bleu poss\u00e8de une lame qui est 50 % plus \u00e9paisse qu&rsquo;une lame normale, ce qui assure une plus grande r\u00e9sistance et durabilit\u00e9.<\/p>\n<p><strong>Caract\u00e9ristiques :<\/strong><\/p>\n<ul>\n<li><strong>Technologie SK2 :<\/strong> Gr\u00e2ce au traitement au laser, les bords de coupe sont 2 HRC plus durs. Cela signifie que la lame reste tranchante 4 fois plus longtemps, m\u00eame avec une utilisation intensive. Cela r\u00e9sulte en un couteau durable.<\/li>\n<li><strong>Couteau stable :<\/strong> Gr\u00e2ce \u00e0 l&rsquo;espace r\u00e9duit entre la lame et le support, vous pouvez couper plus pr\u00e9cis\u00e9ment et avec plus de contr\u00f4le, parfait pour les d\u00e9coupes fines.<\/li>\n<li><strong>R\u00e9sistance \u00e0 la rupture :<\/strong> Cette lame peut couper \u00e0 90 degr\u00e9s et reste intacte, \u00e9vitant ainsi les situations dangereuses.<\/li>\n<li><strong>Syst\u00e8me Auto-lock :<\/strong> Le couteau dispose d&rsquo;un verrouillage automatique qui peut supporter une pression, assurant ainsi qu&rsquo;il reste s\u00fbr et stable pendant la coupe.<\/li>\n<li><strong>R\u00e9sistant \u00e0 la rouille :<\/strong> Ce couteau est r\u00e9sistant \u00e0 la rouille, ce qui contribue \u00e0 une plus longue dur\u00e9e de vie.<\/li>\n<\/ul>\n<p><strong>Avertissement:<br \/>\n<\/strong>Les lames sont tr\u00e8s tranchantes ! Utilisez ce produit avec pr\u00e9caution. Repliez compl\u00e8tement la lame lorsqu&rsquo;elle n&rsquo;est pas utilis\u00e9e. Portez toujours des lunettes de s\u00e9curit\u00e9 pendant l&rsquo;utilisation. Utilisez seulement un segment de la lame \u00e0 la fois et cassez la lame au niveau de la ligne de coupe. Jetez les lames usag\u00e9es avec soin et gardez-les hors de port\u00e9e des enfants.<\/p>\n<p>ART. 648102<br \/>\nEAN. <span data-teams=\"true\">8715629178901<\/span><\/p>\n","protected":false},"featured_media":549,"comment_status":"closed","ping_status":"closed","template":"","meta":{"inline_featured_image":false},"product_brand":[],"product_cat":[],"product_tag":[],"class_list":{"0":"post-440","1":"product","2":"type-product","3":"status-publish","4":"has-post-thumbnail","7":"first","8":"instock","9":"shipping-taxable","10":"purchasable","11":"product-type-simple"},"yoast_head":"<!-- This site is optimized with the Yoast SEO plugin v27.4 - https:\/\/yoast.com\/product\/yoast-seo-wordpress\/ -->\n<title>David couteau ABS 9 mm SK2 ZB - David best in tools<\/title>\n<meta name=\"robots\" content=\"index, follow, max-snippet:-1, max-image-preview:large, max-video-preview:-1\" \/>\n<link rel=\"canonical\" href=\"https:\/\/www.davidbestintools.com\/fr\/product\/david-couteau-abs-9-mm-sk2-zb\/\" \/>\n<meta property=\"og:locale\" content=\"fr_FR\" \/>\n<meta property=\"og:type\" content=\"article\" \/>\n<meta property=\"og:title\" content=\"David couteau ABS 9 mm SK2 ZB - David best in tools\" \/>\n<meta property=\"og:description\" content=\"Le David Mes ABS 9 mm SK2 ZB est id\u00e9al pour tout le monde qui cherche un couteau puissant et s\u00e9curis\u00e9. Ce couteau noir et bleu poss\u00e8de une lame qui est 50 % plus \u00e9paisse qu&#039;une lame normale, ce qui assure une plus grande r\u00e9sistance et durabilit\u00e9.  Caract\u00e9ristiques :   Technologie SK2 : Gr\u00e2ce au traitement au laser, les bords de coupe sont 2 HRC plus durs. Cela signifie que la lame reste tranchante 4 fois plus longtemps, m\u00eame avec une utilisation intensive. Cela r\u00e9sulte en un couteau durable.  Couteau stable : Gr\u00e2ce \u00e0 l&#039;espace r\u00e9duit entre la lame et le support, vous pouvez couper plus pr\u00e9cis\u00e9ment et avec plus de contr\u00f4le, parfait pour les d\u00e9coupes fines.  R\u00e9sistance \u00e0 la rupture : Cette lame peut couper \u00e0 90 degr\u00e9s et reste intacte, \u00e9vitant ainsi les situations dangereuses.  Syst\u00e8me Auto-lock : Le couteau dispose d&#039;un verrouillage automatique qui peut supporter une pression, assurant ainsi qu&#039;il reste s\u00fbr et stable pendant la coupe.  R\u00e9sistant \u00e0 la rouille : Ce couteau est r\u00e9sistant \u00e0 la rouille, ce qui contribue \u00e0 une plus longue dur\u00e9e de vie.  Avertissement: Les lames sont tr\u00e8s tranchantes ! Utilisez ce produit avec pr\u00e9caution. Repliez compl\u00e8tement la lame lorsqu&#039;elle n&#039;est pas utilis\u00e9e. Portez toujours des lunettes de s\u00e9curit\u00e9 pendant l&#039;utilisation. Utilisez seulement un segment de la lame \u00e0 la fois et cassez la lame au niveau de la ligne de coupe. Jetez les lames usag\u00e9es avec soin et gardez-les hors de port\u00e9e des enfants.  ART. 648102 EAN. 8715629178901\" \/>\n<meta property=\"og:url\" content=\"https:\/\/www.davidbestintools.com\/fr\/product\/david-couteau-abs-9-mm-sk2-zb\/\" \/>\n<meta property=\"og:site_name\" content=\"David best in tools\" \/>\n<meta property=\"article:modified_time\" content=\"2024-11-20T13:59:08+00:00\" \/>\n<meta property=\"og:image\" content=\"https:\/\/www.davidbestintools.com\/wp-content\/uploads\/david-mes-9-mm.webp\" \/>\n\t<meta property=\"og:image:width\" content=\"1000\" \/>\n\t<meta property=\"og:image:height\" content=\"1000\" \/>\n\t<meta property=\"og:image:type\" content=\"image\/webp\" \/>\n<meta name=\"twitter:card\" content=\"summary_large_image\" \/>\n<meta name=\"twitter:label1\" content=\"Dur\u00e9e de lecture estim\u00e9e\" \/>\n\t<meta name=\"twitter:data1\" content=\"1 minute\" \/>\n<script type=\"application\/ld+json\" class=\"yoast-schema-graph\">{\"@context\":\"https:\\\/\\\/schema.org\",\"@graph\":[{\"@type\":\"WebPage\",\"@id\":\"https:\\\/\\\/www.davidbestintools.com\\\/fr\\\/product\\\/david-couteau-abs-9-mm-sk2-zb\\\/\",\"url\":\"https:\\\/\\\/www.davidbestintools.com\\\/fr\\\/product\\\/david-couteau-abs-9-mm-sk2-zb\\\/\",\"name\":\"David couteau ABS 9 mm SK2 ZB - David best in tools\",\"isPartOf\":{\"@id\":\"https:\\\/\\\/www.davidbestintools.com\\\/#website\"},\"primaryImageOfPage\":{\"@id\":\"https:\\\/\\\/www.davidbestintools.com\\\/fr\\\/product\\\/david-couteau-abs-9-mm-sk2-zb\\\/#primaryimage\"},\"image\":{\"@id\":\"https:\\\/\\\/www.davidbestintools.com\\\/fr\\\/product\\\/david-couteau-abs-9-mm-sk2-zb\\\/#primaryimage\"},\"thumbnailUrl\":\"https:\\\/\\\/www.davidbestintools.com\\\/wp-content\\\/uploads\\\/david-mes-9-mm.webp\",\"datePublished\":\"2024-10-29T09:20:33+00:00\",\"dateModified\":\"2024-11-20T13:59:08+00:00\",\"breadcrumb\":{\"@id\":\"https:\\\/\\\/www.davidbestintools.com\\\/fr\\\/product\\\/david-couteau-abs-9-mm-sk2-zb\\\/#breadcrumb\"},\"inLanguage\":\"fr-FR\",\"potentialAction\":[{\"@type\":\"ReadAction\",\"target\":[\"https:\\\/\\\/www.davidbestintools.com\\\/fr\\\/product\\\/david-couteau-abs-9-mm-sk2-zb\\\/\"]}]},{\"@type\":\"ImageObject\",\"inLanguage\":\"fr-FR\",\"@id\":\"https:\\\/\\\/www.davidbestintools.com\\\/fr\\\/product\\\/david-couteau-abs-9-mm-sk2-zb\\\/#primaryimage\",\"url\":\"https:\\\/\\\/www.davidbestintools.com\\\/wp-content\\\/uploads\\\/david-mes-9-mm.webp\",\"contentUrl\":\"https:\\\/\\\/www.davidbestintools.com\\\/wp-content\\\/uploads\\\/david-mes-9-mm.webp\",\"width\":1000,\"height\":1000},{\"@type\":\"BreadcrumbList\",\"@id\":\"https:\\\/\\\/www.davidbestintools.com\\\/fr\\\/product\\\/david-couteau-abs-9-mm-sk2-zb\\\/#breadcrumb\",\"itemListElement\":[{\"@type\":\"ListItem\",\"position\":1,\"name\":\"Home\",\"item\":\"https:\\\/\\\/www.davidbestintools.com\\\/fr\\\/\"},{\"@type\":\"ListItem\",\"position\":2,\"name\":\"Boutique\",\"item\":\"https:\\\/\\\/www.davidbestintools.com\\\/fr\\\/boutique\\\/\"},{\"@type\":\"ListItem\",\"position\":3,\"name\":\"David couteau ABS 9 mm SK2 ZB\"}]},{\"@type\":\"WebSite\",\"@id\":\"https:\\\/\\\/www.davidbestintools.com\\\/#website\",\"url\":\"https:\\\/\\\/www.davidbestintools.com\\\/\",\"name\":\"David best in tools\",\"description\":\"\",\"potentialAction\":[{\"@type\":\"SearchAction\",\"target\":{\"@type\":\"EntryPoint\",\"urlTemplate\":\"https:\\\/\\\/www.davidbestintools.com\\\/?s={search_term_string}\"},\"query-input\":{\"@type\":\"PropertyValueSpecification\",\"valueRequired\":true,\"valueName\":\"search_term_string\"}}],\"inLanguage\":\"fr-FR\"}]}<\/script>\n<!-- \/ Yoast SEO plugin. -->","yoast_head_json":{"title":"David couteau ABS 9 mm SK2 ZB - David best in tools","robots":{"index":"index","follow":"follow","max-snippet":"max-snippet:-1","max-image-preview":"max-image-preview:large","max-video-preview":"max-video-preview:-1"},"canonical":"https:\/\/www.davidbestintools.com\/fr\/product\/david-couteau-abs-9-mm-sk2-zb\/","og_locale":"fr_FR","og_type":"article","og_title":"David couteau ABS 9 mm SK2 ZB - David best in tools","og_description":"Le David Mes ABS 9 mm SK2 ZB est id\u00e9al pour tout le monde qui cherche un couteau puissant et s\u00e9curis\u00e9. Ce couteau noir et bleu poss\u00e8de une lame qui est 50 % plus \u00e9paisse qu'une lame normale, ce qui assure une plus grande r\u00e9sistance et durabilit\u00e9.  Caract\u00e9ristiques :   Technologie SK2 : Gr\u00e2ce au traitement au laser, les bords de coupe sont 2 HRC plus durs. Cela signifie que la lame reste tranchante 4 fois plus longtemps, m\u00eame avec une utilisation intensive. Cela r\u00e9sulte en un couteau durable.  Couteau stable : Gr\u00e2ce \u00e0 l'espace r\u00e9duit entre la lame et le support, vous pouvez couper plus pr\u00e9cis\u00e9ment et avec plus de contr\u00f4le, parfait pour les d\u00e9coupes fines.  R\u00e9sistance \u00e0 la rupture : Cette lame peut couper \u00e0 90 degr\u00e9s et reste intacte, \u00e9vitant ainsi les situations dangereuses.  Syst\u00e8me Auto-lock : Le couteau dispose d'un verrouillage automatique qui peut supporter une pression, assurant ainsi qu'il reste s\u00fbr et stable pendant la coupe.  R\u00e9sistant \u00e0 la rouille : Ce couteau est r\u00e9sistant \u00e0 la rouille, ce qui contribue \u00e0 une plus longue dur\u00e9e de vie.  Avertissement: Les lames sont tr\u00e8s tranchantes ! Utilisez ce produit avec pr\u00e9caution. Repliez compl\u00e8tement la lame lorsqu'elle n'est pas utilis\u00e9e. Portez toujours des lunettes de s\u00e9curit\u00e9 pendant l'utilisation. Utilisez seulement un segment de la lame \u00e0 la fois et cassez la lame au niveau de la ligne de coupe. Jetez les lames usag\u00e9es avec soin et gardez-les hors de port\u00e9e des enfants.  ART. 648102 EAN. 8715629178901","og_url":"https:\/\/www.davidbestintools.com\/fr\/product\/david-couteau-abs-9-mm-sk2-zb\/","og_site_name":"David best in tools","article_modified_time":"2024-11-20T13:59:08+00:00","og_image":[{"width":1000,"height":1000,"url":"https:\/\/www.davidbestintools.com\/wp-content\/uploads\/david-mes-9-mm.webp","type":"image\/webp"}],"twitter_card":"summary_large_image","twitter_misc":{"Dur\u00e9e de lecture estim\u00e9e":"1 minute"},"schema":{"@context":"https:\/\/schema.org","@graph":[{"@type":"WebPage","@id":"https:\/\/www.davidbestintools.com\/fr\/product\/david-couteau-abs-9-mm-sk2-zb\/","url":"https:\/\/www.davidbestintools.com\/fr\/product\/david-couteau-abs-9-mm-sk2-zb\/","name":"David couteau ABS 9 mm SK2 ZB - David best in tools","isPartOf":{"@id":"https:\/\/www.davidbestintools.com\/#website"},"primaryImageOfPage":{"@id":"https:\/\/www.davidbestintools.com\/fr\/product\/david-couteau-abs-9-mm-sk2-zb\/#primaryimage"},"image":{"@id":"https:\/\/www.davidbestintools.com\/fr\/product\/david-couteau-abs-9-mm-sk2-zb\/#primaryimage"},"thumbnailUrl":"https:\/\/www.davidbestintools.com\/wp-content\/uploads\/david-mes-9-mm.webp","datePublished":"2024-10-29T09:20:33+00:00","dateModified":"2024-11-20T13:59:08+00:00","breadcrumb":{"@id":"https:\/\/www.davidbestintools.com\/fr\/product\/david-couteau-abs-9-mm-sk2-zb\/#breadcrumb"},"inLanguage":"fr-FR","potentialAction":[{"@type":"ReadAction","target":["https:\/\/www.davidbestintools.com\/fr\/product\/david-couteau-abs-9-mm-sk2-zb\/"]}]},{"@type":"ImageObject","inLanguage":"fr-FR","@id":"https:\/\/www.davidbestintools.com\/fr\/product\/david-couteau-abs-9-mm-sk2-zb\/#primaryimage","url":"https:\/\/www.davidbestintools.com\/wp-content\/uploads\/david-mes-9-mm.webp","contentUrl":"https:\/\/www.davidbestintools.com\/wp-content\/uploads\/david-mes-9-mm.webp","width":1000,"height":1000},{"@type":"BreadcrumbList","@id":"https:\/\/www.davidbestintools.com\/fr\/product\/david-couteau-abs-9-mm-sk2-zb\/#breadcrumb","itemListElement":[{"@type":"ListItem","position":1,"name":"Home","item":"https:\/\/www.davidbestintools.com\/fr\/"},{"@type":"ListItem","position":2,"name":"Boutique","item":"https:\/\/www.davidbestintools.com\/fr\/boutique\/"},{"@type":"ListItem","position":3,"name":"David couteau ABS 9 mm SK2 ZB"}]},{"@type":"WebSite","@id":"https:\/\/www.davidbestintools.com\/#website","url":"https:\/\/www.davidbestintools.com\/","name":"David best in tools","description":"","potentialAction":[{"@type":"SearchAction","target":{"@type":"EntryPoint","urlTemplate":"https:\/\/www.davidbestintools.com\/?s={search_term_string}"},"query-input":{"@type":"PropertyValueSpecification","valueRequired":true,"valueName":"search_term_string"}}],"inLanguage":"fr-FR"}]}},"_links":{"self":[{"href":"https:\/\/www.davidbestintools.com\/fr\/wp-json\/wp\/v2\/product\/440","targetHints":{"allow":["GET"]}}],"collection":[{"href":"https:\/\/www.davidbestintools.com\/fr\/wp-json\/wp\/v2\/product"}],"about":[{"href":"https:\/\/www.davidbestintools.com\/fr\/wp-json\/wp\/v2\/types\/product"}],"replies":[{"embeddable":true,"href":"https:\/\/www.davidbestintools.com\/fr\/wp-json\/wp\/v2\/comments?post=440"}],"wp:featuredmedia":[{"embeddable":true,"href":"https:\/\/www.davidbestintools.com\/fr\/wp-json\/wp\/v2\/media\/549"}],"wp:attachment":[{"href":"https:\/\/www.davidbestintools.com\/fr\/wp-json\/wp\/v2\/media?parent=440"}],"wp:term":[{"taxonomy":"product_brand","embeddable":true,"href":"https:\/\/www.davidbestintools.com\/fr\/wp-json\/wp\/v2\/product_brand?post=440"},{"taxonomy":"product_cat","embeddable":true,"href":"https:\/\/www.davidbestintools.com\/fr\/wp-json\/wp\/v2\/product_cat?post=440"},{"taxonomy":"product_tag","embeddable":true,"href":"https:\/\/www.davidbestintools.com\/fr\/wp-json\/wp\/v2\/product_tag?post=440"}],"curies":[{"name":"wp","href":"https:\/\/api.w.org\/{rel}","templated":true}]}}