{"id":421,"date":"2024-10-28T15:15:44","date_gmt":"2024-10-28T15:15:44","guid":{"rendered":"https:\/\/www.davidbestintools.com\/?post_type=product&#038;p=421"},"modified":"2024-11-18T12:55:04","modified_gmt":"2024-11-18T12:55:04","slug":"lames-pour-rabot-david","status":"publish","type":"product","link":"https:\/\/www.davidbestintools.com\/fr\/product\/lames-pour-rabot-david\/","title":{"rendered":"Lames pour rabot David"},"content":{"rendered":"","protected":false},"excerpt":{"rendered":"<p>Ces lames de remplacement sont sp\u00e9cialement con\u00e7ues pour le rabot DAVID, offrant une long\u00e9vit\u00e9 et une pr\u00e9cision exceptionnelles. Fabriqu\u00e9es en acier inoxydable, les lames sont \u00e0 coupe double, ce qui les rend \u00e0 la fois efficaces et durables. Elles sont faciles \u00e0 remplacer, vous permettant de maintenir votre rabot DAVID en parfait \u00e9tat de fonctionnement.<\/p>\n<p><strong>Caract\u00e9ristiques :<br \/>\n<\/strong> \u2022 Lames en acier inoxydable pour une durabilit\u00e9 optimale<br \/>\n\u2022 Coupe double pour une utilisation prolong\u00e9e et des r\u00e9sultats nets<br \/>\n\u2022 Sp\u00e9cialement con\u00e7ues comme lames de remplacement pour le rabot DAVID<\/p>\n<p><strong>Avertissement :<\/strong><br \/>\nLes lames sont extr\u00eamement tranchantes ! Utilisez ce produit avec pr\u00e9caution. Portez toujours des lunettes de s\u00e9curit\u00e9 pendant l&rsquo;utilisation. Utilisez la lame avec un seul segment d\u00e9ploy\u00e9 et cassez-la au niveau de la ligne de coupe. Jetez les lames usag\u00e9es avec soin et gardez-les hors de port\u00e9e des enfants.<\/p>\n<p>ART. 647157<br \/>\nEAN: 8711684715761<\/p>\n","protected":false},"featured_media":623,"comment_status":"closed","ping_status":"closed","template":"","meta":{"inline_featured_image":false},"product_brand":[],"product_cat":[],"product_tag":[],"class_list":{"0":"post-421","1":"product","2":"type-product","3":"status-publish","4":"has-post-thumbnail","7":"first","8":"instock","9":"shipping-taxable","10":"purchasable","11":"product-type-simple"},"yoast_head":"<!-- This site is optimized with the Yoast SEO plugin v27.5 - https:\/\/yoast.com\/product\/yoast-seo-wordpress\/ -->\n<title>Lames pour rabot David - David best in tools<\/title>\n<meta name=\"robots\" content=\"index, follow, max-snippet:-1, max-image-preview:large, max-video-preview:-1\" \/>\n<link rel=\"canonical\" href=\"https:\/\/www.davidbestintools.com\/fr\/product\/lames-pour-rabot-david\/\" \/>\n<meta property=\"og:locale\" content=\"fr_FR\" \/>\n<meta property=\"og:type\" content=\"article\" \/>\n<meta property=\"og:title\" content=\"Lames pour rabot David - David best in tools\" \/>\n<meta property=\"og:description\" content=\"Ces lames de remplacement sont sp\u00e9cialement con\u00e7ues pour le rabot DAVID, offrant une long\u00e9vit\u00e9 et une pr\u00e9cision exceptionnelles. Fabriqu\u00e9es en acier inoxydable, les lames sont \u00e0 coupe double, ce qui les rend \u00e0 la fois efficaces et durables. Elles sont faciles \u00e0 remplacer, vous permettant de maintenir votre rabot DAVID en parfait \u00e9tat de fonctionnement.  Caract\u00e9ristiques :  \u2022 Lames en acier inoxydable pour une durabilit\u00e9 optimale \u2022 Coupe double pour une utilisation prolong\u00e9e et des r\u00e9sultats nets \u2022 Sp\u00e9cialement con\u00e7ues comme lames de remplacement pour le rabot DAVID  Avertissement : Les lames sont extr\u00eamement tranchantes ! Utilisez ce produit avec pr\u00e9caution. Portez toujours des lunettes de s\u00e9curit\u00e9 pendant l&#039;utilisation. Utilisez la lame avec un seul segment d\u00e9ploy\u00e9 et cassez-la au niveau de la ligne de coupe. Jetez les lames usag\u00e9es avec soin et gardez-les hors de port\u00e9e des enfants.  ART. 647157 EAN: 8711684715761\" \/>\n<meta property=\"og:url\" content=\"https:\/\/www.davidbestintools.com\/fr\/product\/lames-pour-rabot-david\/\" \/>\n<meta property=\"og:site_name\" content=\"David best in tools\" \/>\n<meta property=\"article:modified_time\" content=\"2024-11-18T12:55:04+00:00\" \/>\n<meta property=\"og:image\" content=\"https:\/\/www.davidbestintools.com\/wp-content\/uploads\/647157_beitelmesjes_los.png\" \/>\n\t<meta property=\"og:image:width\" content=\"1000\" \/>\n\t<meta property=\"og:image:height\" content=\"667\" \/>\n\t<meta property=\"og:image:type\" content=\"image\/png\" \/>\n<meta name=\"twitter:card\" content=\"summary_large_image\" \/>\n<meta name=\"twitter:label1\" content=\"Dur\u00e9e de lecture estim\u00e9e\" \/>\n\t<meta name=\"twitter:data1\" content=\"1 minute\" \/>\n<script type=\"application\/ld+json\" class=\"yoast-schema-graph\">{\"@context\":\"https:\\\/\\\/schema.org\",\"@graph\":[{\"@type\":\"WebPage\",\"@id\":\"https:\\\/\\\/www.davidbestintools.com\\\/fr\\\/product\\\/lames-pour-rabot-david\\\/\",\"url\":\"https:\\\/\\\/www.davidbestintools.com\\\/fr\\\/product\\\/lames-pour-rabot-david\\\/\",\"name\":\"Lames pour rabot David - David best in tools\",\"isPartOf\":{\"@id\":\"https:\\\/\\\/www.davidbestintools.com\\\/#website\"},\"primaryImageOfPage\":{\"@id\":\"https:\\\/\\\/www.davidbestintools.com\\\/fr\\\/product\\\/lames-pour-rabot-david\\\/#primaryimage\"},\"image\":{\"@id\":\"https:\\\/\\\/www.davidbestintools.com\\\/fr\\\/product\\\/lames-pour-rabot-david\\\/#primaryimage\"},\"thumbnailUrl\":\"https:\\\/\\\/www.davidbestintools.com\\\/wp-content\\\/uploads\\\/beitelmesjes-los-2.webp\",\"datePublished\":\"2024-10-28T15:15:44+00:00\",\"dateModified\":\"2024-11-18T12:55:04+00:00\",\"breadcrumb\":{\"@id\":\"https:\\\/\\\/www.davidbestintools.com\\\/fr\\\/product\\\/lames-pour-rabot-david\\\/#breadcrumb\"},\"inLanguage\":\"fr-FR\",\"potentialAction\":[{\"@type\":\"ReadAction\",\"target\":[\"https:\\\/\\\/www.davidbestintools.com\\\/fr\\\/product\\\/lames-pour-rabot-david\\\/\"]}]},{\"@type\":\"ImageObject\",\"inLanguage\":\"fr-FR\",\"@id\":\"https:\\\/\\\/www.davidbestintools.com\\\/fr\\\/product\\\/lames-pour-rabot-david\\\/#primaryimage\",\"url\":\"https:\\\/\\\/www.davidbestintools.com\\\/wp-content\\\/uploads\\\/beitelmesjes-los-2.webp\",\"contentUrl\":\"https:\\\/\\\/www.davidbestintools.com\\\/wp-content\\\/uploads\\\/beitelmesjes-los-2.webp\",\"width\":1000,\"height\":1000},{\"@type\":\"BreadcrumbList\",\"@id\":\"https:\\\/\\\/www.davidbestintools.com\\\/fr\\\/product\\\/lames-pour-rabot-david\\\/#breadcrumb\",\"itemListElement\":[{\"@type\":\"ListItem\",\"position\":1,\"name\":\"Home\",\"item\":\"https:\\\/\\\/www.davidbestintools.com\\\/fr\\\/\"},{\"@type\":\"ListItem\",\"position\":2,\"name\":\"Boutique\",\"item\":\"https:\\\/\\\/www.davidbestintools.com\\\/fr\\\/boutique\\\/\"},{\"@type\":\"ListItem\",\"position\":3,\"name\":\"Lames pour rabot David\"}]},{\"@type\":\"WebSite\",\"@id\":\"https:\\\/\\\/www.davidbestintools.com\\\/#website\",\"url\":\"https:\\\/\\\/www.davidbestintools.com\\\/\",\"name\":\"David best in tools\",\"description\":\"\",\"potentialAction\":[{\"@type\":\"SearchAction\",\"target\":{\"@type\":\"EntryPoint\",\"urlTemplate\":\"https:\\\/\\\/www.davidbestintools.com\\\/?s={search_term_string}\"},\"query-input\":{\"@type\":\"PropertyValueSpecification\",\"valueRequired\":true,\"valueName\":\"search_term_string\"}}],\"inLanguage\":\"fr-FR\"}]}<\/script>\n<!-- \/ Yoast SEO plugin. -->","yoast_head_json":{"title":"Lames pour rabot David - David best in tools","robots":{"index":"index","follow":"follow","max-snippet":"max-snippet:-1","max-image-preview":"max-image-preview:large","max-video-preview":"max-video-preview:-1"},"canonical":"https:\/\/www.davidbestintools.com\/fr\/product\/lames-pour-rabot-david\/","og_locale":"fr_FR","og_type":"article","og_title":"Lames pour rabot David - David best in tools","og_description":"Ces lames de remplacement sont sp\u00e9cialement con\u00e7ues pour le rabot DAVID, offrant une long\u00e9vit\u00e9 et une pr\u00e9cision exceptionnelles. Fabriqu\u00e9es en acier inoxydable, les lames sont \u00e0 coupe double, ce qui les rend \u00e0 la fois efficaces et durables. Elles sont faciles \u00e0 remplacer, vous permettant de maintenir votre rabot DAVID en parfait \u00e9tat de fonctionnement.  Caract\u00e9ristiques :  \u2022 Lames en acier inoxydable pour une durabilit\u00e9 optimale \u2022 Coupe double pour une utilisation prolong\u00e9e et des r\u00e9sultats nets \u2022 Sp\u00e9cialement con\u00e7ues comme lames de remplacement pour le rabot DAVID  Avertissement : Les lames sont extr\u00eamement tranchantes ! Utilisez ce produit avec pr\u00e9caution. Portez toujours des lunettes de s\u00e9curit\u00e9 pendant l'utilisation. Utilisez la lame avec un seul segment d\u00e9ploy\u00e9 et cassez-la au niveau de la ligne de coupe. Jetez les lames usag\u00e9es avec soin et gardez-les hors de port\u00e9e des enfants.  ART. 647157 EAN: 8711684715761","og_url":"https:\/\/www.davidbestintools.com\/fr\/product\/lames-pour-rabot-david\/","og_site_name":"David best in tools","article_modified_time":"2024-11-18T12:55:04+00:00","og_image":[{"width":1000,"height":667,"url":"https:\/\/www.davidbestintools.com\/wp-content\/uploads\/647157_beitelmesjes_los.png","type":"image\/png"}],"twitter_card":"summary_large_image","twitter_misc":{"Dur\u00e9e de lecture estim\u00e9e":"1 minute"},"schema":{"@context":"https:\/\/schema.org","@graph":[{"@type":"WebPage","@id":"https:\/\/www.davidbestintools.com\/fr\/product\/lames-pour-rabot-david\/","url":"https:\/\/www.davidbestintools.com\/fr\/product\/lames-pour-rabot-david\/","name":"Lames pour rabot David - David best in tools","isPartOf":{"@id":"https:\/\/www.davidbestintools.com\/#website"},"primaryImageOfPage":{"@id":"https:\/\/www.davidbestintools.com\/fr\/product\/lames-pour-rabot-david\/#primaryimage"},"image":{"@id":"https:\/\/www.davidbestintools.com\/fr\/product\/lames-pour-rabot-david\/#primaryimage"},"thumbnailUrl":"https:\/\/www.davidbestintools.com\/wp-content\/uploads\/beitelmesjes-los-2.webp","datePublished":"2024-10-28T15:15:44+00:00","dateModified":"2024-11-18T12:55:04+00:00","breadcrumb":{"@id":"https:\/\/www.davidbestintools.com\/fr\/product\/lames-pour-rabot-david\/#breadcrumb"},"inLanguage":"fr-FR","potentialAction":[{"@type":"ReadAction","target":["https:\/\/www.davidbestintools.com\/fr\/product\/lames-pour-rabot-david\/"]}]},{"@type":"ImageObject","inLanguage":"fr-FR","@id":"https:\/\/www.davidbestintools.com\/fr\/product\/lames-pour-rabot-david\/#primaryimage","url":"https:\/\/www.davidbestintools.com\/wp-content\/uploads\/beitelmesjes-los-2.webp","contentUrl":"https:\/\/www.davidbestintools.com\/wp-content\/uploads\/beitelmesjes-los-2.webp","width":1000,"height":1000},{"@type":"BreadcrumbList","@id":"https:\/\/www.davidbestintools.com\/fr\/product\/lames-pour-rabot-david\/#breadcrumb","itemListElement":[{"@type":"ListItem","position":1,"name":"Home","item":"https:\/\/www.davidbestintools.com\/fr\/"},{"@type":"ListItem","position":2,"name":"Boutique","item":"https:\/\/www.davidbestintools.com\/fr\/boutique\/"},{"@type":"ListItem","position":3,"name":"Lames pour rabot David"}]},{"@type":"WebSite","@id":"https:\/\/www.davidbestintools.com\/#website","url":"https:\/\/www.davidbestintools.com\/","name":"David best in tools","description":"","potentialAction":[{"@type":"SearchAction","target":{"@type":"EntryPoint","urlTemplate":"https:\/\/www.davidbestintools.com\/?s={search_term_string}"},"query-input":{"@type":"PropertyValueSpecification","valueRequired":true,"valueName":"search_term_string"}}],"inLanguage":"fr-FR"}]}},"_links":{"self":[{"href":"https:\/\/www.davidbestintools.com\/fr\/wp-json\/wp\/v2\/product\/421","targetHints":{"allow":["GET"]}}],"collection":[{"href":"https:\/\/www.davidbestintools.com\/fr\/wp-json\/wp\/v2\/product"}],"about":[{"href":"https:\/\/www.davidbestintools.com\/fr\/wp-json\/wp\/v2\/types\/product"}],"replies":[{"embeddable":true,"href":"https:\/\/www.davidbestintools.com\/fr\/wp-json\/wp\/v2\/comments?post=421"}],"wp:featuredmedia":[{"embeddable":true,"href":"https:\/\/www.davidbestintools.com\/fr\/wp-json\/wp\/v2\/media\/623"}],"wp:attachment":[{"href":"https:\/\/www.davidbestintools.com\/fr\/wp-json\/wp\/v2\/media?parent=421"}],"wp:term":[{"taxonomy":"product_brand","embeddable":true,"href":"https:\/\/www.davidbestintools.com\/fr\/wp-json\/wp\/v2\/product_brand?post=421"},{"taxonomy":"product_cat","embeddable":true,"href":"https:\/\/www.davidbestintools.com\/fr\/wp-json\/wp\/v2\/product_cat?post=421"},{"taxonomy":"product_tag","embeddable":true,"href":"https:\/\/www.davidbestintools.com\/fr\/wp-json\/wp\/v2\/product_tag?post=421"}],"curies":[{"name":"wp","href":"https:\/\/api.w.org\/{rel}","templated":true}]}}