{"id":420,"date":"2024-10-28T15:05:52","date_gmt":"2024-10-28T15:05:52","guid":{"rendered":"https:\/\/www.davidbestintools.com\/?post_type=product&#038;p=420"},"modified":"2024-11-18T12:47:46","modified_gmt":"2024-11-18T12:47:46","slug":"david-set-edition-limitee","status":"publish","type":"product","link":"https:\/\/www.davidbestintools.com\/fr\/product\/david-set-edition-limitee\/","title":{"rendered":"David Set \u00c9dition LIMIT\u00c9E"},"content":{"rendered":"","protected":false},"excerpt":{"rendered":"<p>Le set DAVID combi rabot \u00c9dition LIMIT\u00c9E est un ensemble complet et de haute qualit\u00e9 que chaque professionnel et amateur appr\u00e9ciera. Ce set est livr\u00e9 dans une mallette solide avec deux sets de 10 lames de rechange, une vis de montage et une plaque de pression de rechange, vous permettant d&rsquo;\u00eatre toujours pr\u00eat pour chaque projet. Le rabot DAVID lui-m\u00eame dispose d&rsquo;une lame de ciseau \u00e0 coupe double, id\u00e9ale pour raboter, gratter, perforer et couper avec pr\u00e9cision. Cet outil polyvalent est adapt\u00e9 pour travailler divers mat\u00e9riaux tels que le bois, le plastique, le cuir, les panneaux et le caoutchouc.<\/p>\n<p><strong>Caract\u00e9ristiques :<\/strong> \u2022 Set \u00c9dition Limit\u00e9e dans une mallette de luxe avec accessoires suppl\u00e9mentaires<br \/>\n\u2022 Rabot multifonction et polyvalent pour diverses applications<br \/>\n\u2022 R\u00e9sultats toujours nets gr\u00e2ce \u00e0 la lame de ciseau \u00e0 coupe double<br \/>\n\u2022 Inclus 2 x 10 lames de rechange pour une utilisation prolong\u00e9e<br \/>\n\u2022 Pi\u00e8ces facilement rempla\u00e7ables pour un entretien optimal et une longue dur\u00e9e de vie<\/p>\n<p><strong>Avertissement :<\/strong><br \/>\nLes lames sont extr\u00eamement tranchantes ! Utilisez ce produit avec pr\u00e9caution. Portez toujours des lunettes de s\u00e9curit\u00e9 pendant l&rsquo;utilisation. Utilisez la lame avec un seul segment d\u00e9ploy\u00e9 et cassez-la au niveau de la ligne de coupe. Jetez les lames usag\u00e9es avec soin et gardez-les hors de port\u00e9e des enfants.<\/p>\n<p>ART. 647105<br \/>\nEAN: 8715629178826<\/p>\n","protected":false},"featured_media":618,"comment_status":"closed","ping_status":"closed","template":"","meta":{"inline_featured_image":false},"product_brand":[],"product_cat":[],"product_tag":[],"class_list":{"0":"post-420","1":"product","2":"type-product","3":"status-publish","4":"has-post-thumbnail","7":"first","8":"instock","9":"shipping-taxable","10":"purchasable","11":"product-type-simple"},"yoast_head":"<!-- This site is optimized with the Yoast SEO plugin v27.5 - https:\/\/yoast.com\/product\/yoast-seo-wordpress\/ -->\n<title>David Set \u00c9dition LIMIT\u00c9E - David best in tools<\/title>\n<meta name=\"robots\" content=\"index, follow, max-snippet:-1, max-image-preview:large, max-video-preview:-1\" \/>\n<link rel=\"canonical\" href=\"https:\/\/www.davidbestintools.com\/fr\/product\/david-set-edition-limitee\/\" \/>\n<meta property=\"og:locale\" content=\"fr_FR\" \/>\n<meta property=\"og:type\" content=\"article\" \/>\n<meta property=\"og:title\" content=\"David Set \u00c9dition LIMIT\u00c9E - David best in tools\" \/>\n<meta property=\"og:description\" content=\"Le set DAVID combi rabot \u00c9dition LIMIT\u00c9E est un ensemble complet et de haute qualit\u00e9 que chaque professionnel et amateur appr\u00e9ciera. Ce set est livr\u00e9 dans une mallette solide avec deux sets de 10 lames de rechange, une vis de montage et une plaque de pression de rechange, vous permettant d&#039;\u00eatre toujours pr\u00eat pour chaque projet. Le rabot DAVID lui-m\u00eame dispose d&#039;une lame de ciseau \u00e0 coupe double, id\u00e9ale pour raboter, gratter, perforer et couper avec pr\u00e9cision. Cet outil polyvalent est adapt\u00e9 pour travailler divers mat\u00e9riaux tels que le bois, le plastique, le cuir, les panneaux et le caoutchouc.  Caract\u00e9ristiques : \u2022 Set \u00c9dition Limit\u00e9e dans une mallette de luxe avec accessoires suppl\u00e9mentaires \u2022 Rabot multifonction et polyvalent pour diverses applications \u2022 R\u00e9sultats toujours nets gr\u00e2ce \u00e0 la lame de ciseau \u00e0 coupe double \u2022 Inclus 2 x 10 lames de rechange pour une utilisation prolong\u00e9e \u2022 Pi\u00e8ces facilement rempla\u00e7ables pour un entretien optimal et une longue dur\u00e9e de vie  Avertissement : Les lames sont extr\u00eamement tranchantes ! Utilisez ce produit avec pr\u00e9caution. Portez toujours des lunettes de s\u00e9curit\u00e9 pendant l&#039;utilisation. Utilisez la lame avec un seul segment d\u00e9ploy\u00e9 et cassez-la au niveau de la ligne de coupe. Jetez les lames usag\u00e9es avec soin et gardez-les hors de port\u00e9e des enfants.  ART. 647105 EAN: 8715629178826\" \/>\n<meta property=\"og:url\" content=\"https:\/\/www.davidbestintools.com\/fr\/product\/david-set-edition-limitee\/\" \/>\n<meta property=\"og:site_name\" content=\"David best in tools\" \/>\n<meta property=\"article:modified_time\" content=\"2024-11-18T12:47:46+00:00\" \/>\n<meta property=\"og:image\" content=\"https:\/\/www.davidbestintools.com\/wp-content\/uploads\/647105_david_LE_set-1.png\" \/>\n\t<meta property=\"og:image:width\" content=\"1000\" \/>\n\t<meta property=\"og:image:height\" content=\"667\" \/>\n\t<meta property=\"og:image:type\" content=\"image\/png\" \/>\n<meta name=\"twitter:card\" content=\"summary_large_image\" \/>\n<meta name=\"twitter:label1\" content=\"Dur\u00e9e de lecture estim\u00e9e\" \/>\n\t<meta name=\"twitter:data1\" content=\"1 minute\" \/>\n<script type=\"application\/ld+json\" class=\"yoast-schema-graph\">{\"@context\":\"https:\\\/\\\/schema.org\",\"@graph\":[{\"@type\":\"WebPage\",\"@id\":\"https:\\\/\\\/www.davidbestintools.com\\\/fr\\\/product\\\/david-set-edition-limitee\\\/\",\"url\":\"https:\\\/\\\/www.davidbestintools.com\\\/fr\\\/product\\\/david-set-edition-limitee\\\/\",\"name\":\"David Set \u00c9dition LIMIT\u00c9E - David best in tools\",\"isPartOf\":{\"@id\":\"https:\\\/\\\/www.davidbestintools.com\\\/#website\"},\"primaryImageOfPage\":{\"@id\":\"https:\\\/\\\/www.davidbestintools.com\\\/fr\\\/product\\\/david-set-edition-limitee\\\/#primaryimage\"},\"image\":{\"@id\":\"https:\\\/\\\/www.davidbestintools.com\\\/fr\\\/product\\\/david-set-edition-limitee\\\/#primaryimage\"},\"thumbnailUrl\":\"https:\\\/\\\/www.davidbestintools.com\\\/wp-content\\\/uploads\\\/david-set-limited-edition-2.webp\",\"datePublished\":\"2024-10-28T15:05:52+00:00\",\"dateModified\":\"2024-11-18T12:47:46+00:00\",\"breadcrumb\":{\"@id\":\"https:\\\/\\\/www.davidbestintools.com\\\/fr\\\/product\\\/david-set-edition-limitee\\\/#breadcrumb\"},\"inLanguage\":\"fr-FR\",\"potentialAction\":[{\"@type\":\"ReadAction\",\"target\":[\"https:\\\/\\\/www.davidbestintools.com\\\/fr\\\/product\\\/david-set-edition-limitee\\\/\"]}]},{\"@type\":\"ImageObject\",\"inLanguage\":\"fr-FR\",\"@id\":\"https:\\\/\\\/www.davidbestintools.com\\\/fr\\\/product\\\/david-set-edition-limitee\\\/#primaryimage\",\"url\":\"https:\\\/\\\/www.davidbestintools.com\\\/wp-content\\\/uploads\\\/david-set-limited-edition-2.webp\",\"contentUrl\":\"https:\\\/\\\/www.davidbestintools.com\\\/wp-content\\\/uploads\\\/david-set-limited-edition-2.webp\",\"width\":1000,\"height\":1000},{\"@type\":\"BreadcrumbList\",\"@id\":\"https:\\\/\\\/www.davidbestintools.com\\\/fr\\\/product\\\/david-set-edition-limitee\\\/#breadcrumb\",\"itemListElement\":[{\"@type\":\"ListItem\",\"position\":1,\"name\":\"Home\",\"item\":\"https:\\\/\\\/www.davidbestintools.com\\\/fr\\\/\"},{\"@type\":\"ListItem\",\"position\":2,\"name\":\"Boutique\",\"item\":\"https:\\\/\\\/www.davidbestintools.com\\\/fr\\\/boutique\\\/\"},{\"@type\":\"ListItem\",\"position\":3,\"name\":\"David Set \u00c9dition LIMIT\u00c9E\"}]},{\"@type\":\"WebSite\",\"@id\":\"https:\\\/\\\/www.davidbestintools.com\\\/#website\",\"url\":\"https:\\\/\\\/www.davidbestintools.com\\\/\",\"name\":\"David best in tools\",\"description\":\"\",\"potentialAction\":[{\"@type\":\"SearchAction\",\"target\":{\"@type\":\"EntryPoint\",\"urlTemplate\":\"https:\\\/\\\/www.davidbestintools.com\\\/?s={search_term_string}\"},\"query-input\":{\"@type\":\"PropertyValueSpecification\",\"valueRequired\":true,\"valueName\":\"search_term_string\"}}],\"inLanguage\":\"fr-FR\"}]}<\/script>\n<!-- \/ Yoast SEO plugin. -->","yoast_head_json":{"title":"David Set \u00c9dition LIMIT\u00c9E - David best in tools","robots":{"index":"index","follow":"follow","max-snippet":"max-snippet:-1","max-image-preview":"max-image-preview:large","max-video-preview":"max-video-preview:-1"},"canonical":"https:\/\/www.davidbestintools.com\/fr\/product\/david-set-edition-limitee\/","og_locale":"fr_FR","og_type":"article","og_title":"David Set \u00c9dition LIMIT\u00c9E - David best in tools","og_description":"Le set DAVID combi rabot \u00c9dition LIMIT\u00c9E est un ensemble complet et de haute qualit\u00e9 que chaque professionnel et amateur appr\u00e9ciera. Ce set est livr\u00e9 dans une mallette solide avec deux sets de 10 lames de rechange, une vis de montage et une plaque de pression de rechange, vous permettant d'\u00eatre toujours pr\u00eat pour chaque projet. Le rabot DAVID lui-m\u00eame dispose d'une lame de ciseau \u00e0 coupe double, id\u00e9ale pour raboter, gratter, perforer et couper avec pr\u00e9cision. Cet outil polyvalent est adapt\u00e9 pour travailler divers mat\u00e9riaux tels que le bois, le plastique, le cuir, les panneaux et le caoutchouc.  Caract\u00e9ristiques : \u2022 Set \u00c9dition Limit\u00e9e dans une mallette de luxe avec accessoires suppl\u00e9mentaires \u2022 Rabot multifonction et polyvalent pour diverses applications \u2022 R\u00e9sultats toujours nets gr\u00e2ce \u00e0 la lame de ciseau \u00e0 coupe double \u2022 Inclus 2 x 10 lames de rechange pour une utilisation prolong\u00e9e \u2022 Pi\u00e8ces facilement rempla\u00e7ables pour un entretien optimal et une longue dur\u00e9e de vie  Avertissement : Les lames sont extr\u00eamement tranchantes ! Utilisez ce produit avec pr\u00e9caution. Portez toujours des lunettes de s\u00e9curit\u00e9 pendant l'utilisation. Utilisez la lame avec un seul segment d\u00e9ploy\u00e9 et cassez-la au niveau de la ligne de coupe. Jetez les lames usag\u00e9es avec soin et gardez-les hors de port\u00e9e des enfants.  ART. 647105 EAN: 8715629178826","og_url":"https:\/\/www.davidbestintools.com\/fr\/product\/david-set-edition-limitee\/","og_site_name":"David best in tools","article_modified_time":"2024-11-18T12:47:46+00:00","og_image":[{"width":1000,"height":667,"url":"https:\/\/www.davidbestintools.com\/wp-content\/uploads\/647105_david_LE_set-1.png","type":"image\/png"}],"twitter_card":"summary_large_image","twitter_misc":{"Dur\u00e9e de lecture estim\u00e9e":"1 minute"},"schema":{"@context":"https:\/\/schema.org","@graph":[{"@type":"WebPage","@id":"https:\/\/www.davidbestintools.com\/fr\/product\/david-set-edition-limitee\/","url":"https:\/\/www.davidbestintools.com\/fr\/product\/david-set-edition-limitee\/","name":"David Set \u00c9dition LIMIT\u00c9E - David best in tools","isPartOf":{"@id":"https:\/\/www.davidbestintools.com\/#website"},"primaryImageOfPage":{"@id":"https:\/\/www.davidbestintools.com\/fr\/product\/david-set-edition-limitee\/#primaryimage"},"image":{"@id":"https:\/\/www.davidbestintools.com\/fr\/product\/david-set-edition-limitee\/#primaryimage"},"thumbnailUrl":"https:\/\/www.davidbestintools.com\/wp-content\/uploads\/david-set-limited-edition-2.webp","datePublished":"2024-10-28T15:05:52+00:00","dateModified":"2024-11-18T12:47:46+00:00","breadcrumb":{"@id":"https:\/\/www.davidbestintools.com\/fr\/product\/david-set-edition-limitee\/#breadcrumb"},"inLanguage":"fr-FR","potentialAction":[{"@type":"ReadAction","target":["https:\/\/www.davidbestintools.com\/fr\/product\/david-set-edition-limitee\/"]}]},{"@type":"ImageObject","inLanguage":"fr-FR","@id":"https:\/\/www.davidbestintools.com\/fr\/product\/david-set-edition-limitee\/#primaryimage","url":"https:\/\/www.davidbestintools.com\/wp-content\/uploads\/david-set-limited-edition-2.webp","contentUrl":"https:\/\/www.davidbestintools.com\/wp-content\/uploads\/david-set-limited-edition-2.webp","width":1000,"height":1000},{"@type":"BreadcrumbList","@id":"https:\/\/www.davidbestintools.com\/fr\/product\/david-set-edition-limitee\/#breadcrumb","itemListElement":[{"@type":"ListItem","position":1,"name":"Home","item":"https:\/\/www.davidbestintools.com\/fr\/"},{"@type":"ListItem","position":2,"name":"Boutique","item":"https:\/\/www.davidbestintools.com\/fr\/boutique\/"},{"@type":"ListItem","position":3,"name":"David Set \u00c9dition LIMIT\u00c9E"}]},{"@type":"WebSite","@id":"https:\/\/www.davidbestintools.com\/#website","url":"https:\/\/www.davidbestintools.com\/","name":"David best in tools","description":"","potentialAction":[{"@type":"SearchAction","target":{"@type":"EntryPoint","urlTemplate":"https:\/\/www.davidbestintools.com\/?s={search_term_string}"},"query-input":{"@type":"PropertyValueSpecification","valueRequired":true,"valueName":"search_term_string"}}],"inLanguage":"fr-FR"}]}},"_links":{"self":[{"href":"https:\/\/www.davidbestintools.com\/fr\/wp-json\/wp\/v2\/product\/420","targetHints":{"allow":["GET"]}}],"collection":[{"href":"https:\/\/www.davidbestintools.com\/fr\/wp-json\/wp\/v2\/product"}],"about":[{"href":"https:\/\/www.davidbestintools.com\/fr\/wp-json\/wp\/v2\/types\/product"}],"replies":[{"embeddable":true,"href":"https:\/\/www.davidbestintools.com\/fr\/wp-json\/wp\/v2\/comments?post=420"}],"wp:featuredmedia":[{"embeddable":true,"href":"https:\/\/www.davidbestintools.com\/fr\/wp-json\/wp\/v2\/media\/618"}],"wp:attachment":[{"href":"https:\/\/www.davidbestintools.com\/fr\/wp-json\/wp\/v2\/media?parent=420"}],"wp:term":[{"taxonomy":"product_brand","embeddable":true,"href":"https:\/\/www.davidbestintools.com\/fr\/wp-json\/wp\/v2\/product_brand?post=420"},{"taxonomy":"product_cat","embeddable":true,"href":"https:\/\/www.davidbestintools.com\/fr\/wp-json\/wp\/v2\/product_cat?post=420"},{"taxonomy":"product_tag","embeddable":true,"href":"https:\/\/www.davidbestintools.com\/fr\/wp-json\/wp\/v2\/product_tag?post=420"}],"curies":[{"name":"wp","href":"https:\/\/api.w.org\/{rel}","templated":true}]}}