{"id":419,"date":"2024-10-28T15:11:32","date_gmt":"2024-10-28T15:11:32","guid":{"rendered":"https:\/\/www.davidbestintools.com\/?post_type=product&#038;p=419"},"modified":"2024-11-18T12:46:40","modified_gmt":"2024-11-18T12:46:40","slug":"vis-plane-pour-lassemblage","status":"publish","type":"product","link":"https:\/\/www.davidbestintools.com\/fr\/product\/vis-plane-pour-lassemblage\/","title":{"rendered":"Vis plane pour l&rsquo;assemblage"},"content":{"rendered":"","protected":false},"excerpt":{"rendered":"<p>La vis de montage David est une vis \u00e0 ailettes robuste, sp\u00e9cialement con\u00e7ue pour fixer la plaque de pression sur le rabot David. Cette vis assure un maintien fiable des lames, garantissant ainsi un fonctionnement optimal et une utilisation s\u00e9curis\u00e9e de votre rabot. La vis est facile \u00e0 remplacer, ce qui permet un entretien simple de votre rabot.<\/p>\n<p><strong>Caract\u00e9ristiques :<\/strong><\/p>\n<p>\u2022 Vis \u00e0 ailettes pour un maintien s\u00e9curis\u00e9 et solide de la plaque de pression<br \/>\n\u2022 Sp\u00e9cialement con\u00e7ue pour le rabot David<br \/>\n\u2022 Facile \u00e0 remplacer pour un entretien pratique<\/p>\n<p>ART. 471043 EAN: &#8211;<\/p>\n","protected":false},"featured_media":345,"comment_status":"closed","ping_status":"closed","template":"","meta":{"inline_featured_image":false},"product_brand":[],"product_cat":[],"product_tag":[],"class_list":{"0":"post-419","1":"product","2":"type-product","3":"status-publish","4":"has-post-thumbnail","7":"first","8":"instock","9":"shipping-taxable","10":"purchasable","11":"product-type-simple"},"yoast_head":"<!-- This site is optimized with the Yoast SEO plugin v27.4 - https:\/\/yoast.com\/product\/yoast-seo-wordpress\/ -->\n<title>Vis plane pour l&#039;assemblage - David best in tools<\/title>\n<meta name=\"robots\" content=\"index, follow, max-snippet:-1, max-image-preview:large, max-video-preview:-1\" \/>\n<link rel=\"canonical\" href=\"https:\/\/www.davidbestintools.com\/fr\/product\/vis-plane-pour-lassemblage\/\" \/>\n<meta property=\"og:locale\" content=\"fr_FR\" \/>\n<meta property=\"og:type\" content=\"article\" \/>\n<meta property=\"og:title\" content=\"Vis plane pour l&#039;assemblage - David best in tools\" \/>\n<meta property=\"og:description\" content=\"La vis de montage David est une vis \u00e0 ailettes robuste, sp\u00e9cialement con\u00e7ue pour fixer la plaque de pression sur le rabot David. Cette vis assure un maintien fiable des lames, garantissant ainsi un fonctionnement optimal et une utilisation s\u00e9curis\u00e9e de votre rabot. La vis est facile \u00e0 remplacer, ce qui permet un entretien simple de votre rabot.  Caract\u00e9ristiques :  \u2022 Vis \u00e0 ailettes pour un maintien s\u00e9curis\u00e9 et solide de la plaque de pression \u2022 Sp\u00e9cialement con\u00e7ue pour le rabot David \u2022 Facile \u00e0 remplacer pour un entretien pratique  ART. 471043 EAN: -\" \/>\n<meta property=\"og:url\" content=\"https:\/\/www.davidbestintools.com\/fr\/product\/vis-plane-pour-lassemblage\/\" \/>\n<meta property=\"og:site_name\" content=\"David best in tools\" \/>\n<meta property=\"article:modified_time\" content=\"2024-11-18T12:46:40+00:00\" \/>\n<meta property=\"og:image\" content=\"https:\/\/www.davidbestintools.com\/wp-content\/uploads\/471044_471043_bovenzijde-1.png\" \/>\n\t<meta property=\"og:image:width\" content=\"1000\" \/>\n\t<meta property=\"og:image:height\" content=\"667\" \/>\n\t<meta property=\"og:image:type\" content=\"image\/png\" \/>\n<meta name=\"twitter:card\" content=\"summary_large_image\" \/>\n<meta name=\"twitter:label1\" content=\"Dur\u00e9e de lecture estim\u00e9e\" \/>\n\t<meta name=\"twitter:data1\" content=\"1 minute\" \/>\n<script type=\"application\/ld+json\" class=\"yoast-schema-graph\">{\"@context\":\"https:\\\/\\\/schema.org\",\"@graph\":[{\"@type\":\"WebPage\",\"@id\":\"https:\\\/\\\/www.davidbestintools.com\\\/fr\\\/product\\\/vis-plane-pour-lassemblage\\\/\",\"url\":\"https:\\\/\\\/www.davidbestintools.com\\\/fr\\\/product\\\/vis-plane-pour-lassemblage\\\/\",\"name\":\"Vis plane pour l'assemblage - David best in tools\",\"isPartOf\":{\"@id\":\"https:\\\/\\\/www.davidbestintools.com\\\/#website\"},\"primaryImageOfPage\":{\"@id\":\"https:\\\/\\\/www.davidbestintools.com\\\/fr\\\/product\\\/vis-plane-pour-lassemblage\\\/#primaryimage\"},\"image\":{\"@id\":\"https:\\\/\\\/www.davidbestintools.com\\\/fr\\\/product\\\/vis-plane-pour-lassemblage\\\/#primaryimage\"},\"thumbnailUrl\":\"https:\\\/\\\/www.davidbestintools.com\\\/wp-content\\\/uploads\\\/471044_471043_bovenzijde-1.png\",\"datePublished\":\"2024-10-28T15:11:32+00:00\",\"dateModified\":\"2024-11-18T12:46:40+00:00\",\"breadcrumb\":{\"@id\":\"https:\\\/\\\/www.davidbestintools.com\\\/fr\\\/product\\\/vis-plane-pour-lassemblage\\\/#breadcrumb\"},\"inLanguage\":\"fr-FR\",\"potentialAction\":[{\"@type\":\"ReadAction\",\"target\":[\"https:\\\/\\\/www.davidbestintools.com\\\/fr\\\/product\\\/vis-plane-pour-lassemblage\\\/\"]}]},{\"@type\":\"ImageObject\",\"inLanguage\":\"fr-FR\",\"@id\":\"https:\\\/\\\/www.davidbestintools.com\\\/fr\\\/product\\\/vis-plane-pour-lassemblage\\\/#primaryimage\",\"url\":\"https:\\\/\\\/www.davidbestintools.com\\\/wp-content\\\/uploads\\\/471044_471043_bovenzijde-1.png\",\"contentUrl\":\"https:\\\/\\\/www.davidbestintools.com\\\/wp-content\\\/uploads\\\/471044_471043_bovenzijde-1.png\",\"width\":1000,\"height\":667},{\"@type\":\"BreadcrumbList\",\"@id\":\"https:\\\/\\\/www.davidbestintools.com\\\/fr\\\/product\\\/vis-plane-pour-lassemblage\\\/#breadcrumb\",\"itemListElement\":[{\"@type\":\"ListItem\",\"position\":1,\"name\":\"Home\",\"item\":\"https:\\\/\\\/www.davidbestintools.com\\\/fr\\\/\"},{\"@type\":\"ListItem\",\"position\":2,\"name\":\"Boutique\",\"item\":\"https:\\\/\\\/www.davidbestintools.com\\\/fr\\\/boutique\\\/\"},{\"@type\":\"ListItem\",\"position\":3,\"name\":\"Vis plane pour l&#8217;assemblage\"}]},{\"@type\":\"WebSite\",\"@id\":\"https:\\\/\\\/www.davidbestintools.com\\\/#website\",\"url\":\"https:\\\/\\\/www.davidbestintools.com\\\/\",\"name\":\"David best in tools\",\"description\":\"\",\"potentialAction\":[{\"@type\":\"SearchAction\",\"target\":{\"@type\":\"EntryPoint\",\"urlTemplate\":\"https:\\\/\\\/www.davidbestintools.com\\\/?s={search_term_string}\"},\"query-input\":{\"@type\":\"PropertyValueSpecification\",\"valueRequired\":true,\"valueName\":\"search_term_string\"}}],\"inLanguage\":\"fr-FR\"}]}<\/script>\n<!-- \/ Yoast SEO plugin. -->","yoast_head_json":{"title":"Vis plane pour l'assemblage - David best in tools","robots":{"index":"index","follow":"follow","max-snippet":"max-snippet:-1","max-image-preview":"max-image-preview:large","max-video-preview":"max-video-preview:-1"},"canonical":"https:\/\/www.davidbestintools.com\/fr\/product\/vis-plane-pour-lassemblage\/","og_locale":"fr_FR","og_type":"article","og_title":"Vis plane pour l'assemblage - David best in tools","og_description":"La vis de montage David est une vis \u00e0 ailettes robuste, sp\u00e9cialement con\u00e7ue pour fixer la plaque de pression sur le rabot David. Cette vis assure un maintien fiable des lames, garantissant ainsi un fonctionnement optimal et une utilisation s\u00e9curis\u00e9e de votre rabot. La vis est facile \u00e0 remplacer, ce qui permet un entretien simple de votre rabot.  Caract\u00e9ristiques :  \u2022 Vis \u00e0 ailettes pour un maintien s\u00e9curis\u00e9 et solide de la plaque de pression \u2022 Sp\u00e9cialement con\u00e7ue pour le rabot David \u2022 Facile \u00e0 remplacer pour un entretien pratique  ART. 471043 EAN: -","og_url":"https:\/\/www.davidbestintools.com\/fr\/product\/vis-plane-pour-lassemblage\/","og_site_name":"David best in tools","article_modified_time":"2024-11-18T12:46:40+00:00","og_image":[{"width":1000,"height":667,"url":"https:\/\/www.davidbestintools.com\/wp-content\/uploads\/471044_471043_bovenzijde-1.png","type":"image\/png"}],"twitter_card":"summary_large_image","twitter_misc":{"Dur\u00e9e de lecture estim\u00e9e":"1 minute"},"schema":{"@context":"https:\/\/schema.org","@graph":[{"@type":"WebPage","@id":"https:\/\/www.davidbestintools.com\/fr\/product\/vis-plane-pour-lassemblage\/","url":"https:\/\/www.davidbestintools.com\/fr\/product\/vis-plane-pour-lassemblage\/","name":"Vis plane pour l'assemblage - David best in tools","isPartOf":{"@id":"https:\/\/www.davidbestintools.com\/#website"},"primaryImageOfPage":{"@id":"https:\/\/www.davidbestintools.com\/fr\/product\/vis-plane-pour-lassemblage\/#primaryimage"},"image":{"@id":"https:\/\/www.davidbestintools.com\/fr\/product\/vis-plane-pour-lassemblage\/#primaryimage"},"thumbnailUrl":"https:\/\/www.davidbestintools.com\/wp-content\/uploads\/471044_471043_bovenzijde-1.png","datePublished":"2024-10-28T15:11:32+00:00","dateModified":"2024-11-18T12:46:40+00:00","breadcrumb":{"@id":"https:\/\/www.davidbestintools.com\/fr\/product\/vis-plane-pour-lassemblage\/#breadcrumb"},"inLanguage":"fr-FR","potentialAction":[{"@type":"ReadAction","target":["https:\/\/www.davidbestintools.com\/fr\/product\/vis-plane-pour-lassemblage\/"]}]},{"@type":"ImageObject","inLanguage":"fr-FR","@id":"https:\/\/www.davidbestintools.com\/fr\/product\/vis-plane-pour-lassemblage\/#primaryimage","url":"https:\/\/www.davidbestintools.com\/wp-content\/uploads\/471044_471043_bovenzijde-1.png","contentUrl":"https:\/\/www.davidbestintools.com\/wp-content\/uploads\/471044_471043_bovenzijde-1.png","width":1000,"height":667},{"@type":"BreadcrumbList","@id":"https:\/\/www.davidbestintools.com\/fr\/product\/vis-plane-pour-lassemblage\/#breadcrumb","itemListElement":[{"@type":"ListItem","position":1,"name":"Home","item":"https:\/\/www.davidbestintools.com\/fr\/"},{"@type":"ListItem","position":2,"name":"Boutique","item":"https:\/\/www.davidbestintools.com\/fr\/boutique\/"},{"@type":"ListItem","position":3,"name":"Vis plane pour l&#8217;assemblage"}]},{"@type":"WebSite","@id":"https:\/\/www.davidbestintools.com\/#website","url":"https:\/\/www.davidbestintools.com\/","name":"David best in tools","description":"","potentialAction":[{"@type":"SearchAction","target":{"@type":"EntryPoint","urlTemplate":"https:\/\/www.davidbestintools.com\/?s={search_term_string}"},"query-input":{"@type":"PropertyValueSpecification","valueRequired":true,"valueName":"search_term_string"}}],"inLanguage":"fr-FR"}]}},"_links":{"self":[{"href":"https:\/\/www.davidbestintools.com\/fr\/wp-json\/wp\/v2\/product\/419","targetHints":{"allow":["GET"]}}],"collection":[{"href":"https:\/\/www.davidbestintools.com\/fr\/wp-json\/wp\/v2\/product"}],"about":[{"href":"https:\/\/www.davidbestintools.com\/fr\/wp-json\/wp\/v2\/types\/product"}],"replies":[{"embeddable":true,"href":"https:\/\/www.davidbestintools.com\/fr\/wp-json\/wp\/v2\/comments?post=419"}],"wp:featuredmedia":[{"embeddable":true,"href":"https:\/\/www.davidbestintools.com\/fr\/wp-json\/wp\/v2\/media\/345"}],"wp:attachment":[{"href":"https:\/\/www.davidbestintools.com\/fr\/wp-json\/wp\/v2\/media?parent=419"}],"wp:term":[{"taxonomy":"product_brand","embeddable":true,"href":"https:\/\/www.davidbestintools.com\/fr\/wp-json\/wp\/v2\/product_brand?post=419"},{"taxonomy":"product_cat","embeddable":true,"href":"https:\/\/www.davidbestintools.com\/fr\/wp-json\/wp\/v2\/product_cat?post=419"},{"taxonomy":"product_tag","embeddable":true,"href":"https:\/\/www.davidbestintools.com\/fr\/wp-json\/wp\/v2\/product_tag?post=419"}],"curies":[{"name":"wp","href":"https:\/\/api.w.org\/{rel}","templated":true}]}}