{"id":418,"date":"2024-10-29T10:23:54","date_gmt":"2024-10-29T10:23:54","guid":{"rendered":"https:\/\/www.davidbestintools.com\/?post_type=product&#038;p=418"},"modified":"2024-11-18T12:38:27","modified_gmt":"2024-11-18T12:38:27","slug":"david-lame-de-rechange-trapezium-06-mm-10-pieces","status":"publish","type":"product","link":"https:\/\/www.davidbestintools.com\/fr\/product\/david-lame-de-rechange-trapezium-06-mm-10-pieces\/","title":{"rendered":"David Lame de rechange Trapezium 0,6 mm (10 pi\u00e8ces)"},"content":{"rendered":"","protected":false},"excerpt":{"rendered":"<p>Les lames de rechange David Trapezium 0,6 mm sont compatibles avec le couteau David 648103 Alum Trapezium 0,6 mm SK2 ZB. Ces lames sont id\u00e9ales pour ceux qui ont besoin de r\u00e9aliser des d\u00e9coupes fines et pr\u00e9cises. Ce set de 10 lames de haute qualit\u00e9 vous assure d&rsquo;avoir toujours une lame tranchante et fiable \u00e0 port\u00e9e de main.<\/p>\n<p><strong>Caract\u00e9ristiques principales :<\/strong><\/p>\n<ul>\n<li><strong>Technologie SK2 :<\/strong> Gr\u00e2ce au traitement au laser, les bords de coupe sont durcis de 2 HRC, ce qui permet \u00e0 la lame de rester tranchante quatre fois plus longtemps, m\u00eame avec une utilisation intensive. Cela r\u00e9sulte en une lame durable.<\/li>\n<li><strong>Lame :<\/strong> Avec une \u00e9paisseur de seulement 0,6 mm, cette lame est id\u00e9ale pour des d\u00e9coupes fines et pr\u00e9cises.<\/li>\n<li><strong>R\u00e9sistance \u00e0 la rouille :<\/strong> Cette lame est r\u00e9sistante \u00e0 la rouille, ce qui prolonge sa dur\u00e9e de vie.<\/li>\n<\/ul>\n<p><strong>Avertissement:<br \/>\n<\/strong>Les lames sont extr\u00eamement tranchantes ! Utilisez ce produit avec pr\u00e9caution. R\u00e9tractez compl\u00e8tement la lame lorsqu&rsquo;elle n&rsquo;est pas utilis\u00e9e. Portez toujours des lunettes de s\u00e9curit\u00e9 pendant l&rsquo;utilisation. Utilisez la lame avec un seul segment d\u00e9ploy\u00e9 et cassez-la au niveau de la ligne de coupe. Jetez les lames usag\u00e9es avec soin et gardez-les hors de port\u00e9e des enfants.<\/p>\n<p>ART. 649103<br \/>\nEAN: 8715629178949<\/p>\n","protected":false},"featured_media":613,"comment_status":"closed","ping_status":"closed","template":"","meta":{"inline_featured_image":false},"product_brand":[],"product_cat":[],"product_tag":[],"class_list":{"0":"post-418","1":"product","2":"type-product","3":"status-publish","4":"has-post-thumbnail","7":"first","8":"instock","9":"shipping-taxable","10":"purchasable","11":"product-type-simple"},"yoast_head":"<!-- This site is optimized with the Yoast SEO plugin v27.4 - https:\/\/yoast.com\/product\/yoast-seo-wordpress\/ -->\n<title>David Lame de rechange Trapezium 0,6 mm (10 pi\u00e8ces) - David best in tools<\/title>\n<meta name=\"robots\" content=\"index, follow, max-snippet:-1, max-image-preview:large, max-video-preview:-1\" \/>\n<link rel=\"canonical\" href=\"https:\/\/www.davidbestintools.com\/fr\/product\/david-lame-de-rechange-trapezium-06-mm-10-pieces\/\" \/>\n<meta property=\"og:locale\" content=\"fr_FR\" \/>\n<meta property=\"og:type\" content=\"article\" \/>\n<meta property=\"og:title\" content=\"David Lame de rechange Trapezium 0,6 mm (10 pi\u00e8ces) - David best in tools\" \/>\n<meta property=\"og:description\" content=\"Les lames de rechange David Trapezium 0,6 mm sont compatibles avec le couteau David 648103 Alum Trapezium 0,6 mm SK2 ZB. Ces lames sont id\u00e9ales pour ceux qui ont besoin de r\u00e9aliser des d\u00e9coupes fines et pr\u00e9cises. Ce set de 10 lames de haute qualit\u00e9 vous assure d&#039;avoir toujours une lame tranchante et fiable \u00e0 port\u00e9e de main.  Caract\u00e9ristiques principales :   Technologie SK2 : Gr\u00e2ce au traitement au laser, les bords de coupe sont durcis de 2 HRC, ce qui permet \u00e0 la lame de rester tranchante quatre fois plus longtemps, m\u00eame avec une utilisation intensive. Cela r\u00e9sulte en une lame durable.  Lame : Avec une \u00e9paisseur de seulement 0,6 mm, cette lame est id\u00e9ale pour des d\u00e9coupes fines et pr\u00e9cises.  R\u00e9sistance \u00e0 la rouille : Cette lame est r\u00e9sistante \u00e0 la rouille, ce qui prolonge sa dur\u00e9e de vie.  Avertissement: Les lames sont extr\u00eamement tranchantes ! Utilisez ce produit avec pr\u00e9caution. R\u00e9tractez compl\u00e8tement la lame lorsqu&#039;elle n&#039;est pas utilis\u00e9e. Portez toujours des lunettes de s\u00e9curit\u00e9 pendant l&#039;utilisation. Utilisez la lame avec un seul segment d\u00e9ploy\u00e9 et cassez-la au niveau de la ligne de coupe. Jetez les lames usag\u00e9es avec soin et gardez-les hors de port\u00e9e des enfants.  ART. 649103 EAN: 8715629178949\" \/>\n<meta property=\"og:url\" content=\"https:\/\/www.davidbestintools.com\/fr\/product\/david-lame-de-rechange-trapezium-06-mm-10-pieces\/\" \/>\n<meta property=\"og:site_name\" content=\"David best in tools\" \/>\n<meta property=\"article:modified_time\" content=\"2024-11-18T12:38:27+00:00\" \/>\n<meta property=\"og:image\" content=\"https:\/\/www.davidbestintools.com\/wp-content\/uploads\/ART.-649103-David-reservemes-Trapezium-06-mm-10-stuks.jpg\" \/>\n\t<meta property=\"og:image:width\" content=\"472\" \/>\n\t<meta property=\"og:image:height\" content=\"708\" \/>\n\t<meta property=\"og:image:type\" content=\"image\/jpeg\" \/>\n<meta name=\"twitter:card\" content=\"summary_large_image\" \/>\n<meta name=\"twitter:label1\" content=\"Dur\u00e9e de lecture estim\u00e9e\" \/>\n\t<meta name=\"twitter:data1\" content=\"1 minute\" \/>\n<script type=\"application\/ld+json\" class=\"yoast-schema-graph\">{\"@context\":\"https:\\\/\\\/schema.org\",\"@graph\":[{\"@type\":\"WebPage\",\"@id\":\"https:\\\/\\\/www.davidbestintools.com\\\/fr\\\/product\\\/david-lame-de-rechange-trapezium-06-mm-10-pieces\\\/\",\"url\":\"https:\\\/\\\/www.davidbestintools.com\\\/fr\\\/product\\\/david-lame-de-rechange-trapezium-06-mm-10-pieces\\\/\",\"name\":\"David Lame de rechange Trapezium 0,6 mm (10 pi\u00e8ces) - David best in tools\",\"isPartOf\":{\"@id\":\"https:\\\/\\\/www.davidbestintools.com\\\/#website\"},\"primaryImageOfPage\":{\"@id\":\"https:\\\/\\\/www.davidbestintools.com\\\/fr\\\/product\\\/david-lame-de-rechange-trapezium-06-mm-10-pieces\\\/#primaryimage\"},\"image\":{\"@id\":\"https:\\\/\\\/www.davidbestintools.com\\\/fr\\\/product\\\/david-lame-de-rechange-trapezium-06-mm-10-pieces\\\/#primaryimage\"},\"thumbnailUrl\":\"https:\\\/\\\/www.davidbestintools.com\\\/wp-content\\\/uploads\\\/David-reservemes-Trapezium-06-mm-2.webp\",\"datePublished\":\"2024-10-29T10:23:54+00:00\",\"dateModified\":\"2024-11-18T12:38:27+00:00\",\"breadcrumb\":{\"@id\":\"https:\\\/\\\/www.davidbestintools.com\\\/fr\\\/product\\\/david-lame-de-rechange-trapezium-06-mm-10-pieces\\\/#breadcrumb\"},\"inLanguage\":\"fr-FR\",\"potentialAction\":[{\"@type\":\"ReadAction\",\"target\":[\"https:\\\/\\\/www.davidbestintools.com\\\/fr\\\/product\\\/david-lame-de-rechange-trapezium-06-mm-10-pieces\\\/\"]}]},{\"@type\":\"ImageObject\",\"inLanguage\":\"fr-FR\",\"@id\":\"https:\\\/\\\/www.davidbestintools.com\\\/fr\\\/product\\\/david-lame-de-rechange-trapezium-06-mm-10-pieces\\\/#primaryimage\",\"url\":\"https:\\\/\\\/www.davidbestintools.com\\\/wp-content\\\/uploads\\\/David-reservemes-Trapezium-06-mm-2.webp\",\"contentUrl\":\"https:\\\/\\\/www.davidbestintools.com\\\/wp-content\\\/uploads\\\/David-reservemes-Trapezium-06-mm-2.webp\",\"width\":1000,\"height\":1000},{\"@type\":\"BreadcrumbList\",\"@id\":\"https:\\\/\\\/www.davidbestintools.com\\\/fr\\\/product\\\/david-lame-de-rechange-trapezium-06-mm-10-pieces\\\/#breadcrumb\",\"itemListElement\":[{\"@type\":\"ListItem\",\"position\":1,\"name\":\"Home\",\"item\":\"https:\\\/\\\/www.davidbestintools.com\\\/fr\\\/\"},{\"@type\":\"ListItem\",\"position\":2,\"name\":\"Boutique\",\"item\":\"https:\\\/\\\/www.davidbestintools.com\\\/fr\\\/boutique\\\/\"},{\"@type\":\"ListItem\",\"position\":3,\"name\":\"David Lame de rechange Trapezium 0,6 mm (10 pi\u00e8ces)\"}]},{\"@type\":\"WebSite\",\"@id\":\"https:\\\/\\\/www.davidbestintools.com\\\/#website\",\"url\":\"https:\\\/\\\/www.davidbestintools.com\\\/\",\"name\":\"David best in tools\",\"description\":\"\",\"potentialAction\":[{\"@type\":\"SearchAction\",\"target\":{\"@type\":\"EntryPoint\",\"urlTemplate\":\"https:\\\/\\\/www.davidbestintools.com\\\/?s={search_term_string}\"},\"query-input\":{\"@type\":\"PropertyValueSpecification\",\"valueRequired\":true,\"valueName\":\"search_term_string\"}}],\"inLanguage\":\"fr-FR\"}]}<\/script>\n<!-- \/ Yoast SEO plugin. -->","yoast_head_json":{"title":"David Lame de rechange Trapezium 0,6 mm (10 pi\u00e8ces) - David best in tools","robots":{"index":"index","follow":"follow","max-snippet":"max-snippet:-1","max-image-preview":"max-image-preview:large","max-video-preview":"max-video-preview:-1"},"canonical":"https:\/\/www.davidbestintools.com\/fr\/product\/david-lame-de-rechange-trapezium-06-mm-10-pieces\/","og_locale":"fr_FR","og_type":"article","og_title":"David Lame de rechange Trapezium 0,6 mm (10 pi\u00e8ces) - David best in tools","og_description":"Les lames de rechange David Trapezium 0,6 mm sont compatibles avec le couteau David 648103 Alum Trapezium 0,6 mm SK2 ZB. Ces lames sont id\u00e9ales pour ceux qui ont besoin de r\u00e9aliser des d\u00e9coupes fines et pr\u00e9cises. Ce set de 10 lames de haute qualit\u00e9 vous assure d'avoir toujours une lame tranchante et fiable \u00e0 port\u00e9e de main.  Caract\u00e9ristiques principales :   Technologie SK2 : Gr\u00e2ce au traitement au laser, les bords de coupe sont durcis de 2 HRC, ce qui permet \u00e0 la lame de rester tranchante quatre fois plus longtemps, m\u00eame avec une utilisation intensive. Cela r\u00e9sulte en une lame durable.  Lame : Avec une \u00e9paisseur de seulement 0,6 mm, cette lame est id\u00e9ale pour des d\u00e9coupes fines et pr\u00e9cises.  R\u00e9sistance \u00e0 la rouille : Cette lame est r\u00e9sistante \u00e0 la rouille, ce qui prolonge sa dur\u00e9e de vie.  Avertissement: Les lames sont extr\u00eamement tranchantes ! Utilisez ce produit avec pr\u00e9caution. R\u00e9tractez compl\u00e8tement la lame lorsqu'elle n'est pas utilis\u00e9e. Portez toujours des lunettes de s\u00e9curit\u00e9 pendant l'utilisation. Utilisez la lame avec un seul segment d\u00e9ploy\u00e9 et cassez-la au niveau de la ligne de coupe. Jetez les lames usag\u00e9es avec soin et gardez-les hors de port\u00e9e des enfants.  ART. 649103 EAN: 8715629178949","og_url":"https:\/\/www.davidbestintools.com\/fr\/product\/david-lame-de-rechange-trapezium-06-mm-10-pieces\/","og_site_name":"David best in tools","article_modified_time":"2024-11-18T12:38:27+00:00","og_image":[{"width":472,"height":708,"url":"https:\/\/www.davidbestintools.com\/wp-content\/uploads\/ART.-649103-David-reservemes-Trapezium-06-mm-10-stuks.jpg","type":"image\/jpeg"}],"twitter_card":"summary_large_image","twitter_misc":{"Dur\u00e9e de lecture estim\u00e9e":"1 minute"},"schema":{"@context":"https:\/\/schema.org","@graph":[{"@type":"WebPage","@id":"https:\/\/www.davidbestintools.com\/fr\/product\/david-lame-de-rechange-trapezium-06-mm-10-pieces\/","url":"https:\/\/www.davidbestintools.com\/fr\/product\/david-lame-de-rechange-trapezium-06-mm-10-pieces\/","name":"David Lame de rechange Trapezium 0,6 mm (10 pi\u00e8ces) - David best in tools","isPartOf":{"@id":"https:\/\/www.davidbestintools.com\/#website"},"primaryImageOfPage":{"@id":"https:\/\/www.davidbestintools.com\/fr\/product\/david-lame-de-rechange-trapezium-06-mm-10-pieces\/#primaryimage"},"image":{"@id":"https:\/\/www.davidbestintools.com\/fr\/product\/david-lame-de-rechange-trapezium-06-mm-10-pieces\/#primaryimage"},"thumbnailUrl":"https:\/\/www.davidbestintools.com\/wp-content\/uploads\/David-reservemes-Trapezium-06-mm-2.webp","datePublished":"2024-10-29T10:23:54+00:00","dateModified":"2024-11-18T12:38:27+00:00","breadcrumb":{"@id":"https:\/\/www.davidbestintools.com\/fr\/product\/david-lame-de-rechange-trapezium-06-mm-10-pieces\/#breadcrumb"},"inLanguage":"fr-FR","potentialAction":[{"@type":"ReadAction","target":["https:\/\/www.davidbestintools.com\/fr\/product\/david-lame-de-rechange-trapezium-06-mm-10-pieces\/"]}]},{"@type":"ImageObject","inLanguage":"fr-FR","@id":"https:\/\/www.davidbestintools.com\/fr\/product\/david-lame-de-rechange-trapezium-06-mm-10-pieces\/#primaryimage","url":"https:\/\/www.davidbestintools.com\/wp-content\/uploads\/David-reservemes-Trapezium-06-mm-2.webp","contentUrl":"https:\/\/www.davidbestintools.com\/wp-content\/uploads\/David-reservemes-Trapezium-06-mm-2.webp","width":1000,"height":1000},{"@type":"BreadcrumbList","@id":"https:\/\/www.davidbestintools.com\/fr\/product\/david-lame-de-rechange-trapezium-06-mm-10-pieces\/#breadcrumb","itemListElement":[{"@type":"ListItem","position":1,"name":"Home","item":"https:\/\/www.davidbestintools.com\/fr\/"},{"@type":"ListItem","position":2,"name":"Boutique","item":"https:\/\/www.davidbestintools.com\/fr\/boutique\/"},{"@type":"ListItem","position":3,"name":"David Lame de rechange Trapezium 0,6 mm (10 pi\u00e8ces)"}]},{"@type":"WebSite","@id":"https:\/\/www.davidbestintools.com\/#website","url":"https:\/\/www.davidbestintools.com\/","name":"David best in tools","description":"","potentialAction":[{"@type":"SearchAction","target":{"@type":"EntryPoint","urlTemplate":"https:\/\/www.davidbestintools.com\/?s={search_term_string}"},"query-input":{"@type":"PropertyValueSpecification","valueRequired":true,"valueName":"search_term_string"}}],"inLanguage":"fr-FR"}]}},"_links":{"self":[{"href":"https:\/\/www.davidbestintools.com\/fr\/wp-json\/wp\/v2\/product\/418","targetHints":{"allow":["GET"]}}],"collection":[{"href":"https:\/\/www.davidbestintools.com\/fr\/wp-json\/wp\/v2\/product"}],"about":[{"href":"https:\/\/www.davidbestintools.com\/fr\/wp-json\/wp\/v2\/types\/product"}],"replies":[{"embeddable":true,"href":"https:\/\/www.davidbestintools.com\/fr\/wp-json\/wp\/v2\/comments?post=418"}],"wp:featuredmedia":[{"embeddable":true,"href":"https:\/\/www.davidbestintools.com\/fr\/wp-json\/wp\/v2\/media\/613"}],"wp:attachment":[{"href":"https:\/\/www.davidbestintools.com\/fr\/wp-json\/wp\/v2\/media?parent=418"}],"wp:term":[{"taxonomy":"product_brand","embeddable":true,"href":"https:\/\/www.davidbestintools.com\/fr\/wp-json\/wp\/v2\/product_brand?post=418"},{"taxonomy":"product_cat","embeddable":true,"href":"https:\/\/www.davidbestintools.com\/fr\/wp-json\/wp\/v2\/product_cat?post=418"},{"taxonomy":"product_tag","embeddable":true,"href":"https:\/\/www.davidbestintools.com\/fr\/wp-json\/wp\/v2\/product_tag?post=418"}],"curies":[{"name":"wp","href":"https:\/\/api.w.org\/{rel}","templated":true}]}}