{"id":414,"date":"2024-10-29T10:15:41","date_gmt":"2024-10-29T10:15:41","guid":{"rendered":"https:\/\/www.davidbestintools.com\/?post_type=product&#038;p=414"},"modified":"2024-11-18T11:56:48","modified_gmt":"2024-11-18T11:56:48","slug":"david-couteau-alum-trapezium-06-mm-sk2-zb","status":"publish","type":"product","link":"https:\/\/www.davidbestintools.com\/fr\/product\/david-couteau-alum-trapezium-06-mm-sk2-zb\/","title":{"rendered":"David couteau alum Trapezium 0,6 mm SK2 ZB"},"content":{"rendered":"","protected":false},"excerpt":{"rendered":"<p>Le David Couteau Alum Trapezium 0,6 mm SK2 ZB est un excellent outil pour ceux qui doivent effectuer des d\u00e9coupes pr\u00e9cises et fines. Ce couteau noir et bleu est livr\u00e9 avec une lame et quatre lames suppl\u00e9mentaires, afin que vous ayez toujours une lame de rechange \u00e0 port\u00e9e de main.<\/p>\n<p><strong>Caract\u00e9ristiques :<\/strong><\/p>\n<ul>\n<li><strong>Technologie SK2 :<\/strong> Gr\u00e2ce au traitement au laser, les bords de coupe sont 2 HRC plus durs. Cela signifie que la lame reste tranchante 4 fois plus longtemps, m\u00eame avec une utilisation intensive. Cela r\u00e9sulte en un couteau durable.<\/li>\n<li><strong>Lame :<\/strong> Avec une \u00e9paisseur de seulement 0,6 mm, ce couteau est id\u00e9al pour des d\u00e9coupes fines et pr\u00e9cises.<\/li>\n<li><strong>R\u00e9sistant \u00e0 la rouille :<\/strong> Ce couteau est r\u00e9sistant \u00e0 la rouille, ce qui contribue \u00e0 une plus longue dur\u00e9e de vie.<\/li>\n<\/ul>\n<p><strong>Avertissement :<\/strong> Les lames sont tr\u00e8s tranchantes ! Utilisez ce produit avec pr\u00e9caution. Resserrez la lame compl\u00e8tement lorsqu&rsquo;elle n&rsquo;est pas utilis\u00e9e. Portez toujours des lunettes de s\u00e9curit\u00e9 pendant l&rsquo;utilisation. Utilisez un seul segment de la lame \u00e0 la fois et cassez la lame au niveau de la ligne de coupe. Jetez les lames usag\u00e9es avec soin et gardez-les hors de port\u00e9e des enfants.<\/p>\n<p>ART. 648103<br \/>\nEAN: 8715629178918<\/p>\n","protected":false},"featured_media":593,"comment_status":"closed","ping_status":"closed","template":"","meta":{"inline_featured_image":false},"product_brand":[],"product_cat":[],"product_tag":[],"class_list":{"0":"post-414","1":"product","2":"type-product","3":"status-publish","4":"has-post-thumbnail","7":"first","8":"instock","9":"shipping-taxable","10":"purchasable","11":"product-type-simple"},"yoast_head":"<!-- This site is optimized with the Yoast SEO plugin v27.5 - https:\/\/yoast.com\/product\/yoast-seo-wordpress\/ -->\n<title>David couteau alum Trapezium 0,6 mm SK2 ZB - David best in tools<\/title>\n<meta name=\"robots\" content=\"index, follow, max-snippet:-1, max-image-preview:large, max-video-preview:-1\" \/>\n<link rel=\"canonical\" href=\"https:\/\/www.davidbestintools.com\/fr\/product\/david-couteau-alum-trapezium-06-mm-sk2-zb\/\" \/>\n<meta property=\"og:locale\" content=\"fr_FR\" \/>\n<meta property=\"og:type\" content=\"article\" \/>\n<meta property=\"og:title\" content=\"David couteau alum Trapezium 0,6 mm SK2 ZB - David best in tools\" \/>\n<meta property=\"og:description\" content=\"Le David Couteau Alum Trapezium 0,6 mm SK2 ZB est un excellent outil pour ceux qui doivent effectuer des d\u00e9coupes pr\u00e9cises et fines. Ce couteau noir et bleu est livr\u00e9 avec une lame et quatre lames suppl\u00e9mentaires, afin que vous ayez toujours une lame de rechange \u00e0 port\u00e9e de main.  Caract\u00e9ristiques :   Technologie SK2 : Gr\u00e2ce au traitement au laser, les bords de coupe sont 2 HRC plus durs. Cela signifie que la lame reste tranchante 4 fois plus longtemps, m\u00eame avec une utilisation intensive. Cela r\u00e9sulte en un couteau durable.  Lame : Avec une \u00e9paisseur de seulement 0,6 mm, ce couteau est id\u00e9al pour des d\u00e9coupes fines et pr\u00e9cises.  R\u00e9sistant \u00e0 la rouille : Ce couteau est r\u00e9sistant \u00e0 la rouille, ce qui contribue \u00e0 une plus longue dur\u00e9e de vie.  Avertissement : Les lames sont tr\u00e8s tranchantes ! Utilisez ce produit avec pr\u00e9caution. Resserrez la lame compl\u00e8tement lorsqu&#039;elle n&#039;est pas utilis\u00e9e. Portez toujours des lunettes de s\u00e9curit\u00e9 pendant l&#039;utilisation. Utilisez un seul segment de la lame \u00e0 la fois et cassez la lame au niveau de la ligne de coupe. Jetez les lames usag\u00e9es avec soin et gardez-les hors de port\u00e9e des enfants.  ART. 648103 EAN: 8715629178918\" \/>\n<meta property=\"og:url\" content=\"https:\/\/www.davidbestintools.com\/fr\/product\/david-couteau-alum-trapezium-06-mm-sk2-zb\/\" \/>\n<meta property=\"og:site_name\" content=\"David best in tools\" \/>\n<meta property=\"article:modified_time\" content=\"2024-11-18T11:56:48+00:00\" \/>\n<meta property=\"og:image\" content=\"https:\/\/www.davidbestintools.com\/wp-content\/uploads\/ART.-648103-David-mes-alum-Trapezium-06mm-SK2-ZB.jpg\" \/>\n\t<meta property=\"og:image:width\" content=\"647\" \/>\n\t<meta property=\"og:image:height\" content=\"970\" \/>\n\t<meta property=\"og:image:type\" content=\"image\/jpeg\" \/>\n<meta name=\"twitter:card\" content=\"summary_large_image\" \/>\n<meta name=\"twitter:label1\" content=\"Dur\u00e9e de lecture estim\u00e9e\" \/>\n\t<meta name=\"twitter:data1\" content=\"1 minute\" \/>\n<script type=\"application\/ld+json\" class=\"yoast-schema-graph\">{\"@context\":\"https:\\\/\\\/schema.org\",\"@graph\":[{\"@type\":\"WebPage\",\"@id\":\"https:\\\/\\\/www.davidbestintools.com\\\/fr\\\/product\\\/david-couteau-alum-trapezium-06-mm-sk2-zb\\\/\",\"url\":\"https:\\\/\\\/www.davidbestintools.com\\\/fr\\\/product\\\/david-couteau-alum-trapezium-06-mm-sk2-zb\\\/\",\"name\":\"David couteau alum Trapezium 0,6 mm SK2 ZB - David best in tools\",\"isPartOf\":{\"@id\":\"https:\\\/\\\/www.davidbestintools.com\\\/#website\"},\"primaryImageOfPage\":{\"@id\":\"https:\\\/\\\/www.davidbestintools.com\\\/fr\\\/product\\\/david-couteau-alum-trapezium-06-mm-sk2-zb\\\/#primaryimage\"},\"image\":{\"@id\":\"https:\\\/\\\/www.davidbestintools.com\\\/fr\\\/product\\\/david-couteau-alum-trapezium-06-mm-sk2-zb\\\/#primaryimage\"},\"thumbnailUrl\":\"https:\\\/\\\/www.davidbestintools.com\\\/wp-content\\\/uploads\\\/David-mes-alum-Trapezium-06mm-SK2-ZB-2.webp\",\"datePublished\":\"2024-10-29T10:15:41+00:00\",\"dateModified\":\"2024-11-18T11:56:48+00:00\",\"breadcrumb\":{\"@id\":\"https:\\\/\\\/www.davidbestintools.com\\\/fr\\\/product\\\/david-couteau-alum-trapezium-06-mm-sk2-zb\\\/#breadcrumb\"},\"inLanguage\":\"fr-FR\",\"potentialAction\":[{\"@type\":\"ReadAction\",\"target\":[\"https:\\\/\\\/www.davidbestintools.com\\\/fr\\\/product\\\/david-couteau-alum-trapezium-06-mm-sk2-zb\\\/\"]}]},{\"@type\":\"ImageObject\",\"inLanguage\":\"fr-FR\",\"@id\":\"https:\\\/\\\/www.davidbestintools.com\\\/fr\\\/product\\\/david-couteau-alum-trapezium-06-mm-sk2-zb\\\/#primaryimage\",\"url\":\"https:\\\/\\\/www.davidbestintools.com\\\/wp-content\\\/uploads\\\/David-mes-alum-Trapezium-06mm-SK2-ZB-2.webp\",\"contentUrl\":\"https:\\\/\\\/www.davidbestintools.com\\\/wp-content\\\/uploads\\\/David-mes-alum-Trapezium-06mm-SK2-ZB-2.webp\",\"width\":1000,\"height\":1000},{\"@type\":\"BreadcrumbList\",\"@id\":\"https:\\\/\\\/www.davidbestintools.com\\\/fr\\\/product\\\/david-couteau-alum-trapezium-06-mm-sk2-zb\\\/#breadcrumb\",\"itemListElement\":[{\"@type\":\"ListItem\",\"position\":1,\"name\":\"Home\",\"item\":\"https:\\\/\\\/www.davidbestintools.com\\\/fr\\\/\"},{\"@type\":\"ListItem\",\"position\":2,\"name\":\"Boutique\",\"item\":\"https:\\\/\\\/www.davidbestintools.com\\\/fr\\\/boutique\\\/\"},{\"@type\":\"ListItem\",\"position\":3,\"name\":\"David couteau alum Trapezium 0,6 mm SK2 ZB\"}]},{\"@type\":\"WebSite\",\"@id\":\"https:\\\/\\\/www.davidbestintools.com\\\/#website\",\"url\":\"https:\\\/\\\/www.davidbestintools.com\\\/\",\"name\":\"David best in tools\",\"description\":\"\",\"potentialAction\":[{\"@type\":\"SearchAction\",\"target\":{\"@type\":\"EntryPoint\",\"urlTemplate\":\"https:\\\/\\\/www.davidbestintools.com\\\/?s={search_term_string}\"},\"query-input\":{\"@type\":\"PropertyValueSpecification\",\"valueRequired\":true,\"valueName\":\"search_term_string\"}}],\"inLanguage\":\"fr-FR\"}]}<\/script>\n<!-- \/ Yoast SEO plugin. -->","yoast_head_json":{"title":"David couteau alum Trapezium 0,6 mm SK2 ZB - David best in tools","robots":{"index":"index","follow":"follow","max-snippet":"max-snippet:-1","max-image-preview":"max-image-preview:large","max-video-preview":"max-video-preview:-1"},"canonical":"https:\/\/www.davidbestintools.com\/fr\/product\/david-couteau-alum-trapezium-06-mm-sk2-zb\/","og_locale":"fr_FR","og_type":"article","og_title":"David couteau alum Trapezium 0,6 mm SK2 ZB - David best in tools","og_description":"Le David Couteau Alum Trapezium 0,6 mm SK2 ZB est un excellent outil pour ceux qui doivent effectuer des d\u00e9coupes pr\u00e9cises et fines. Ce couteau noir et bleu est livr\u00e9 avec une lame et quatre lames suppl\u00e9mentaires, afin que vous ayez toujours une lame de rechange \u00e0 port\u00e9e de main.  Caract\u00e9ristiques :   Technologie SK2 : Gr\u00e2ce au traitement au laser, les bords de coupe sont 2 HRC plus durs. Cela signifie que la lame reste tranchante 4 fois plus longtemps, m\u00eame avec une utilisation intensive. Cela r\u00e9sulte en un couteau durable.  Lame : Avec une \u00e9paisseur de seulement 0,6 mm, ce couteau est id\u00e9al pour des d\u00e9coupes fines et pr\u00e9cises.  R\u00e9sistant \u00e0 la rouille : Ce couteau est r\u00e9sistant \u00e0 la rouille, ce qui contribue \u00e0 une plus longue dur\u00e9e de vie.  Avertissement : Les lames sont tr\u00e8s tranchantes ! Utilisez ce produit avec pr\u00e9caution. Resserrez la lame compl\u00e8tement lorsqu'elle n'est pas utilis\u00e9e. Portez toujours des lunettes de s\u00e9curit\u00e9 pendant l'utilisation. Utilisez un seul segment de la lame \u00e0 la fois et cassez la lame au niveau de la ligne de coupe. Jetez les lames usag\u00e9es avec soin et gardez-les hors de port\u00e9e des enfants.  ART. 648103 EAN: 8715629178918","og_url":"https:\/\/www.davidbestintools.com\/fr\/product\/david-couteau-alum-trapezium-06-mm-sk2-zb\/","og_site_name":"David best in tools","article_modified_time":"2024-11-18T11:56:48+00:00","og_image":[{"width":647,"height":970,"url":"https:\/\/www.davidbestintools.com\/wp-content\/uploads\/ART.-648103-David-mes-alum-Trapezium-06mm-SK2-ZB.jpg","type":"image\/jpeg"}],"twitter_card":"summary_large_image","twitter_misc":{"Dur\u00e9e de lecture estim\u00e9e":"1 minute"},"schema":{"@context":"https:\/\/schema.org","@graph":[{"@type":"WebPage","@id":"https:\/\/www.davidbestintools.com\/fr\/product\/david-couteau-alum-trapezium-06-mm-sk2-zb\/","url":"https:\/\/www.davidbestintools.com\/fr\/product\/david-couteau-alum-trapezium-06-mm-sk2-zb\/","name":"David couteau alum Trapezium 0,6 mm SK2 ZB - David best in tools","isPartOf":{"@id":"https:\/\/www.davidbestintools.com\/#website"},"primaryImageOfPage":{"@id":"https:\/\/www.davidbestintools.com\/fr\/product\/david-couteau-alum-trapezium-06-mm-sk2-zb\/#primaryimage"},"image":{"@id":"https:\/\/www.davidbestintools.com\/fr\/product\/david-couteau-alum-trapezium-06-mm-sk2-zb\/#primaryimage"},"thumbnailUrl":"https:\/\/www.davidbestintools.com\/wp-content\/uploads\/David-mes-alum-Trapezium-06mm-SK2-ZB-2.webp","datePublished":"2024-10-29T10:15:41+00:00","dateModified":"2024-11-18T11:56:48+00:00","breadcrumb":{"@id":"https:\/\/www.davidbestintools.com\/fr\/product\/david-couteau-alum-trapezium-06-mm-sk2-zb\/#breadcrumb"},"inLanguage":"fr-FR","potentialAction":[{"@type":"ReadAction","target":["https:\/\/www.davidbestintools.com\/fr\/product\/david-couteau-alum-trapezium-06-mm-sk2-zb\/"]}]},{"@type":"ImageObject","inLanguage":"fr-FR","@id":"https:\/\/www.davidbestintools.com\/fr\/product\/david-couteau-alum-trapezium-06-mm-sk2-zb\/#primaryimage","url":"https:\/\/www.davidbestintools.com\/wp-content\/uploads\/David-mes-alum-Trapezium-06mm-SK2-ZB-2.webp","contentUrl":"https:\/\/www.davidbestintools.com\/wp-content\/uploads\/David-mes-alum-Trapezium-06mm-SK2-ZB-2.webp","width":1000,"height":1000},{"@type":"BreadcrumbList","@id":"https:\/\/www.davidbestintools.com\/fr\/product\/david-couteau-alum-trapezium-06-mm-sk2-zb\/#breadcrumb","itemListElement":[{"@type":"ListItem","position":1,"name":"Home","item":"https:\/\/www.davidbestintools.com\/fr\/"},{"@type":"ListItem","position":2,"name":"Boutique","item":"https:\/\/www.davidbestintools.com\/fr\/boutique\/"},{"@type":"ListItem","position":3,"name":"David couteau alum Trapezium 0,6 mm SK2 ZB"}]},{"@type":"WebSite","@id":"https:\/\/www.davidbestintools.com\/#website","url":"https:\/\/www.davidbestintools.com\/","name":"David best in tools","description":"","potentialAction":[{"@type":"SearchAction","target":{"@type":"EntryPoint","urlTemplate":"https:\/\/www.davidbestintools.com\/?s={search_term_string}"},"query-input":{"@type":"PropertyValueSpecification","valueRequired":true,"valueName":"search_term_string"}}],"inLanguage":"fr-FR"}]}},"_links":{"self":[{"href":"https:\/\/www.davidbestintools.com\/fr\/wp-json\/wp\/v2\/product\/414","targetHints":{"allow":["GET"]}}],"collection":[{"href":"https:\/\/www.davidbestintools.com\/fr\/wp-json\/wp\/v2\/product"}],"about":[{"href":"https:\/\/www.davidbestintools.com\/fr\/wp-json\/wp\/v2\/types\/product"}],"replies":[{"embeddable":true,"href":"https:\/\/www.davidbestintools.com\/fr\/wp-json\/wp\/v2\/comments?post=414"}],"wp:featuredmedia":[{"embeddable":true,"href":"https:\/\/www.davidbestintools.com\/fr\/wp-json\/wp\/v2\/media\/593"}],"wp:attachment":[{"href":"https:\/\/www.davidbestintools.com\/fr\/wp-json\/wp\/v2\/media?parent=414"}],"wp:term":[{"taxonomy":"product_brand","embeddable":true,"href":"https:\/\/www.davidbestintools.com\/fr\/wp-json\/wp\/v2\/product_brand?post=414"},{"taxonomy":"product_cat","embeddable":true,"href":"https:\/\/www.davidbestintools.com\/fr\/wp-json\/wp\/v2\/product_cat?post=414"},{"taxonomy":"product_tag","embeddable":true,"href":"https:\/\/www.davidbestintools.com\/fr\/wp-json\/wp\/v2\/product_tag?post=414"}],"curies":[{"name":"wp","href":"https:\/\/api.w.org\/{rel}","templated":true}]}}