{"id":412,"date":"2024-10-29T10:07:40","date_gmt":"2024-10-29T10:07:40","guid":{"rendered":"https:\/\/www.davidbestintools.com\/?post_type=product&#038;p=412"},"modified":"2024-11-18T11:48:04","modified_gmt":"2024-11-18T11:48:04","slug":"david-lame-abs-18-mm-sk2-zb","status":"publish","type":"product","link":"https:\/\/www.davidbestintools.com\/fr\/product\/david-lame-abs-18-mm-sk2-zb\/","title":{"rendered":"David lame ABS 18 mm SK2 ZB"},"content":{"rendered":"","protected":false},"excerpt":{"rendered":"<p>Le couteau DAVID ABS 18 mm est un outil robuste et fiable pour toutes vos t\u00e2ches de d\u00e9coupe. Ce couteau noir et bleu poss\u00e8de une lame extra-\u00e9paisse, 40 % plus \u00e9paisse qu&rsquo;une lame standard, ce qui lui permet de durer plus longtemps et de couper plus puissamment.<\/p>\n<p><strong>Caract\u00e9ristiques :<\/strong><\/p>\n<ul>\n<li><strong>Technologie SK2 :<\/strong> Gr\u00e2ce au traitement au laser, les bords de coupe sont 2 HRC plus durs. Cela signifie que la lame reste tranchante 4 fois plus longtemps, m\u00eame en cas d&rsquo;utilisation intensive. Un couteau durable.<\/li>\n<li><strong>Lame :<\/strong> La lame est 40 % plus \u00e9paisse qu&rsquo;une lame standard, ce qui lui permet de durer plus longtemps et de couper plus efficacement.<\/li>\n<li><strong>Lame stable :<\/strong> Gr\u00e2ce \u00e0 l&rsquo;espace r\u00e9duit entre la lame et le support, vous pouvez couper de mani\u00e8re plus pr\u00e9cise et avec plus de contr\u00f4le, id\u00e9ale pour les d\u00e9coupes fines.<\/li>\n<li><strong>Syst\u00e8me Auto-lock :<\/strong> Le couteau dispose d&rsquo;un verrouillage automatique pouvant supporter une pression de 25 kg, garantissant ainsi s\u00e9curit\u00e9 et stabilit\u00e9 lors de la coupe.<\/li>\n<li><strong>R\u00e9sistant \u00e0 la rouille :<\/strong> Cette lame est r\u00e9sistante \u00e0 la rouille, ce qui contribue \u00e0 sa long\u00e9vit\u00e9.<\/li>\n<\/ul>\n<p><strong>Avertissement :<\/strong><br \/>\nLes lames sont extr\u00eamement coupantes ! Utilisez ce produit avec pr\u00e9caution. Resserrez la lame compl\u00e8tement lorsqu&rsquo;elle n&rsquo;est pas utilis\u00e9e. Portez toujours des lunettes de s\u00e9curit\u00e9 lors de son utilisation. Utilisez un seul segment \u00e0 la fois et cassez la lame au niveau de la ligne de coupe. Jetez les lames usag\u00e9es avec soin et gardez-les hors de port\u00e9e des enfants.<\/p>\n<p>ART. 648101<br \/>\nEAN: 8715629178901<\/p>\n","protected":false},"featured_media":544,"comment_status":"closed","ping_status":"closed","template":"","meta":{"inline_featured_image":false},"product_brand":[],"product_cat":[],"product_tag":[],"class_list":{"0":"post-412","1":"product","2":"type-product","3":"status-publish","4":"has-post-thumbnail","7":"first","8":"instock","9":"shipping-taxable","10":"purchasable","11":"product-type-simple"},"yoast_head":"<!-- This site is optimized with the Yoast SEO plugin v27.4 - https:\/\/yoast.com\/product\/yoast-seo-wordpress\/ -->\n<title>David lame ABS 18 mm SK2 ZB - David best in tools<\/title>\n<meta name=\"robots\" content=\"index, follow, max-snippet:-1, max-image-preview:large, max-video-preview:-1\" \/>\n<link rel=\"canonical\" href=\"https:\/\/www.davidbestintools.com\/fr\/product\/david-lame-abs-18-mm-sk2-zb\/\" \/>\n<meta property=\"og:locale\" content=\"fr_FR\" \/>\n<meta property=\"og:type\" content=\"article\" \/>\n<meta property=\"og:title\" content=\"David lame ABS 18 mm SK2 ZB - David best in tools\" \/>\n<meta property=\"og:description\" content=\"Le couteau DAVID ABS 18 mm est un outil robuste et fiable pour toutes vos t\u00e2ches de d\u00e9coupe. Ce couteau noir et bleu poss\u00e8de une lame extra-\u00e9paisse, 40 % plus \u00e9paisse qu&#039;une lame standard, ce qui lui permet de durer plus longtemps et de couper plus puissamment.  Caract\u00e9ristiques :   Technologie SK2 : Gr\u00e2ce au traitement au laser, les bords de coupe sont 2 HRC plus durs. Cela signifie que la lame reste tranchante 4 fois plus longtemps, m\u00eame en cas d&#039;utilisation intensive. Un couteau durable. Lame : La lame est 40 % plus \u00e9paisse qu&#039;une lame standard, ce qui lui permet de durer plus longtemps et de couper plus efficacement. Lame stable : Gr\u00e2ce \u00e0 l&#039;espace r\u00e9duit entre la lame et le support, vous pouvez couper de mani\u00e8re plus pr\u00e9cise et avec plus de contr\u00f4le, id\u00e9ale pour les d\u00e9coupes fines. Syst\u00e8me Auto-lock : Le couteau dispose d&#039;un verrouillage automatique pouvant supporter une pression de 25 kg, garantissant ainsi s\u00e9curit\u00e9 et stabilit\u00e9 lors de la coupe. R\u00e9sistant \u00e0 la rouille : Cette lame est r\u00e9sistante \u00e0 la rouille, ce qui contribue \u00e0 sa long\u00e9vit\u00e9.  Avertissement : Les lames sont extr\u00eamement coupantes ! Utilisez ce produit avec pr\u00e9caution. Resserrez la lame compl\u00e8tement lorsqu&#039;elle n&#039;est pas utilis\u00e9e. Portez toujours des lunettes de s\u00e9curit\u00e9 lors de son utilisation. Utilisez un seul segment \u00e0 la fois et cassez la lame au niveau de la ligne de coupe. Jetez les lames usag\u00e9es avec soin et gardez-les hors de port\u00e9e des enfants.  ART. 648101 EAN: 8715629178901\" \/>\n<meta property=\"og:url\" content=\"https:\/\/www.davidbestintools.com\/fr\/product\/david-lame-abs-18-mm-sk2-zb\/\" \/>\n<meta property=\"og:site_name\" content=\"David best in tools\" \/>\n<meta property=\"article:modified_time\" content=\"2024-11-18T11:48:04+00:00\" \/>\n<meta property=\"og:image\" content=\"https:\/\/www.davidbestintools.com\/wp-content\/uploads\/david-mes-18-mm.webp\" \/>\n\t<meta property=\"og:image:width\" content=\"1000\" \/>\n\t<meta property=\"og:image:height\" content=\"1000\" \/>\n\t<meta property=\"og:image:type\" content=\"image\/webp\" \/>\n<meta name=\"twitter:card\" content=\"summary_large_image\" \/>\n<script type=\"application\/ld+json\" class=\"yoast-schema-graph\">{\"@context\":\"https:\\\/\\\/schema.org\",\"@graph\":[{\"@type\":\"WebPage\",\"@id\":\"https:\\\/\\\/www.davidbestintools.com\\\/fr\\\/product\\\/david-lame-abs-18-mm-sk2-zb\\\/\",\"url\":\"https:\\\/\\\/www.davidbestintools.com\\\/fr\\\/product\\\/david-lame-abs-18-mm-sk2-zb\\\/\",\"name\":\"David lame ABS 18 mm SK2 ZB - David best in tools\",\"isPartOf\":{\"@id\":\"https:\\\/\\\/www.davidbestintools.com\\\/#website\"},\"primaryImageOfPage\":{\"@id\":\"https:\\\/\\\/www.davidbestintools.com\\\/fr\\\/product\\\/david-lame-abs-18-mm-sk2-zb\\\/#primaryimage\"},\"image\":{\"@id\":\"https:\\\/\\\/www.davidbestintools.com\\\/fr\\\/product\\\/david-lame-abs-18-mm-sk2-zb\\\/#primaryimage\"},\"thumbnailUrl\":\"https:\\\/\\\/www.davidbestintools.com\\\/wp-content\\\/uploads\\\/david-mes-18-mm.webp\",\"datePublished\":\"2024-10-29T10:07:40+00:00\",\"dateModified\":\"2024-11-18T11:48:04+00:00\",\"breadcrumb\":{\"@id\":\"https:\\\/\\\/www.davidbestintools.com\\\/fr\\\/product\\\/david-lame-abs-18-mm-sk2-zb\\\/#breadcrumb\"},\"inLanguage\":\"fr-FR\",\"potentialAction\":[{\"@type\":\"ReadAction\",\"target\":[\"https:\\\/\\\/www.davidbestintools.com\\\/fr\\\/product\\\/david-lame-abs-18-mm-sk2-zb\\\/\"]}]},{\"@type\":\"ImageObject\",\"inLanguage\":\"fr-FR\",\"@id\":\"https:\\\/\\\/www.davidbestintools.com\\\/fr\\\/product\\\/david-lame-abs-18-mm-sk2-zb\\\/#primaryimage\",\"url\":\"https:\\\/\\\/www.davidbestintools.com\\\/wp-content\\\/uploads\\\/david-mes-18-mm.webp\",\"contentUrl\":\"https:\\\/\\\/www.davidbestintools.com\\\/wp-content\\\/uploads\\\/david-mes-18-mm.webp\",\"width\":1000,\"height\":1000},{\"@type\":\"BreadcrumbList\",\"@id\":\"https:\\\/\\\/www.davidbestintools.com\\\/fr\\\/product\\\/david-lame-abs-18-mm-sk2-zb\\\/#breadcrumb\",\"itemListElement\":[{\"@type\":\"ListItem\",\"position\":1,\"name\":\"Home\",\"item\":\"https:\\\/\\\/www.davidbestintools.com\\\/fr\\\/\"},{\"@type\":\"ListItem\",\"position\":2,\"name\":\"Boutique\",\"item\":\"https:\\\/\\\/www.davidbestintools.com\\\/fr\\\/boutique\\\/\"},{\"@type\":\"ListItem\",\"position\":3,\"name\":\"David lame ABS 18 mm SK2 ZB\"}]},{\"@type\":\"WebSite\",\"@id\":\"https:\\\/\\\/www.davidbestintools.com\\\/#website\",\"url\":\"https:\\\/\\\/www.davidbestintools.com\\\/\",\"name\":\"David best in tools\",\"description\":\"\",\"potentialAction\":[{\"@type\":\"SearchAction\",\"target\":{\"@type\":\"EntryPoint\",\"urlTemplate\":\"https:\\\/\\\/www.davidbestintools.com\\\/?s={search_term_string}\"},\"query-input\":{\"@type\":\"PropertyValueSpecification\",\"valueRequired\":true,\"valueName\":\"search_term_string\"}}],\"inLanguage\":\"fr-FR\"}]}<\/script>\n<!-- \/ Yoast SEO plugin. -->","yoast_head_json":{"title":"David lame ABS 18 mm SK2 ZB - David best in tools","robots":{"index":"index","follow":"follow","max-snippet":"max-snippet:-1","max-image-preview":"max-image-preview:large","max-video-preview":"max-video-preview:-1"},"canonical":"https:\/\/www.davidbestintools.com\/fr\/product\/david-lame-abs-18-mm-sk2-zb\/","og_locale":"fr_FR","og_type":"article","og_title":"David lame ABS 18 mm SK2 ZB - David best in tools","og_description":"Le couteau DAVID ABS 18 mm est un outil robuste et fiable pour toutes vos t\u00e2ches de d\u00e9coupe. Ce couteau noir et bleu poss\u00e8de une lame extra-\u00e9paisse, 40 % plus \u00e9paisse qu'une lame standard, ce qui lui permet de durer plus longtemps et de couper plus puissamment.  Caract\u00e9ristiques :   Technologie SK2 : Gr\u00e2ce au traitement au laser, les bords de coupe sont 2 HRC plus durs. Cela signifie que la lame reste tranchante 4 fois plus longtemps, m\u00eame en cas d'utilisation intensive. Un couteau durable. Lame : La lame est 40 % plus \u00e9paisse qu'une lame standard, ce qui lui permet de durer plus longtemps et de couper plus efficacement. Lame stable : Gr\u00e2ce \u00e0 l'espace r\u00e9duit entre la lame et le support, vous pouvez couper de mani\u00e8re plus pr\u00e9cise et avec plus de contr\u00f4le, id\u00e9ale pour les d\u00e9coupes fines. Syst\u00e8me Auto-lock : Le couteau dispose d'un verrouillage automatique pouvant supporter une pression de 25 kg, garantissant ainsi s\u00e9curit\u00e9 et stabilit\u00e9 lors de la coupe. R\u00e9sistant \u00e0 la rouille : Cette lame est r\u00e9sistante \u00e0 la rouille, ce qui contribue \u00e0 sa long\u00e9vit\u00e9.  Avertissement : Les lames sont extr\u00eamement coupantes ! Utilisez ce produit avec pr\u00e9caution. Resserrez la lame compl\u00e8tement lorsqu'elle n'est pas utilis\u00e9e. Portez toujours des lunettes de s\u00e9curit\u00e9 lors de son utilisation. Utilisez un seul segment \u00e0 la fois et cassez la lame au niveau de la ligne de coupe. Jetez les lames usag\u00e9es avec soin et gardez-les hors de port\u00e9e des enfants.  ART. 648101 EAN: 8715629178901","og_url":"https:\/\/www.davidbestintools.com\/fr\/product\/david-lame-abs-18-mm-sk2-zb\/","og_site_name":"David best in tools","article_modified_time":"2024-11-18T11:48:04+00:00","og_image":[{"width":1000,"height":1000,"url":"https:\/\/www.davidbestintools.com\/wp-content\/uploads\/david-mes-18-mm.webp","type":"image\/webp"}],"twitter_card":"summary_large_image","schema":{"@context":"https:\/\/schema.org","@graph":[{"@type":"WebPage","@id":"https:\/\/www.davidbestintools.com\/fr\/product\/david-lame-abs-18-mm-sk2-zb\/","url":"https:\/\/www.davidbestintools.com\/fr\/product\/david-lame-abs-18-mm-sk2-zb\/","name":"David lame ABS 18 mm SK2 ZB - David best in tools","isPartOf":{"@id":"https:\/\/www.davidbestintools.com\/#website"},"primaryImageOfPage":{"@id":"https:\/\/www.davidbestintools.com\/fr\/product\/david-lame-abs-18-mm-sk2-zb\/#primaryimage"},"image":{"@id":"https:\/\/www.davidbestintools.com\/fr\/product\/david-lame-abs-18-mm-sk2-zb\/#primaryimage"},"thumbnailUrl":"https:\/\/www.davidbestintools.com\/wp-content\/uploads\/david-mes-18-mm.webp","datePublished":"2024-10-29T10:07:40+00:00","dateModified":"2024-11-18T11:48:04+00:00","breadcrumb":{"@id":"https:\/\/www.davidbestintools.com\/fr\/product\/david-lame-abs-18-mm-sk2-zb\/#breadcrumb"},"inLanguage":"fr-FR","potentialAction":[{"@type":"ReadAction","target":["https:\/\/www.davidbestintools.com\/fr\/product\/david-lame-abs-18-mm-sk2-zb\/"]}]},{"@type":"ImageObject","inLanguage":"fr-FR","@id":"https:\/\/www.davidbestintools.com\/fr\/product\/david-lame-abs-18-mm-sk2-zb\/#primaryimage","url":"https:\/\/www.davidbestintools.com\/wp-content\/uploads\/david-mes-18-mm.webp","contentUrl":"https:\/\/www.davidbestintools.com\/wp-content\/uploads\/david-mes-18-mm.webp","width":1000,"height":1000},{"@type":"BreadcrumbList","@id":"https:\/\/www.davidbestintools.com\/fr\/product\/david-lame-abs-18-mm-sk2-zb\/#breadcrumb","itemListElement":[{"@type":"ListItem","position":1,"name":"Home","item":"https:\/\/www.davidbestintools.com\/fr\/"},{"@type":"ListItem","position":2,"name":"Boutique","item":"https:\/\/www.davidbestintools.com\/fr\/boutique\/"},{"@type":"ListItem","position":3,"name":"David lame ABS 18 mm SK2 ZB"}]},{"@type":"WebSite","@id":"https:\/\/www.davidbestintools.com\/#website","url":"https:\/\/www.davidbestintools.com\/","name":"David best in tools","description":"","potentialAction":[{"@type":"SearchAction","target":{"@type":"EntryPoint","urlTemplate":"https:\/\/www.davidbestintools.com\/?s={search_term_string}"},"query-input":{"@type":"PropertyValueSpecification","valueRequired":true,"valueName":"search_term_string"}}],"inLanguage":"fr-FR"}]}},"_links":{"self":[{"href":"https:\/\/www.davidbestintools.com\/fr\/wp-json\/wp\/v2\/product\/412","targetHints":{"allow":["GET"]}}],"collection":[{"href":"https:\/\/www.davidbestintools.com\/fr\/wp-json\/wp\/v2\/product"}],"about":[{"href":"https:\/\/www.davidbestintools.com\/fr\/wp-json\/wp\/v2\/types\/product"}],"replies":[{"embeddable":true,"href":"https:\/\/www.davidbestintools.com\/fr\/wp-json\/wp\/v2\/comments?post=412"}],"wp:featuredmedia":[{"embeddable":true,"href":"https:\/\/www.davidbestintools.com\/fr\/wp-json\/wp\/v2\/media\/544"}],"wp:attachment":[{"href":"https:\/\/www.davidbestintools.com\/fr\/wp-json\/wp\/v2\/media?parent=412"}],"wp:term":[{"taxonomy":"product_brand","embeddable":true,"href":"https:\/\/www.davidbestintools.com\/fr\/wp-json\/wp\/v2\/product_brand?post=412"},{"taxonomy":"product_cat","embeddable":true,"href":"https:\/\/www.davidbestintools.com\/fr\/wp-json\/wp\/v2\/product_cat?post=412"},{"taxonomy":"product_tag","embeddable":true,"href":"https:\/\/www.davidbestintools.com\/fr\/wp-json\/wp\/v2\/product_tag?post=412"}],"curies":[{"name":"wp","href":"https:\/\/api.w.org\/{rel}","templated":true}]}}