{"id":410,"date":"2024-10-28T15:18:07","date_gmt":"2024-10-28T15:18:07","guid":{"rendered":"https:\/\/www.davidbestintools.com\/?post_type=product&#038;p=410"},"modified":"2024-11-18T11:45:39","modified_gmt":"2024-11-18T11:45:39","slug":"david-plaque-de-pression-orange-pour-rabot","status":"publish","type":"product","link":"https:\/\/www.davidbestintools.com\/fr\/product\/david-plaque-de-pression-orange-pour-rabot\/","title":{"rendered":"David Plaque de pression orange pour rabot"},"content":{"rendered":"","protected":false},"excerpt":{"rendered":"<p>Le plaque de pression David en orange vif est con\u00e7ue pour fixer les lames de mani\u00e8re s\u00fbre et solide dans le rabot David. Cet \u00e9l\u00e9ment essentiel assure un fonctionnement optimal du rabot et offre une prise ferme sur la lame pendant le rabotage. La plaque de pression est facile \u00e0 remplacer, vous permettant de remettre rapidement votre outil en \u00e9tat de marche.<\/p>\n<p><strong>Caract\u00e9ristiques :<\/strong><br \/>\n\u2022 Plaque de pression orange pour une visibilit\u00e9 claire et une reconnaissance rapide<br \/>\n\u2022 Assure une fixation s\u00fbre et solide des lames dans le rabot David<br \/>\n\u2022 Facile \u00e0 remplacer pour un entretien simple et une dur\u00e9e de vie prolong\u00e9e de votre rabot<\/p>\n<p>ART. 471044<br \/>\nEAN: 8715629179069<\/p>\n","protected":false},"featured_media":649,"comment_status":"closed","ping_status":"closed","template":"","meta":{"inline_featured_image":false},"product_brand":[],"product_cat":[],"product_tag":[],"class_list":{"0":"post-410","1":"product","2":"type-product","3":"status-publish","4":"has-post-thumbnail","7":"first","8":"instock","9":"shipping-taxable","10":"purchasable","11":"product-type-simple"},"yoast_head":"<!-- This site is optimized with the Yoast SEO plugin v27.5 - https:\/\/yoast.com\/product\/yoast-seo-wordpress\/ -->\n<title>David Plaque de pression orange pour rabot - David best in tools<\/title>\n<meta name=\"robots\" content=\"index, follow, max-snippet:-1, max-image-preview:large, max-video-preview:-1\" \/>\n<link rel=\"canonical\" href=\"https:\/\/www.davidbestintools.com\/fr\/product\/david-plaque-de-pression-orange-pour-rabot\/\" \/>\n<meta property=\"og:locale\" content=\"fr_FR\" \/>\n<meta property=\"og:type\" content=\"article\" \/>\n<meta property=\"og:title\" content=\"David Plaque de pression orange pour rabot - David best in tools\" \/>\n<meta property=\"og:description\" content=\"Le plaque de pression David en orange vif est con\u00e7ue pour fixer les lames de mani\u00e8re s\u00fbre et solide dans le rabot David. Cet \u00e9l\u00e9ment essentiel assure un fonctionnement optimal du rabot et offre une prise ferme sur la lame pendant le rabotage. La plaque de pression est facile \u00e0 remplacer, vous permettant de remettre rapidement votre outil en \u00e9tat de marche.  Caract\u00e9ristiques : \u2022 Plaque de pression orange pour une visibilit\u00e9 claire et une reconnaissance rapide \u2022 Assure une fixation s\u00fbre et solide des lames dans le rabot David \u2022 Facile \u00e0 remplacer pour un entretien simple et une dur\u00e9e de vie prolong\u00e9e de votre rabot  ART. 471044 EAN: 8715629179069\" \/>\n<meta property=\"og:url\" content=\"https:\/\/www.davidbestintools.com\/fr\/product\/david-plaque-de-pression-orange-pour-rabot\/\" \/>\n<meta property=\"og:site_name\" content=\"David best in tools\" \/>\n<meta property=\"article:modified_time\" content=\"2024-11-18T11:45:39+00:00\" \/>\n<meta property=\"og:image\" content=\"https:\/\/www.davidbestintools.com\/wp-content\/uploads\/471044_471043_bovenzijde-1.png\" \/>\n\t<meta property=\"og:image:width\" content=\"1000\" \/>\n\t<meta property=\"og:image:height\" content=\"667\" \/>\n\t<meta property=\"og:image:type\" content=\"image\/png\" \/>\n<meta name=\"twitter:card\" content=\"summary_large_image\" \/>\n<script type=\"application\/ld+json\" class=\"yoast-schema-graph\">{\"@context\":\"https:\\\/\\\/schema.org\",\"@graph\":[{\"@type\":\"WebPage\",\"@id\":\"https:\\\/\\\/www.davidbestintools.com\\\/fr\\\/product\\\/david-plaque-de-pression-orange-pour-rabot\\\/\",\"url\":\"https:\\\/\\\/www.davidbestintools.com\\\/fr\\\/product\\\/david-plaque-de-pression-orange-pour-rabot\\\/\",\"name\":\"David Plaque de pression orange pour rabot - David best in tools\",\"isPartOf\":{\"@id\":\"https:\\\/\\\/www.davidbestintools.com\\\/#website\"},\"primaryImageOfPage\":{\"@id\":\"https:\\\/\\\/www.davidbestintools.com\\\/fr\\\/product\\\/david-plaque-de-pression-orange-pour-rabot\\\/#primaryimage\"},\"image\":{\"@id\":\"https:\\\/\\\/www.davidbestintools.com\\\/fr\\\/product\\\/david-plaque-de-pression-orange-pour-rabot\\\/#primaryimage\"},\"thumbnailUrl\":\"https:\\\/\\\/www.davidbestintools.com\\\/wp-content\\\/uploads\\\/drukplaatjeschroef.jpg\",\"datePublished\":\"2024-10-28T15:18:07+00:00\",\"dateModified\":\"2024-11-18T11:45:39+00:00\",\"breadcrumb\":{\"@id\":\"https:\\\/\\\/www.davidbestintools.com\\\/fr\\\/product\\\/david-plaque-de-pression-orange-pour-rabot\\\/#breadcrumb\"},\"inLanguage\":\"fr-FR\",\"potentialAction\":[{\"@type\":\"ReadAction\",\"target\":[\"https:\\\/\\\/www.davidbestintools.com\\\/fr\\\/product\\\/david-plaque-de-pression-orange-pour-rabot\\\/\"]}]},{\"@type\":\"ImageObject\",\"inLanguage\":\"fr-FR\",\"@id\":\"https:\\\/\\\/www.davidbestintools.com\\\/fr\\\/product\\\/david-plaque-de-pression-orange-pour-rabot\\\/#primaryimage\",\"url\":\"https:\\\/\\\/www.davidbestintools.com\\\/wp-content\\\/uploads\\\/drukplaatjeschroef.jpg\",\"contentUrl\":\"https:\\\/\\\/www.davidbestintools.com\\\/wp-content\\\/uploads\\\/drukplaatjeschroef.jpg\",\"width\":1000,\"height\":1000},{\"@type\":\"BreadcrumbList\",\"@id\":\"https:\\\/\\\/www.davidbestintools.com\\\/fr\\\/product\\\/david-plaque-de-pression-orange-pour-rabot\\\/#breadcrumb\",\"itemListElement\":[{\"@type\":\"ListItem\",\"position\":1,\"name\":\"Home\",\"item\":\"https:\\\/\\\/www.davidbestintools.com\\\/fr\\\/\"},{\"@type\":\"ListItem\",\"position\":2,\"name\":\"Boutique\",\"item\":\"https:\\\/\\\/www.davidbestintools.com\\\/fr\\\/boutique\\\/\"},{\"@type\":\"ListItem\",\"position\":3,\"name\":\"David Plaque de pression orange pour rabot\"}]},{\"@type\":\"WebSite\",\"@id\":\"https:\\\/\\\/www.davidbestintools.com\\\/#website\",\"url\":\"https:\\\/\\\/www.davidbestintools.com\\\/\",\"name\":\"David best in tools\",\"description\":\"\",\"potentialAction\":[{\"@type\":\"SearchAction\",\"target\":{\"@type\":\"EntryPoint\",\"urlTemplate\":\"https:\\\/\\\/www.davidbestintools.com\\\/?s={search_term_string}\"},\"query-input\":{\"@type\":\"PropertyValueSpecification\",\"valueRequired\":true,\"valueName\":\"search_term_string\"}}],\"inLanguage\":\"fr-FR\"}]}<\/script>\n<!-- \/ Yoast SEO plugin. -->","yoast_head_json":{"title":"David Plaque de pression orange pour rabot - David best in tools","robots":{"index":"index","follow":"follow","max-snippet":"max-snippet:-1","max-image-preview":"max-image-preview:large","max-video-preview":"max-video-preview:-1"},"canonical":"https:\/\/www.davidbestintools.com\/fr\/product\/david-plaque-de-pression-orange-pour-rabot\/","og_locale":"fr_FR","og_type":"article","og_title":"David Plaque de pression orange pour rabot - David best in tools","og_description":"Le plaque de pression David en orange vif est con\u00e7ue pour fixer les lames de mani\u00e8re s\u00fbre et solide dans le rabot David. Cet \u00e9l\u00e9ment essentiel assure un fonctionnement optimal du rabot et offre une prise ferme sur la lame pendant le rabotage. La plaque de pression est facile \u00e0 remplacer, vous permettant de remettre rapidement votre outil en \u00e9tat de marche.  Caract\u00e9ristiques : \u2022 Plaque de pression orange pour une visibilit\u00e9 claire et une reconnaissance rapide \u2022 Assure une fixation s\u00fbre et solide des lames dans le rabot David \u2022 Facile \u00e0 remplacer pour un entretien simple et une dur\u00e9e de vie prolong\u00e9e de votre rabot  ART. 471044 EAN: 8715629179069","og_url":"https:\/\/www.davidbestintools.com\/fr\/product\/david-plaque-de-pression-orange-pour-rabot\/","og_site_name":"David best in tools","article_modified_time":"2024-11-18T11:45:39+00:00","og_image":[{"width":1000,"height":667,"url":"https:\/\/www.davidbestintools.com\/wp-content\/uploads\/471044_471043_bovenzijde-1.png","type":"image\/png"}],"twitter_card":"summary_large_image","schema":{"@context":"https:\/\/schema.org","@graph":[{"@type":"WebPage","@id":"https:\/\/www.davidbestintools.com\/fr\/product\/david-plaque-de-pression-orange-pour-rabot\/","url":"https:\/\/www.davidbestintools.com\/fr\/product\/david-plaque-de-pression-orange-pour-rabot\/","name":"David Plaque de pression orange pour rabot - David best in tools","isPartOf":{"@id":"https:\/\/www.davidbestintools.com\/#website"},"primaryImageOfPage":{"@id":"https:\/\/www.davidbestintools.com\/fr\/product\/david-plaque-de-pression-orange-pour-rabot\/#primaryimage"},"image":{"@id":"https:\/\/www.davidbestintools.com\/fr\/product\/david-plaque-de-pression-orange-pour-rabot\/#primaryimage"},"thumbnailUrl":"https:\/\/www.davidbestintools.com\/wp-content\/uploads\/drukplaatjeschroef.jpg","datePublished":"2024-10-28T15:18:07+00:00","dateModified":"2024-11-18T11:45:39+00:00","breadcrumb":{"@id":"https:\/\/www.davidbestintools.com\/fr\/product\/david-plaque-de-pression-orange-pour-rabot\/#breadcrumb"},"inLanguage":"fr-FR","potentialAction":[{"@type":"ReadAction","target":["https:\/\/www.davidbestintools.com\/fr\/product\/david-plaque-de-pression-orange-pour-rabot\/"]}]},{"@type":"ImageObject","inLanguage":"fr-FR","@id":"https:\/\/www.davidbestintools.com\/fr\/product\/david-plaque-de-pression-orange-pour-rabot\/#primaryimage","url":"https:\/\/www.davidbestintools.com\/wp-content\/uploads\/drukplaatjeschroef.jpg","contentUrl":"https:\/\/www.davidbestintools.com\/wp-content\/uploads\/drukplaatjeschroef.jpg","width":1000,"height":1000},{"@type":"BreadcrumbList","@id":"https:\/\/www.davidbestintools.com\/fr\/product\/david-plaque-de-pression-orange-pour-rabot\/#breadcrumb","itemListElement":[{"@type":"ListItem","position":1,"name":"Home","item":"https:\/\/www.davidbestintools.com\/fr\/"},{"@type":"ListItem","position":2,"name":"Boutique","item":"https:\/\/www.davidbestintools.com\/fr\/boutique\/"},{"@type":"ListItem","position":3,"name":"David Plaque de pression orange pour rabot"}]},{"@type":"WebSite","@id":"https:\/\/www.davidbestintools.com\/#website","url":"https:\/\/www.davidbestintools.com\/","name":"David best in tools","description":"","potentialAction":[{"@type":"SearchAction","target":{"@type":"EntryPoint","urlTemplate":"https:\/\/www.davidbestintools.com\/?s={search_term_string}"},"query-input":{"@type":"PropertyValueSpecification","valueRequired":true,"valueName":"search_term_string"}}],"inLanguage":"fr-FR"}]}},"_links":{"self":[{"href":"https:\/\/www.davidbestintools.com\/fr\/wp-json\/wp\/v2\/product\/410","targetHints":{"allow":["GET"]}}],"collection":[{"href":"https:\/\/www.davidbestintools.com\/fr\/wp-json\/wp\/v2\/product"}],"about":[{"href":"https:\/\/www.davidbestintools.com\/fr\/wp-json\/wp\/v2\/types\/product"}],"replies":[{"embeddable":true,"href":"https:\/\/www.davidbestintools.com\/fr\/wp-json\/wp\/v2\/comments?post=410"}],"wp:featuredmedia":[{"embeddable":true,"href":"https:\/\/www.davidbestintools.com\/fr\/wp-json\/wp\/v2\/media\/649"}],"wp:attachment":[{"href":"https:\/\/www.davidbestintools.com\/fr\/wp-json\/wp\/v2\/media?parent=410"}],"wp:term":[{"taxonomy":"product_brand","embeddable":true,"href":"https:\/\/www.davidbestintools.com\/fr\/wp-json\/wp\/v2\/product_brand?post=410"},{"taxonomy":"product_cat","embeddable":true,"href":"https:\/\/www.davidbestintools.com\/fr\/wp-json\/wp\/v2\/product_cat?post=410"},{"taxonomy":"product_tag","embeddable":true,"href":"https:\/\/www.davidbestintools.com\/fr\/wp-json\/wp\/v2\/product_tag?post=410"}],"curies":[{"name":"wp","href":"https:\/\/api.w.org\/{rel}","templated":true}]}}