{"id":409,"date":"2024-10-28T14:57:50","date_gmt":"2024-10-28T14:57:50","guid":{"rendered":"https:\/\/www.davidbestintools.com\/?post_type=product&#038;p=409"},"modified":"2024-11-18T11:44:01","modified_gmt":"2024-11-18T11:44:01","slug":"david-couteau-combine","status":"publish","type":"product","link":"https:\/\/www.davidbestintools.com\/fr\/product\/david-couteau-combine\/","title":{"rendered":"David couteau combin\u00e9"},"content":{"rendered":"","protected":false},"excerpt":{"rendered":"<p>Le couteau combin\u00e9 DAVID est un outil manuel polyvalent et indispensable pour les travaux de pr\u00e9cision. Ce couteau de haute qualit\u00e9 est \u00e9quip\u00e9 d&rsquo;une lame \u00e0 double tranchant, qui peut \u00eatre utilis\u00e9e sans effort pour diverses t\u00e2ches de rabotage. Gr\u00e2ce \u00e0 son design intelligent, le couteau combin\u00e9 est adapt\u00e9 pour le rabotage plat, de nez, concave et convexe, ainsi que pour gratter, piquer et couper. Il est id\u00e9al pour travailler des mat\u00e9riaux tels que le bois, le plastique, le cuir, le carton, le caoutchouc et d&rsquo;autres mat\u00e9riaux n\u00e9cessitant un travail fin et pr\u00e9cis.<\/p>\n<p><strong>Caract\u00e9ristiques :<\/strong><\/p>\n<p>\u2022 Couteau \u00e0 main multifonctionnel pour une utilisation polyvalente<br \/>\n\u2022 Toujours tranchant gr\u00e2ce \u00e0 la lame durable \u00e0 double tranchant<br \/>\n\u2022 Pi\u00e8ces facilement rempla\u00e7ables pour un entretien optimal<br \/>\n\u2022 Convient \u00e0 divers mat\u00e9riaux, y compris le bois, le plastique et le caoutchouc<\/p>\n<p><strong>Avertissement :<\/strong><br \/>\nLes lames sont extr\u00eamement coupantes ! Utilisez ce produit avec pr\u00e9caution. Portez toujours des lunettes de s\u00e9curit\u00e9 lors de son utilisation. Utilisez la lame avec seulement un segment d\u00e9ploy\u00e9 et cassez la lame au niveau de la ligne de coupe. Jetez les lames usag\u00e9es avec soin et gardez-les hors de port\u00e9e des enfants.<\/p>\n<p>ART. 647104<br \/>\nEAN: 8715629178840<\/p>\n","protected":false},"featured_media":588,"comment_status":"closed","ping_status":"closed","template":"","meta":{"inline_featured_image":false},"product_brand":[],"product_cat":[],"product_tag":[],"class_list":{"0":"post-409","1":"product","2":"type-product","3":"status-publish","4":"has-post-thumbnail","7":"first","8":"instock","9":"shipping-taxable","10":"purchasable","11":"product-type-simple"},"yoast_head":"<!-- This site is optimized with the Yoast SEO plugin v27.5 - https:\/\/yoast.com\/product\/yoast-seo-wordpress\/ -->\n<title>David couteau combin\u00e9 - David best in tools<\/title>\n<meta name=\"robots\" content=\"index, follow, max-snippet:-1, max-image-preview:large, max-video-preview:-1\" \/>\n<link rel=\"canonical\" href=\"https:\/\/www.davidbestintools.com\/fr\/product\/david-couteau-combine\/\" \/>\n<meta property=\"og:locale\" content=\"fr_FR\" \/>\n<meta property=\"og:type\" content=\"article\" \/>\n<meta property=\"og:title\" content=\"David couteau combin\u00e9 - David best in tools\" \/>\n<meta property=\"og:description\" content=\"Le couteau combin\u00e9 DAVID est un outil manuel polyvalent et indispensable pour les travaux de pr\u00e9cision. Ce couteau de haute qualit\u00e9 est \u00e9quip\u00e9 d&#039;une lame \u00e0 double tranchant, qui peut \u00eatre utilis\u00e9e sans effort pour diverses t\u00e2ches de rabotage. Gr\u00e2ce \u00e0 son design intelligent, le couteau combin\u00e9 est adapt\u00e9 pour le rabotage plat, de nez, concave et convexe, ainsi que pour gratter, piquer et couper. Il est id\u00e9al pour travailler des mat\u00e9riaux tels que le bois, le plastique, le cuir, le carton, le caoutchouc et d&#039;autres mat\u00e9riaux n\u00e9cessitant un travail fin et pr\u00e9cis.  Caract\u00e9ristiques :  \u2022 Couteau \u00e0 main multifonctionnel pour une utilisation polyvalente \u2022 Toujours tranchant gr\u00e2ce \u00e0 la lame durable \u00e0 double tranchant \u2022 Pi\u00e8ces facilement rempla\u00e7ables pour un entretien optimal \u2022 Convient \u00e0 divers mat\u00e9riaux, y compris le bois, le plastique et le caoutchouc  Avertissement : Les lames sont extr\u00eamement coupantes ! Utilisez ce produit avec pr\u00e9caution. Portez toujours des lunettes de s\u00e9curit\u00e9 lors de son utilisation. Utilisez la lame avec seulement un segment d\u00e9ploy\u00e9 et cassez la lame au niveau de la ligne de coupe. Jetez les lames usag\u00e9es avec soin et gardez-les hors de port\u00e9e des enfants.  ART. 647104 EAN: 8715629178840\" \/>\n<meta property=\"og:url\" content=\"https:\/\/www.davidbestintools.com\/fr\/product\/david-couteau-combine\/\" \/>\n<meta property=\"og:site_name\" content=\"David best in tools\" \/>\n<meta property=\"article:modified_time\" content=\"2024-11-18T11:44:01+00:00\" \/>\n<meta property=\"og:image\" content=\"https:\/\/www.davidbestintools.com\/wp-content\/uploads\/647104_davidschaaf_verpakking.png\" \/>\n\t<meta property=\"og:image:width\" content=\"1000\" \/>\n\t<meta property=\"og:image:height\" content=\"1500\" \/>\n\t<meta property=\"og:image:type\" content=\"image\/png\" \/>\n<meta name=\"twitter:card\" content=\"summary_large_image\" \/>\n<script type=\"application\/ld+json\" class=\"yoast-schema-graph\">{\"@context\":\"https:\\\/\\\/schema.org\",\"@graph\":[{\"@type\":\"WebPage\",\"@id\":\"https:\\\/\\\/www.davidbestintools.com\\\/fr\\\/product\\\/david-couteau-combine\\\/\",\"url\":\"https:\\\/\\\/www.davidbestintools.com\\\/fr\\\/product\\\/david-couteau-combine\\\/\",\"name\":\"David couteau combin\u00e9 - David best in tools\",\"isPartOf\":{\"@id\":\"https:\\\/\\\/www.davidbestintools.com\\\/#website\"},\"primaryImageOfPage\":{\"@id\":\"https:\\\/\\\/www.davidbestintools.com\\\/fr\\\/product\\\/david-couteau-combine\\\/#primaryimage\"},\"image\":{\"@id\":\"https:\\\/\\\/www.davidbestintools.com\\\/fr\\\/product\\\/david-couteau-combine\\\/#primaryimage\"},\"thumbnailUrl\":\"https:\\\/\\\/www.davidbestintools.com\\\/wp-content\\\/uploads\\\/David-combi-schaafje.webp\",\"datePublished\":\"2024-10-28T14:57:50+00:00\",\"dateModified\":\"2024-11-18T11:44:01+00:00\",\"breadcrumb\":{\"@id\":\"https:\\\/\\\/www.davidbestintools.com\\\/fr\\\/product\\\/david-couteau-combine\\\/#breadcrumb\"},\"inLanguage\":\"fr-FR\",\"potentialAction\":[{\"@type\":\"ReadAction\",\"target\":[\"https:\\\/\\\/www.davidbestintools.com\\\/fr\\\/product\\\/david-couteau-combine\\\/\"]}]},{\"@type\":\"ImageObject\",\"inLanguage\":\"fr-FR\",\"@id\":\"https:\\\/\\\/www.davidbestintools.com\\\/fr\\\/product\\\/david-couteau-combine\\\/#primaryimage\",\"url\":\"https:\\\/\\\/www.davidbestintools.com\\\/wp-content\\\/uploads\\\/David-combi-schaafje.webp\",\"contentUrl\":\"https:\\\/\\\/www.davidbestintools.com\\\/wp-content\\\/uploads\\\/David-combi-schaafje.webp\",\"width\":1000,\"height\":1000},{\"@type\":\"BreadcrumbList\",\"@id\":\"https:\\\/\\\/www.davidbestintools.com\\\/fr\\\/product\\\/david-couteau-combine\\\/#breadcrumb\",\"itemListElement\":[{\"@type\":\"ListItem\",\"position\":1,\"name\":\"Home\",\"item\":\"https:\\\/\\\/www.davidbestintools.com\\\/fr\\\/\"},{\"@type\":\"ListItem\",\"position\":2,\"name\":\"Boutique\",\"item\":\"https:\\\/\\\/www.davidbestintools.com\\\/fr\\\/boutique\\\/\"},{\"@type\":\"ListItem\",\"position\":3,\"name\":\"David couteau combin\u00e9\"}]},{\"@type\":\"WebSite\",\"@id\":\"https:\\\/\\\/www.davidbestintools.com\\\/#website\",\"url\":\"https:\\\/\\\/www.davidbestintools.com\\\/\",\"name\":\"David best in tools\",\"description\":\"\",\"potentialAction\":[{\"@type\":\"SearchAction\",\"target\":{\"@type\":\"EntryPoint\",\"urlTemplate\":\"https:\\\/\\\/www.davidbestintools.com\\\/?s={search_term_string}\"},\"query-input\":{\"@type\":\"PropertyValueSpecification\",\"valueRequired\":true,\"valueName\":\"search_term_string\"}}],\"inLanguage\":\"fr-FR\"}]}<\/script>\n<!-- \/ Yoast SEO plugin. -->","yoast_head_json":{"title":"David couteau combin\u00e9 - David best in tools","robots":{"index":"index","follow":"follow","max-snippet":"max-snippet:-1","max-image-preview":"max-image-preview:large","max-video-preview":"max-video-preview:-1"},"canonical":"https:\/\/www.davidbestintools.com\/fr\/product\/david-couteau-combine\/","og_locale":"fr_FR","og_type":"article","og_title":"David couteau combin\u00e9 - David best in tools","og_description":"Le couteau combin\u00e9 DAVID est un outil manuel polyvalent et indispensable pour les travaux de pr\u00e9cision. Ce couteau de haute qualit\u00e9 est \u00e9quip\u00e9 d'une lame \u00e0 double tranchant, qui peut \u00eatre utilis\u00e9e sans effort pour diverses t\u00e2ches de rabotage. Gr\u00e2ce \u00e0 son design intelligent, le couteau combin\u00e9 est adapt\u00e9 pour le rabotage plat, de nez, concave et convexe, ainsi que pour gratter, piquer et couper. Il est id\u00e9al pour travailler des mat\u00e9riaux tels que le bois, le plastique, le cuir, le carton, le caoutchouc et d'autres mat\u00e9riaux n\u00e9cessitant un travail fin et pr\u00e9cis.  Caract\u00e9ristiques :  \u2022 Couteau \u00e0 main multifonctionnel pour une utilisation polyvalente \u2022 Toujours tranchant gr\u00e2ce \u00e0 la lame durable \u00e0 double tranchant \u2022 Pi\u00e8ces facilement rempla\u00e7ables pour un entretien optimal \u2022 Convient \u00e0 divers mat\u00e9riaux, y compris le bois, le plastique et le caoutchouc  Avertissement : Les lames sont extr\u00eamement coupantes ! Utilisez ce produit avec pr\u00e9caution. Portez toujours des lunettes de s\u00e9curit\u00e9 lors de son utilisation. Utilisez la lame avec seulement un segment d\u00e9ploy\u00e9 et cassez la lame au niveau de la ligne de coupe. Jetez les lames usag\u00e9es avec soin et gardez-les hors de port\u00e9e des enfants.  ART. 647104 EAN: 8715629178840","og_url":"https:\/\/www.davidbestintools.com\/fr\/product\/david-couteau-combine\/","og_site_name":"David best in tools","article_modified_time":"2024-11-18T11:44:01+00:00","og_image":[{"width":1000,"height":1500,"url":"https:\/\/www.davidbestintools.com\/wp-content\/uploads\/647104_davidschaaf_verpakking.png","type":"image\/png"}],"twitter_card":"summary_large_image","schema":{"@context":"https:\/\/schema.org","@graph":[{"@type":"WebPage","@id":"https:\/\/www.davidbestintools.com\/fr\/product\/david-couteau-combine\/","url":"https:\/\/www.davidbestintools.com\/fr\/product\/david-couteau-combine\/","name":"David couteau combin\u00e9 - David best in tools","isPartOf":{"@id":"https:\/\/www.davidbestintools.com\/#website"},"primaryImageOfPage":{"@id":"https:\/\/www.davidbestintools.com\/fr\/product\/david-couteau-combine\/#primaryimage"},"image":{"@id":"https:\/\/www.davidbestintools.com\/fr\/product\/david-couteau-combine\/#primaryimage"},"thumbnailUrl":"https:\/\/www.davidbestintools.com\/wp-content\/uploads\/David-combi-schaafje.webp","datePublished":"2024-10-28T14:57:50+00:00","dateModified":"2024-11-18T11:44:01+00:00","breadcrumb":{"@id":"https:\/\/www.davidbestintools.com\/fr\/product\/david-couteau-combine\/#breadcrumb"},"inLanguage":"fr-FR","potentialAction":[{"@type":"ReadAction","target":["https:\/\/www.davidbestintools.com\/fr\/product\/david-couteau-combine\/"]}]},{"@type":"ImageObject","inLanguage":"fr-FR","@id":"https:\/\/www.davidbestintools.com\/fr\/product\/david-couteau-combine\/#primaryimage","url":"https:\/\/www.davidbestintools.com\/wp-content\/uploads\/David-combi-schaafje.webp","contentUrl":"https:\/\/www.davidbestintools.com\/wp-content\/uploads\/David-combi-schaafje.webp","width":1000,"height":1000},{"@type":"BreadcrumbList","@id":"https:\/\/www.davidbestintools.com\/fr\/product\/david-couteau-combine\/#breadcrumb","itemListElement":[{"@type":"ListItem","position":1,"name":"Home","item":"https:\/\/www.davidbestintools.com\/fr\/"},{"@type":"ListItem","position":2,"name":"Boutique","item":"https:\/\/www.davidbestintools.com\/fr\/boutique\/"},{"@type":"ListItem","position":3,"name":"David couteau combin\u00e9"}]},{"@type":"WebSite","@id":"https:\/\/www.davidbestintools.com\/#website","url":"https:\/\/www.davidbestintools.com\/","name":"David best in tools","description":"","potentialAction":[{"@type":"SearchAction","target":{"@type":"EntryPoint","urlTemplate":"https:\/\/www.davidbestintools.com\/?s={search_term_string}"},"query-input":{"@type":"PropertyValueSpecification","valueRequired":true,"valueName":"search_term_string"}}],"inLanguage":"fr-FR"}]}},"_links":{"self":[{"href":"https:\/\/www.davidbestintools.com\/fr\/wp-json\/wp\/v2\/product\/409","targetHints":{"allow":["GET"]}}],"collection":[{"href":"https:\/\/www.davidbestintools.com\/fr\/wp-json\/wp\/v2\/product"}],"about":[{"href":"https:\/\/www.davidbestintools.com\/fr\/wp-json\/wp\/v2\/types\/product"}],"replies":[{"embeddable":true,"href":"https:\/\/www.davidbestintools.com\/fr\/wp-json\/wp\/v2\/comments?post=409"}],"wp:featuredmedia":[{"embeddable":true,"href":"https:\/\/www.davidbestintools.com\/fr\/wp-json\/wp\/v2\/media\/588"}],"wp:attachment":[{"href":"https:\/\/www.davidbestintools.com\/fr\/wp-json\/wp\/v2\/media?parent=409"}],"wp:term":[{"taxonomy":"product_brand","embeddable":true,"href":"https:\/\/www.davidbestintools.com\/fr\/wp-json\/wp\/v2\/product_brand?post=409"},{"taxonomy":"product_cat","embeddable":true,"href":"https:\/\/www.davidbestintools.com\/fr\/wp-json\/wp\/v2\/product_cat?post=409"},{"taxonomy":"product_tag","embeddable":true,"href":"https:\/\/www.davidbestintools.com\/fr\/wp-json\/wp\/v2\/product_tag?post=409"}],"curies":[{"name":"wp","href":"https:\/\/api.w.org\/{rel}","templated":true}]}}