{"id":467,"date":"2024-10-28T15:15:44","date_gmt":"2024-10-28T15:15:44","guid":{"rendered":"https:\/\/www.davidbestintools.com\/?post_type=product&#038;p=467"},"modified":"2024-11-18T15:49:28","modified_gmt":"2024-11-18T15:49:28","slug":"cuchillas-para-david-schaaf","status":"publish","type":"product","link":"https:\/\/www.davidbestintools.com\/es\/product\/cuchillas-para-david-schaaf\/","title":{"rendered":"Cuchillas para David Schaaf"},"content":{"rendered":"","protected":false},"excerpt":{"rendered":"<p>Estas <strong>cuchillas de repuesto para David Schaaf<\/strong> est\u00e1n especialmente dise\u00f1adas para ofrecer una larga duraci\u00f3n y precisi\u00f3n. Fabricadas en acero inoxidable, las cuchillas tienen un dise\u00f1o de corte doble, lo que las hace tanto eficientes como duraderas. Son f\u00e1ciles de reemplazar, lo que permite mantener tu <strong>David Schaaf<\/strong> siempre en \u00f3ptimas condiciones.<\/p>\n<p><strong>Caracter\u00edsticas:<\/strong><\/p>\n<ul>\n<li><strong>Cuchillas de acero inoxidable<\/strong> para una durabilidad m\u00e1xima.<\/li>\n<li><strong>Corte doble<\/strong> para un uso m\u00e1s prolongado y resultados siempre n\u00edtidos.<\/li>\n<li>Dise\u00f1adas espec\u00edficamente como <strong>cuchillas de repuesto<\/strong> para el <strong>David Schaaf<\/strong>.<\/li>\n<\/ul>\n<p><strong>Advertencia:<\/strong> \u00a1Las cuchillas son extremadamente afiladas! Usa este producto con precauci\u00f3n. Siempre usa gafas de seguridad durante el uso. Utiliza solo un segmento de la cuchilla a la vez y c\u00f3rtalo en la l\u00ednea de corte. Desecha las cuchillas usadas con cuidado y mantenlas fuera del alcance de los ni\u00f1os.<\/p>\n<p>ART. 647157<br \/>\nEAN: 8711684715761<\/p>\n","protected":false},"featured_media":625,"comment_status":"closed","ping_status":"closed","template":"","meta":{"inline_featured_image":false},"product_brand":[],"product_cat":[],"product_tag":[],"class_list":{"0":"post-467","1":"product","2":"type-product","3":"status-publish","4":"has-post-thumbnail","7":"first","8":"instock","9":"shipping-taxable","10":"purchasable","11":"product-type-simple"},"yoast_head":"<!-- This site is optimized with the Yoast SEO plugin v27.5 - https:\/\/yoast.com\/product\/yoast-seo-wordpress\/ -->\n<title>Cuchillas para David Schaaf - David best in tools<\/title>\n<meta name=\"robots\" content=\"index, follow, max-snippet:-1, max-image-preview:large, max-video-preview:-1\" \/>\n<link rel=\"canonical\" href=\"https:\/\/www.davidbestintools.com\/product\/mesjes-voor-david-schaaf\/\" \/>\n<meta property=\"og:locale\" content=\"es_ES\" \/>\n<meta property=\"og:type\" content=\"article\" \/>\n<meta property=\"og:title\" content=\"Cuchillas para David Schaaf - David best in tools\" \/>\n<meta property=\"og:description\" content=\"Estas cuchillas de repuesto para David Schaaf est\u00e1n especialmente dise\u00f1adas para ofrecer una larga duraci\u00f3n y precisi\u00f3n. Fabricadas en acero inoxidable, las cuchillas tienen un dise\u00f1o de corte doble, lo que las hace tanto eficientes como duraderas. Son f\u00e1ciles de reemplazar, lo que permite mantener tu David Schaaf siempre en \u00f3ptimas condiciones.  Caracter\u00edsticas:   Cuchillas de acero inoxidable para una durabilidad m\u00e1xima.  Corte doble para un uso m\u00e1s prolongado y resultados siempre n\u00edtidos.  Dise\u00f1adas espec\u00edficamente como cuchillas de repuesto para el David Schaaf.  Advertencia: \u00a1Las cuchillas son extremadamente afiladas! Usa este producto con precauci\u00f3n. Siempre usa gafas de seguridad durante el uso. Utiliza solo un segmento de la cuchilla a la vez y c\u00f3rtalo en la l\u00ednea de corte. Desecha las cuchillas usadas con cuidado y mantenlas fuera del alcance de los ni\u00f1os.  ART. 647157 EAN: 8711684715761\" \/>\n<meta property=\"og:url\" content=\"https:\/\/www.davidbestintools.com\/product\/mesjes-voor-david-schaaf\/\" \/>\n<meta property=\"og:site_name\" content=\"David best in tools\" \/>\n<meta property=\"article:modified_time\" content=\"2024-11-18T15:49:28+00:00\" \/>\n<meta property=\"og:image\" content=\"https:\/\/www.davidbestintools.com\/wp-content\/uploads\/647157_beitelmesjes_los.png\" \/>\n\t<meta property=\"og:image:width\" content=\"1000\" \/>\n\t<meta property=\"og:image:height\" content=\"667\" \/>\n\t<meta property=\"og:image:type\" content=\"image\/png\" \/>\n<meta name=\"twitter:card\" content=\"summary_large_image\" \/>\n<meta name=\"twitter:label1\" content=\"Tiempo de lectura\" \/>\n\t<meta name=\"twitter:data1\" content=\"1 minuto\" \/>\n<script type=\"application\/ld+json\" class=\"yoast-schema-graph\">{\"@context\":\"https:\\\/\\\/schema.org\",\"@graph\":[{\"@type\":\"WebPage\",\"@id\":\"https:\\\/\\\/www.davidbestintools.com\\\/product\\\/mesjes-voor-david-schaaf\\\/\",\"url\":\"https:\\\/\\\/www.davidbestintools.com\\\/product\\\/mesjes-voor-david-schaaf\\\/\",\"name\":\"Cuchillas para David Schaaf - David best in tools\",\"isPartOf\":{\"@id\":\"https:\\\/\\\/www.davidbestintools.com\\\/#website\"},\"primaryImageOfPage\":{\"@id\":\"https:\\\/\\\/www.davidbestintools.com\\\/product\\\/mesjes-voor-david-schaaf\\\/#primaryimage\"},\"image\":{\"@id\":\"https:\\\/\\\/www.davidbestintools.com\\\/product\\\/mesjes-voor-david-schaaf\\\/#primaryimage\"},\"thumbnailUrl\":\"https:\\\/\\\/www.davidbestintools.com\\\/wp-content\\\/uploads\\\/beitelmesjes-los-2.webp\",\"datePublished\":\"2024-10-28T15:15:44+00:00\",\"dateModified\":\"2024-11-18T15:49:28+00:00\",\"breadcrumb\":{\"@id\":\"https:\\\/\\\/www.davidbestintools.com\\\/product\\\/mesjes-voor-david-schaaf\\\/#breadcrumb\"},\"inLanguage\":\"es\",\"potentialAction\":[{\"@type\":\"ReadAction\",\"target\":[\"https:\\\/\\\/www.davidbestintools.com\\\/product\\\/mesjes-voor-david-schaaf\\\/\"]}]},{\"@type\":\"ImageObject\",\"inLanguage\":\"es\",\"@id\":\"https:\\\/\\\/www.davidbestintools.com\\\/product\\\/mesjes-voor-david-schaaf\\\/#primaryimage\",\"url\":\"https:\\\/\\\/www.davidbestintools.com\\\/wp-content\\\/uploads\\\/beitelmesjes-los-2.webp\",\"contentUrl\":\"https:\\\/\\\/www.davidbestintools.com\\\/wp-content\\\/uploads\\\/beitelmesjes-los-2.webp\",\"width\":1000,\"height\":1000},{\"@type\":\"BreadcrumbList\",\"@id\":\"https:\\\/\\\/www.davidbestintools.com\\\/product\\\/mesjes-voor-david-schaaf\\\/#breadcrumb\",\"itemListElement\":[{\"@type\":\"ListItem\",\"position\":1,\"name\":\"Home\",\"item\":\"https:\\\/\\\/www.davidbestintools.com\\\/es\\\/\"},{\"@type\":\"ListItem\",\"position\":2,\"name\":\"Tienda\",\"item\":\"https:\\\/\\\/www.davidbestintools.com\\\/es\\\/tienda\\\/\"},{\"@type\":\"ListItem\",\"position\":3,\"name\":\"Cuchillas para David Schaaf\"}]},{\"@type\":\"WebSite\",\"@id\":\"https:\\\/\\\/www.davidbestintools.com\\\/#website\",\"url\":\"https:\\\/\\\/www.davidbestintools.com\\\/\",\"name\":\"David best in tools\",\"description\":\"\",\"potentialAction\":[{\"@type\":\"SearchAction\",\"target\":{\"@type\":\"EntryPoint\",\"urlTemplate\":\"https:\\\/\\\/www.davidbestintools.com\\\/?s={search_term_string}\"},\"query-input\":{\"@type\":\"PropertyValueSpecification\",\"valueRequired\":true,\"valueName\":\"search_term_string\"}}],\"inLanguage\":\"es\"}]}<\/script>\n<!-- \/ Yoast SEO plugin. -->","yoast_head_json":{"title":"Cuchillas para David Schaaf - David best in tools","robots":{"index":"index","follow":"follow","max-snippet":"max-snippet:-1","max-image-preview":"max-image-preview:large","max-video-preview":"max-video-preview:-1"},"canonical":"https:\/\/www.davidbestintools.com\/product\/mesjes-voor-david-schaaf\/","og_locale":"es_ES","og_type":"article","og_title":"Cuchillas para David Schaaf - David best in tools","og_description":"Estas cuchillas de repuesto para David Schaaf est\u00e1n especialmente dise\u00f1adas para ofrecer una larga duraci\u00f3n y precisi\u00f3n. Fabricadas en acero inoxidable, las cuchillas tienen un dise\u00f1o de corte doble, lo que las hace tanto eficientes como duraderas. Son f\u00e1ciles de reemplazar, lo que permite mantener tu David Schaaf siempre en \u00f3ptimas condiciones.  Caracter\u00edsticas:   Cuchillas de acero inoxidable para una durabilidad m\u00e1xima.  Corte doble para un uso m\u00e1s prolongado y resultados siempre n\u00edtidos.  Dise\u00f1adas espec\u00edficamente como cuchillas de repuesto para el David Schaaf.  Advertencia: \u00a1Las cuchillas son extremadamente afiladas! Usa este producto con precauci\u00f3n. Siempre usa gafas de seguridad durante el uso. Utiliza solo un segmento de la cuchilla a la vez y c\u00f3rtalo en la l\u00ednea de corte. Desecha las cuchillas usadas con cuidado y mantenlas fuera del alcance de los ni\u00f1os.  ART. 647157 EAN: 8711684715761","og_url":"https:\/\/www.davidbestintools.com\/product\/mesjes-voor-david-schaaf\/","og_site_name":"David best in tools","article_modified_time":"2024-11-18T15:49:28+00:00","og_image":[{"width":1000,"height":667,"url":"https:\/\/www.davidbestintools.com\/wp-content\/uploads\/647157_beitelmesjes_los.png","type":"image\/png"}],"twitter_card":"summary_large_image","twitter_misc":{"Tiempo de lectura":"1 minuto"},"schema":{"@context":"https:\/\/schema.org","@graph":[{"@type":"WebPage","@id":"https:\/\/www.davidbestintools.com\/product\/mesjes-voor-david-schaaf\/","url":"https:\/\/www.davidbestintools.com\/product\/mesjes-voor-david-schaaf\/","name":"Cuchillas para David Schaaf - David best in tools","isPartOf":{"@id":"https:\/\/www.davidbestintools.com\/#website"},"primaryImageOfPage":{"@id":"https:\/\/www.davidbestintools.com\/product\/mesjes-voor-david-schaaf\/#primaryimage"},"image":{"@id":"https:\/\/www.davidbestintools.com\/product\/mesjes-voor-david-schaaf\/#primaryimage"},"thumbnailUrl":"https:\/\/www.davidbestintools.com\/wp-content\/uploads\/beitelmesjes-los-2.webp","datePublished":"2024-10-28T15:15:44+00:00","dateModified":"2024-11-18T15:49:28+00:00","breadcrumb":{"@id":"https:\/\/www.davidbestintools.com\/product\/mesjes-voor-david-schaaf\/#breadcrumb"},"inLanguage":"es","potentialAction":[{"@type":"ReadAction","target":["https:\/\/www.davidbestintools.com\/product\/mesjes-voor-david-schaaf\/"]}]},{"@type":"ImageObject","inLanguage":"es","@id":"https:\/\/www.davidbestintools.com\/product\/mesjes-voor-david-schaaf\/#primaryimage","url":"https:\/\/www.davidbestintools.com\/wp-content\/uploads\/beitelmesjes-los-2.webp","contentUrl":"https:\/\/www.davidbestintools.com\/wp-content\/uploads\/beitelmesjes-los-2.webp","width":1000,"height":1000},{"@type":"BreadcrumbList","@id":"https:\/\/www.davidbestintools.com\/product\/mesjes-voor-david-schaaf\/#breadcrumb","itemListElement":[{"@type":"ListItem","position":1,"name":"Home","item":"https:\/\/www.davidbestintools.com\/es\/"},{"@type":"ListItem","position":2,"name":"Tienda","item":"https:\/\/www.davidbestintools.com\/es\/tienda\/"},{"@type":"ListItem","position":3,"name":"Cuchillas para David Schaaf"}]},{"@type":"WebSite","@id":"https:\/\/www.davidbestintools.com\/#website","url":"https:\/\/www.davidbestintools.com\/","name":"David best in tools","description":"","potentialAction":[{"@type":"SearchAction","target":{"@type":"EntryPoint","urlTemplate":"https:\/\/www.davidbestintools.com\/?s={search_term_string}"},"query-input":{"@type":"PropertyValueSpecification","valueRequired":true,"valueName":"search_term_string"}}],"inLanguage":"es"}]}},"_links":{"self":[{"href":"https:\/\/www.davidbestintools.com\/es\/wp-json\/wp\/v2\/product\/467","targetHints":{"allow":["GET"]}}],"collection":[{"href":"https:\/\/www.davidbestintools.com\/es\/wp-json\/wp\/v2\/product"}],"about":[{"href":"https:\/\/www.davidbestintools.com\/es\/wp-json\/wp\/v2\/types\/product"}],"replies":[{"embeddable":true,"href":"https:\/\/www.davidbestintools.com\/es\/wp-json\/wp\/v2\/comments?post=467"}],"wp:featuredmedia":[{"embeddable":true,"href":"https:\/\/www.davidbestintools.com\/es\/wp-json\/wp\/v2\/media\/625"}],"wp:attachment":[{"href":"https:\/\/www.davidbestintools.com\/es\/wp-json\/wp\/v2\/media?parent=467"}],"wp:term":[{"taxonomy":"product_brand","embeddable":true,"href":"https:\/\/www.davidbestintools.com\/es\/wp-json\/wp\/v2\/product_brand?post=467"},{"taxonomy":"product_cat","embeddable":true,"href":"https:\/\/www.davidbestintools.com\/es\/wp-json\/wp\/v2\/product_cat?post=467"},{"taxonomy":"product_tag","embeddable":true,"href":"https:\/\/www.davidbestintools.com\/es\/wp-json\/wp\/v2\/product_tag?post=467"}],"curies":[{"name":"wp","href":"https:\/\/api.w.org\/{rel}","templated":true}]}}