{"id":459,"date":"2024-10-29T10:19:27","date_gmt":"2024-10-29T10:19:27","guid":{"rendered":"https:\/\/www.davidbestintools.com\/?post_type=product&#038;p=459"},"modified":"2024-11-18T15:22:05","modified_gmt":"2024-11-18T15:22:05","slug":"david-cuchillas-de-repuesto-18-mm-sk2-10-unidades","status":"publish","type":"product","link":"https:\/\/www.davidbestintools.com\/es\/product\/david-cuchillas-de-repuesto-18-mm-sk2-10-unidades\/","title":{"rendered":"David Cuchillas de repuesto 18 mm SK2 (10 unidades)"},"content":{"rendered":"","protected":false},"excerpt":{"rendered":"<p>Las cuchillas de repuesto David 18 mm SK2 son compatibles con el cuchillo David ABS 18 mm SK2 ZB (648101). Estas cuchillas son el complemento perfecto para tu set de cuchillos. El paquete contiene 10 unidades y est\u00e1n dise\u00f1adas para un uso prolongado e intensivo.<\/p>\n<p><strong>Caracter\u00edsticas:<\/strong><\/p>\n<ul>\n<li><strong>Tecnolog\u00eda SK2<\/strong>: Gracias al tratamiento con l\u00e1ser, los bordes de corte son 2 HRC m\u00e1s duros, lo que significa que la cuchilla se mantiene afilada 4 veces m\u00e1s tiempo, incluso con un uso intensivo. Esto da como resultado una cuchilla m\u00e1s duradera.<\/li>\n<li><strong>Sistema de bloqueo autom\u00e1tico<\/strong>: El cuchillo cuenta con un sistema de bloqueo autom\u00e1tico que soporta hasta 25 kg de presi\u00f3n, lo que lo mantiene seguro y estable durante el corte.<\/li>\n<li><strong>Cuchilla<\/strong>: Esta cuchilla es un 40% m\u00e1s gruesa que una cuchilla est\u00e1ndar, lo que la hace m\u00e1s duradera y permite un corte m\u00e1s potente.<br \/>\nResistente al \u00f3xido: La cuchilla es resistente al \u00f3xido, lo que contribuye a una mayor vida \u00fatil.<\/li>\n<\/ul>\n<p><strong>Advertencia:<\/strong><br \/>\n\u00a1Las cuchillas son extremadamente afiladas! Utiliza este producto con precauci\u00f3n. Siempre retrae la cuchilla completamente cuando no est\u00e9 en uso. Usa gafas de seguridad durante el uso. Utiliza solo un segmento de la cuchilla a la vez y r\u00f3mpelo en la l\u00ednea de corte. Desecha las cuchillas usadas con cuidado y mantenlas fuera del alcance de los ni\u00f1os.<\/p>\n<p>ART. 649101<br \/>\nEAN: 8715629178925<\/p>\n","protected":false},"featured_media":600,"comment_status":"closed","ping_status":"closed","template":"","meta":{"inline_featured_image":false},"product_brand":[],"product_cat":[],"product_tag":[],"class_list":{"0":"post-459","1":"product","2":"type-product","3":"status-publish","4":"has-post-thumbnail","7":"first","8":"instock","9":"shipping-taxable","10":"purchasable","11":"product-type-simple"},"yoast_head":"<!-- This site is optimized with the Yoast SEO plugin v27.4 - https:\/\/yoast.com\/product\/yoast-seo-wordpress\/ -->\n<title>David Cuchillas de repuesto 18 mm SK2 (10 unidades) - David best in tools<\/title>\n<meta name=\"robots\" content=\"index, follow, max-snippet:-1, max-image-preview:large, max-video-preview:-1\" \/>\n<link rel=\"canonical\" href=\"https:\/\/www.davidbestintools.com\/es\/product\/david-cuchillas-de-repuesto-18-mm-sk2-10-unidades\/\" \/>\n<meta property=\"og:locale\" content=\"es_ES\" \/>\n<meta property=\"og:type\" content=\"article\" \/>\n<meta property=\"og:title\" content=\"David Cuchillas de repuesto 18 mm SK2 (10 unidades) - David best in tools\" \/>\n<meta property=\"og:description\" content=\"Las cuchillas de repuesto David 18 mm SK2 son compatibles con el cuchillo David ABS 18 mm SK2 ZB (648101). Estas cuchillas son el complemento perfecto para tu set de cuchillos. El paquete contiene 10 unidades y est\u00e1n dise\u00f1adas para un uso prolongado e intensivo.  Caracter\u00edsticas:   Tecnolog\u00eda SK2: Gracias al tratamiento con l\u00e1ser, los bordes de corte son 2 HRC m\u00e1s duros, lo que significa que la cuchilla se mantiene afilada 4 veces m\u00e1s tiempo, incluso con un uso intensivo. Esto da como resultado una cuchilla m\u00e1s duradera.  Sistema de bloqueo autom\u00e1tico: El cuchillo cuenta con un sistema de bloqueo autom\u00e1tico que soporta hasta 25 kg de presi\u00f3n, lo que lo mantiene seguro y estable durante el corte.  Cuchilla: Esta cuchilla es un 40% m\u00e1s gruesa que una cuchilla est\u00e1ndar, lo que la hace m\u00e1s duradera y permite un corte m\u00e1s potente. Resistente al \u00f3xido: La cuchilla es resistente al \u00f3xido, lo que contribuye a una mayor vida \u00fatil.  Advertencia: \u00a1Las cuchillas son extremadamente afiladas! Utiliza este producto con precauci\u00f3n. Siempre retrae la cuchilla completamente cuando no est\u00e9 en uso. Usa gafas de seguridad durante el uso. Utiliza solo un segmento de la cuchilla a la vez y r\u00f3mpelo en la l\u00ednea de corte. Desecha las cuchillas usadas con cuidado y mantenlas fuera del alcance de los ni\u00f1os.  ART. 649101 EAN: 8715629178925\" \/>\n<meta property=\"og:url\" content=\"https:\/\/www.davidbestintools.com\/es\/product\/david-cuchillas-de-repuesto-18-mm-sk2-10-unidades\/\" \/>\n<meta property=\"og:site_name\" content=\"David best in tools\" \/>\n<meta property=\"article:modified_time\" content=\"2024-11-18T15:22:05+00:00\" \/>\n<meta property=\"og:image\" content=\"https:\/\/www.davidbestintools.com\/wp-content\/uploads\/ART.-649101-David-reservemes-18-mm-SK2-10-stuks.jpg\" \/>\n\t<meta property=\"og:image:width\" content=\"561\" \/>\n\t<meta property=\"og:image:height\" content=\"842\" \/>\n\t<meta property=\"og:image:type\" content=\"image\/jpeg\" \/>\n<meta name=\"twitter:card\" content=\"summary_large_image\" \/>\n<script type=\"application\/ld+json\" class=\"yoast-schema-graph\">{\"@context\":\"https:\\\/\\\/schema.org\",\"@graph\":[{\"@type\":\"WebPage\",\"@id\":\"https:\\\/\\\/www.davidbestintools.com\\\/es\\\/product\\\/david-cuchillas-de-repuesto-18-mm-sk2-10-unidades\\\/\",\"url\":\"https:\\\/\\\/www.davidbestintools.com\\\/es\\\/product\\\/david-cuchillas-de-repuesto-18-mm-sk2-10-unidades\\\/\",\"name\":\"David Cuchillas de repuesto 18 mm SK2 (10 unidades) - David best in tools\",\"isPartOf\":{\"@id\":\"https:\\\/\\\/www.davidbestintools.com\\\/#website\"},\"primaryImageOfPage\":{\"@id\":\"https:\\\/\\\/www.davidbestintools.com\\\/es\\\/product\\\/david-cuchillas-de-repuesto-18-mm-sk2-10-unidades\\\/#primaryimage\"},\"image\":{\"@id\":\"https:\\\/\\\/www.davidbestintools.com\\\/es\\\/product\\\/david-cuchillas-de-repuesto-18-mm-sk2-10-unidades\\\/#primaryimage\"},\"thumbnailUrl\":\"https:\\\/\\\/www.davidbestintools.com\\\/wp-content\\\/uploads\\\/David-reservemes-18-mm-SK2-2.webp\",\"datePublished\":\"2024-10-29T10:19:27+00:00\",\"dateModified\":\"2024-11-18T15:22:05+00:00\",\"breadcrumb\":{\"@id\":\"https:\\\/\\\/www.davidbestintools.com\\\/es\\\/product\\\/david-cuchillas-de-repuesto-18-mm-sk2-10-unidades\\\/#breadcrumb\"},\"inLanguage\":\"es\",\"potentialAction\":[{\"@type\":\"ReadAction\",\"target\":[\"https:\\\/\\\/www.davidbestintools.com\\\/es\\\/product\\\/david-cuchillas-de-repuesto-18-mm-sk2-10-unidades\\\/\"]}]},{\"@type\":\"ImageObject\",\"inLanguage\":\"es\",\"@id\":\"https:\\\/\\\/www.davidbestintools.com\\\/es\\\/product\\\/david-cuchillas-de-repuesto-18-mm-sk2-10-unidades\\\/#primaryimage\",\"url\":\"https:\\\/\\\/www.davidbestintools.com\\\/wp-content\\\/uploads\\\/David-reservemes-18-mm-SK2-2.webp\",\"contentUrl\":\"https:\\\/\\\/www.davidbestintools.com\\\/wp-content\\\/uploads\\\/David-reservemes-18-mm-SK2-2.webp\",\"width\":1000,\"height\":1000},{\"@type\":\"BreadcrumbList\",\"@id\":\"https:\\\/\\\/www.davidbestintools.com\\\/es\\\/product\\\/david-cuchillas-de-repuesto-18-mm-sk2-10-unidades\\\/#breadcrumb\",\"itemListElement\":[{\"@type\":\"ListItem\",\"position\":1,\"name\":\"Home\",\"item\":\"https:\\\/\\\/www.davidbestintools.com\\\/es\\\/\"},{\"@type\":\"ListItem\",\"position\":2,\"name\":\"Tienda\",\"item\":\"https:\\\/\\\/www.davidbestintools.com\\\/es\\\/tienda\\\/\"},{\"@type\":\"ListItem\",\"position\":3,\"name\":\"David Cuchillas de repuesto 18 mm SK2 (10 unidades)\"}]},{\"@type\":\"WebSite\",\"@id\":\"https:\\\/\\\/www.davidbestintools.com\\\/#website\",\"url\":\"https:\\\/\\\/www.davidbestintools.com\\\/\",\"name\":\"David best in tools\",\"description\":\"\",\"potentialAction\":[{\"@type\":\"SearchAction\",\"target\":{\"@type\":\"EntryPoint\",\"urlTemplate\":\"https:\\\/\\\/www.davidbestintools.com\\\/?s={search_term_string}\"},\"query-input\":{\"@type\":\"PropertyValueSpecification\",\"valueRequired\":true,\"valueName\":\"search_term_string\"}}],\"inLanguage\":\"es\"}]}<\/script>\n<!-- \/ Yoast SEO plugin. -->","yoast_head_json":{"title":"David Cuchillas de repuesto 18 mm SK2 (10 unidades) - David best in tools","robots":{"index":"index","follow":"follow","max-snippet":"max-snippet:-1","max-image-preview":"max-image-preview:large","max-video-preview":"max-video-preview:-1"},"canonical":"https:\/\/www.davidbestintools.com\/es\/product\/david-cuchillas-de-repuesto-18-mm-sk2-10-unidades\/","og_locale":"es_ES","og_type":"article","og_title":"David Cuchillas de repuesto 18 mm SK2 (10 unidades) - David best in tools","og_description":"Las cuchillas de repuesto David 18 mm SK2 son compatibles con el cuchillo David ABS 18 mm SK2 ZB (648101). Estas cuchillas son el complemento perfecto para tu set de cuchillos. El paquete contiene 10 unidades y est\u00e1n dise\u00f1adas para un uso prolongado e intensivo.  Caracter\u00edsticas:   Tecnolog\u00eda SK2: Gracias al tratamiento con l\u00e1ser, los bordes de corte son 2 HRC m\u00e1s duros, lo que significa que la cuchilla se mantiene afilada 4 veces m\u00e1s tiempo, incluso con un uso intensivo. Esto da como resultado una cuchilla m\u00e1s duradera.  Sistema de bloqueo autom\u00e1tico: El cuchillo cuenta con un sistema de bloqueo autom\u00e1tico que soporta hasta 25 kg de presi\u00f3n, lo que lo mantiene seguro y estable durante el corte.  Cuchilla: Esta cuchilla es un 40% m\u00e1s gruesa que una cuchilla est\u00e1ndar, lo que la hace m\u00e1s duradera y permite un corte m\u00e1s potente. Resistente al \u00f3xido: La cuchilla es resistente al \u00f3xido, lo que contribuye a una mayor vida \u00fatil.  Advertencia: \u00a1Las cuchillas son extremadamente afiladas! Utiliza este producto con precauci\u00f3n. Siempre retrae la cuchilla completamente cuando no est\u00e9 en uso. Usa gafas de seguridad durante el uso. Utiliza solo un segmento de la cuchilla a la vez y r\u00f3mpelo en la l\u00ednea de corte. Desecha las cuchillas usadas con cuidado y mantenlas fuera del alcance de los ni\u00f1os.  ART. 649101 EAN: 8715629178925","og_url":"https:\/\/www.davidbestintools.com\/es\/product\/david-cuchillas-de-repuesto-18-mm-sk2-10-unidades\/","og_site_name":"David best in tools","article_modified_time":"2024-11-18T15:22:05+00:00","og_image":[{"width":561,"height":842,"url":"https:\/\/www.davidbestintools.com\/wp-content\/uploads\/ART.-649101-David-reservemes-18-mm-SK2-10-stuks.jpg","type":"image\/jpeg"}],"twitter_card":"summary_large_image","schema":{"@context":"https:\/\/schema.org","@graph":[{"@type":"WebPage","@id":"https:\/\/www.davidbestintools.com\/es\/product\/david-cuchillas-de-repuesto-18-mm-sk2-10-unidades\/","url":"https:\/\/www.davidbestintools.com\/es\/product\/david-cuchillas-de-repuesto-18-mm-sk2-10-unidades\/","name":"David Cuchillas de repuesto 18 mm SK2 (10 unidades) - David best in tools","isPartOf":{"@id":"https:\/\/www.davidbestintools.com\/#website"},"primaryImageOfPage":{"@id":"https:\/\/www.davidbestintools.com\/es\/product\/david-cuchillas-de-repuesto-18-mm-sk2-10-unidades\/#primaryimage"},"image":{"@id":"https:\/\/www.davidbestintools.com\/es\/product\/david-cuchillas-de-repuesto-18-mm-sk2-10-unidades\/#primaryimage"},"thumbnailUrl":"https:\/\/www.davidbestintools.com\/wp-content\/uploads\/David-reservemes-18-mm-SK2-2.webp","datePublished":"2024-10-29T10:19:27+00:00","dateModified":"2024-11-18T15:22:05+00:00","breadcrumb":{"@id":"https:\/\/www.davidbestintools.com\/es\/product\/david-cuchillas-de-repuesto-18-mm-sk2-10-unidades\/#breadcrumb"},"inLanguage":"es","potentialAction":[{"@type":"ReadAction","target":["https:\/\/www.davidbestintools.com\/es\/product\/david-cuchillas-de-repuesto-18-mm-sk2-10-unidades\/"]}]},{"@type":"ImageObject","inLanguage":"es","@id":"https:\/\/www.davidbestintools.com\/es\/product\/david-cuchillas-de-repuesto-18-mm-sk2-10-unidades\/#primaryimage","url":"https:\/\/www.davidbestintools.com\/wp-content\/uploads\/David-reservemes-18-mm-SK2-2.webp","contentUrl":"https:\/\/www.davidbestintools.com\/wp-content\/uploads\/David-reservemes-18-mm-SK2-2.webp","width":1000,"height":1000},{"@type":"BreadcrumbList","@id":"https:\/\/www.davidbestintools.com\/es\/product\/david-cuchillas-de-repuesto-18-mm-sk2-10-unidades\/#breadcrumb","itemListElement":[{"@type":"ListItem","position":1,"name":"Home","item":"https:\/\/www.davidbestintools.com\/es\/"},{"@type":"ListItem","position":2,"name":"Tienda","item":"https:\/\/www.davidbestintools.com\/es\/tienda\/"},{"@type":"ListItem","position":3,"name":"David Cuchillas de repuesto 18 mm SK2 (10 unidades)"}]},{"@type":"WebSite","@id":"https:\/\/www.davidbestintools.com\/#website","url":"https:\/\/www.davidbestintools.com\/","name":"David best in tools","description":"","potentialAction":[{"@type":"SearchAction","target":{"@type":"EntryPoint","urlTemplate":"https:\/\/www.davidbestintools.com\/?s={search_term_string}"},"query-input":{"@type":"PropertyValueSpecification","valueRequired":true,"valueName":"search_term_string"}}],"inLanguage":"es"}]}},"_links":{"self":[{"href":"https:\/\/www.davidbestintools.com\/es\/wp-json\/wp\/v2\/product\/459","targetHints":{"allow":["GET"]}}],"collection":[{"href":"https:\/\/www.davidbestintools.com\/es\/wp-json\/wp\/v2\/product"}],"about":[{"href":"https:\/\/www.davidbestintools.com\/es\/wp-json\/wp\/v2\/types\/product"}],"replies":[{"embeddable":true,"href":"https:\/\/www.davidbestintools.com\/es\/wp-json\/wp\/v2\/comments?post=459"}],"wp:featuredmedia":[{"embeddable":true,"href":"https:\/\/www.davidbestintools.com\/es\/wp-json\/wp\/v2\/media\/600"}],"wp:attachment":[{"href":"https:\/\/www.davidbestintools.com\/es\/wp-json\/wp\/v2\/media?parent=459"}],"wp:term":[{"taxonomy":"product_brand","embeddable":true,"href":"https:\/\/www.davidbestintools.com\/es\/wp-json\/wp\/v2\/product_brand?post=459"},{"taxonomy":"product_cat","embeddable":true,"href":"https:\/\/www.davidbestintools.com\/es\/wp-json\/wp\/v2\/product_cat?post=459"},{"taxonomy":"product_tag","embeddable":true,"href":"https:\/\/www.davidbestintools.com\/es\/wp-json\/wp\/v2\/product_tag?post=459"}],"curies":[{"name":"wp","href":"https:\/\/api.w.org\/{rel}","templated":true}]}}