{"id":458,"date":"2024-10-29T10:15:41","date_gmt":"2024-10-29T10:15:41","guid":{"rendered":"https:\/\/www.davidbestintools.com\/?post_type=product&#038;p=458"},"modified":"2024-11-18T15:18:09","modified_gmt":"2024-11-18T15:18:09","slug":"david-cuchilla-alum-trapezium-06-mm-sk2-zb","status":"publish","type":"product","link":"https:\/\/www.davidbestintools.com\/es\/product\/david-cuchilla-alum-trapezium-06-mm-sk2-zb\/","title":{"rendered":"David Cuchilla Alum Trapezium 0,6 mm SK2 ZB"},"content":{"rendered":"","protected":false},"excerpt":{"rendered":"<p>El David Cuchillo Alum Trapezium 0,6 mm SK2 ZB es una excelente herramienta para aquellos que necesitan realizar trabajos de corte precisos y finos. Este cuchillo negro y azul viene con una cuchilla y cuatro cuchillas adicionales, lo que te asegura tener siempre una cuchilla de repuesto a mano.<\/p>\n<p><strong>Caracter\u00edsticas:<\/strong><\/p>\n<ul>\n<li><strong>Tecnolog\u00eda SK2<\/strong>: Gracias al tratamiento con l\u00e1ser, los bordes de corte son 2 HRC m\u00e1s duros, lo que significa que la cuchilla se mantiene afilada 4 veces m\u00e1s tiempo, incluso con uso intensivo. Esto da como resultado una cuchilla m\u00e1s duradera.<\/li>\n<li><strong>Cuchilla<\/strong>: Con un grosor de solo 0,6 mm, esta cuchilla es ideal para trabajos de corte finos y precisos.<\/li>\n<li><strong>Resistente al \u00f3xido<\/strong>: Este cuchillo es resistente al \u00f3xido, lo que contribuye a una mayor durabilidad.<\/li>\n<\/ul>\n<p><strong>Advertencia<\/strong>:<br \/>\n\u00a1Las cuchillas son muy afiladas! Utiliza este producto con cuidado. Siempre retrae la cuchilla completamente cuando no est\u00e9 en uso. Usa gafas de seguridad durante el uso. Utiliza solo un segmento de la cuchilla a la vez y r\u00f3mpelo en la l\u00ednea de corte. Desecha las cuchillas usadas cuidadosamente y mantenlas fuera del alcance de los ni\u00f1os.<\/p>\n<p>ART. 648103<br \/>\nEAN: 8715629178918<\/p>\n","protected":false},"featured_media":595,"comment_status":"closed","ping_status":"closed","template":"","meta":{"inline_featured_image":false},"product_brand":[],"product_cat":[],"product_tag":[],"class_list":{"0":"post-458","1":"product","2":"type-product","3":"status-publish","4":"has-post-thumbnail","7":"first","8":"instock","9":"shipping-taxable","10":"purchasable","11":"product-type-simple"},"yoast_head":"<!-- This site is optimized with the Yoast SEO plugin v27.4 - https:\/\/yoast.com\/product\/yoast-seo-wordpress\/ -->\n<title>David Cuchilla Alum Trapezium 0,6 mm SK2 ZB - David best in tools<\/title>\n<meta name=\"robots\" content=\"index, follow, max-snippet:-1, max-image-preview:large, max-video-preview:-1\" \/>\n<link rel=\"canonical\" href=\"https:\/\/www.davidbestintools.com\/es\/product\/david-cuchilla-alum-trapezium-06-mm-sk2-zb\/\" \/>\n<meta property=\"og:locale\" content=\"es_ES\" \/>\n<meta property=\"og:type\" content=\"article\" \/>\n<meta property=\"og:title\" content=\"David Cuchilla Alum Trapezium 0,6 mm SK2 ZB - David best in tools\" \/>\n<meta property=\"og:description\" content=\"El David Cuchillo Alum Trapezium 0,6 mm SK2 ZB es una excelente herramienta para aquellos que necesitan realizar trabajos de corte precisos y finos. Este cuchillo negro y azul viene con una cuchilla y cuatro cuchillas adicionales, lo que te asegura tener siempre una cuchilla de repuesto a mano.  Caracter\u00edsticas:   Tecnolog\u00eda SK2: Gracias al tratamiento con l\u00e1ser, los bordes de corte son 2 HRC m\u00e1s duros, lo que significa que la cuchilla se mantiene afilada 4 veces m\u00e1s tiempo, incluso con uso intensivo. Esto da como resultado una cuchilla m\u00e1s duradera.  Cuchilla: Con un grosor de solo 0,6 mm, esta cuchilla es ideal para trabajos de corte finos y precisos.  Resistente al \u00f3xido: Este cuchillo es resistente al \u00f3xido, lo que contribuye a una mayor durabilidad.  Advertencia: \u00a1Las cuchillas son muy afiladas! Utiliza este producto con cuidado. Siempre retrae la cuchilla completamente cuando no est\u00e9 en uso. Usa gafas de seguridad durante el uso. Utiliza solo un segmento de la cuchilla a la vez y r\u00f3mpelo en la l\u00ednea de corte. Desecha las cuchillas usadas cuidadosamente y mantenlas fuera del alcance de los ni\u00f1os.  ART. 648103 EAN: 8715629178918\" \/>\n<meta property=\"og:url\" content=\"https:\/\/www.davidbestintools.com\/es\/product\/david-cuchilla-alum-trapezium-06-mm-sk2-zb\/\" \/>\n<meta property=\"og:site_name\" content=\"David best in tools\" \/>\n<meta property=\"article:modified_time\" content=\"2024-11-18T15:18:09+00:00\" \/>\n<meta property=\"og:image\" content=\"https:\/\/www.davidbestintools.com\/wp-content\/uploads\/ART.-648103-David-mes-alum-Trapezium-06mm-SK2-ZB.jpg\" \/>\n\t<meta property=\"og:image:width\" content=\"647\" \/>\n\t<meta property=\"og:image:height\" content=\"970\" \/>\n\t<meta property=\"og:image:type\" content=\"image\/jpeg\" \/>\n<meta name=\"twitter:card\" content=\"summary_large_image\" \/>\n<script type=\"application\/ld+json\" class=\"yoast-schema-graph\">{\"@context\":\"https:\\\/\\\/schema.org\",\"@graph\":[{\"@type\":\"WebPage\",\"@id\":\"https:\\\/\\\/www.davidbestintools.com\\\/es\\\/product\\\/david-cuchilla-alum-trapezium-06-mm-sk2-zb\\\/\",\"url\":\"https:\\\/\\\/www.davidbestintools.com\\\/es\\\/product\\\/david-cuchilla-alum-trapezium-06-mm-sk2-zb\\\/\",\"name\":\"David Cuchilla Alum Trapezium 0,6 mm SK2 ZB - David best in tools\",\"isPartOf\":{\"@id\":\"https:\\\/\\\/www.davidbestintools.com\\\/#website\"},\"primaryImageOfPage\":{\"@id\":\"https:\\\/\\\/www.davidbestintools.com\\\/es\\\/product\\\/david-cuchilla-alum-trapezium-06-mm-sk2-zb\\\/#primaryimage\"},\"image\":{\"@id\":\"https:\\\/\\\/www.davidbestintools.com\\\/es\\\/product\\\/david-cuchilla-alum-trapezium-06-mm-sk2-zb\\\/#primaryimage\"},\"thumbnailUrl\":\"https:\\\/\\\/www.davidbestintools.com\\\/wp-content\\\/uploads\\\/David-mes-alum-Trapezium-06mm-SK2-ZB-2.webp\",\"datePublished\":\"2024-10-29T10:15:41+00:00\",\"dateModified\":\"2024-11-18T15:18:09+00:00\",\"breadcrumb\":{\"@id\":\"https:\\\/\\\/www.davidbestintools.com\\\/es\\\/product\\\/david-cuchilla-alum-trapezium-06-mm-sk2-zb\\\/#breadcrumb\"},\"inLanguage\":\"es\",\"potentialAction\":[{\"@type\":\"ReadAction\",\"target\":[\"https:\\\/\\\/www.davidbestintools.com\\\/es\\\/product\\\/david-cuchilla-alum-trapezium-06-mm-sk2-zb\\\/\"]}]},{\"@type\":\"ImageObject\",\"inLanguage\":\"es\",\"@id\":\"https:\\\/\\\/www.davidbestintools.com\\\/es\\\/product\\\/david-cuchilla-alum-trapezium-06-mm-sk2-zb\\\/#primaryimage\",\"url\":\"https:\\\/\\\/www.davidbestintools.com\\\/wp-content\\\/uploads\\\/David-mes-alum-Trapezium-06mm-SK2-ZB-2.webp\",\"contentUrl\":\"https:\\\/\\\/www.davidbestintools.com\\\/wp-content\\\/uploads\\\/David-mes-alum-Trapezium-06mm-SK2-ZB-2.webp\",\"width\":1000,\"height\":1000},{\"@type\":\"BreadcrumbList\",\"@id\":\"https:\\\/\\\/www.davidbestintools.com\\\/es\\\/product\\\/david-cuchilla-alum-trapezium-06-mm-sk2-zb\\\/#breadcrumb\",\"itemListElement\":[{\"@type\":\"ListItem\",\"position\":1,\"name\":\"Home\",\"item\":\"https:\\\/\\\/www.davidbestintools.com\\\/es\\\/\"},{\"@type\":\"ListItem\",\"position\":2,\"name\":\"Tienda\",\"item\":\"https:\\\/\\\/www.davidbestintools.com\\\/es\\\/tienda\\\/\"},{\"@type\":\"ListItem\",\"position\":3,\"name\":\"David Cuchilla Alum Trapezium 0,6 mm SK2 ZB\"}]},{\"@type\":\"WebSite\",\"@id\":\"https:\\\/\\\/www.davidbestintools.com\\\/#website\",\"url\":\"https:\\\/\\\/www.davidbestintools.com\\\/\",\"name\":\"David best in tools\",\"description\":\"\",\"potentialAction\":[{\"@type\":\"SearchAction\",\"target\":{\"@type\":\"EntryPoint\",\"urlTemplate\":\"https:\\\/\\\/www.davidbestintools.com\\\/?s={search_term_string}\"},\"query-input\":{\"@type\":\"PropertyValueSpecification\",\"valueRequired\":true,\"valueName\":\"search_term_string\"}}],\"inLanguage\":\"es\"}]}<\/script>\n<!-- \/ Yoast SEO plugin. -->","yoast_head_json":{"title":"David Cuchilla Alum Trapezium 0,6 mm SK2 ZB - David best in tools","robots":{"index":"index","follow":"follow","max-snippet":"max-snippet:-1","max-image-preview":"max-image-preview:large","max-video-preview":"max-video-preview:-1"},"canonical":"https:\/\/www.davidbestintools.com\/es\/product\/david-cuchilla-alum-trapezium-06-mm-sk2-zb\/","og_locale":"es_ES","og_type":"article","og_title":"David Cuchilla Alum Trapezium 0,6 mm SK2 ZB - David best in tools","og_description":"El David Cuchillo Alum Trapezium 0,6 mm SK2 ZB es una excelente herramienta para aquellos que necesitan realizar trabajos de corte precisos y finos. Este cuchillo negro y azul viene con una cuchilla y cuatro cuchillas adicionales, lo que te asegura tener siempre una cuchilla de repuesto a mano.  Caracter\u00edsticas:   Tecnolog\u00eda SK2: Gracias al tratamiento con l\u00e1ser, los bordes de corte son 2 HRC m\u00e1s duros, lo que significa que la cuchilla se mantiene afilada 4 veces m\u00e1s tiempo, incluso con uso intensivo. Esto da como resultado una cuchilla m\u00e1s duradera.  Cuchilla: Con un grosor de solo 0,6 mm, esta cuchilla es ideal para trabajos de corte finos y precisos.  Resistente al \u00f3xido: Este cuchillo es resistente al \u00f3xido, lo que contribuye a una mayor durabilidad.  Advertencia: \u00a1Las cuchillas son muy afiladas! Utiliza este producto con cuidado. Siempre retrae la cuchilla completamente cuando no est\u00e9 en uso. Usa gafas de seguridad durante el uso. Utiliza solo un segmento de la cuchilla a la vez y r\u00f3mpelo en la l\u00ednea de corte. Desecha las cuchillas usadas cuidadosamente y mantenlas fuera del alcance de los ni\u00f1os.  ART. 648103 EAN: 8715629178918","og_url":"https:\/\/www.davidbestintools.com\/es\/product\/david-cuchilla-alum-trapezium-06-mm-sk2-zb\/","og_site_name":"David best in tools","article_modified_time":"2024-11-18T15:18:09+00:00","og_image":[{"width":647,"height":970,"url":"https:\/\/www.davidbestintools.com\/wp-content\/uploads\/ART.-648103-David-mes-alum-Trapezium-06mm-SK2-ZB.jpg","type":"image\/jpeg"}],"twitter_card":"summary_large_image","schema":{"@context":"https:\/\/schema.org","@graph":[{"@type":"WebPage","@id":"https:\/\/www.davidbestintools.com\/es\/product\/david-cuchilla-alum-trapezium-06-mm-sk2-zb\/","url":"https:\/\/www.davidbestintools.com\/es\/product\/david-cuchilla-alum-trapezium-06-mm-sk2-zb\/","name":"David Cuchilla Alum Trapezium 0,6 mm SK2 ZB - David best in tools","isPartOf":{"@id":"https:\/\/www.davidbestintools.com\/#website"},"primaryImageOfPage":{"@id":"https:\/\/www.davidbestintools.com\/es\/product\/david-cuchilla-alum-trapezium-06-mm-sk2-zb\/#primaryimage"},"image":{"@id":"https:\/\/www.davidbestintools.com\/es\/product\/david-cuchilla-alum-trapezium-06-mm-sk2-zb\/#primaryimage"},"thumbnailUrl":"https:\/\/www.davidbestintools.com\/wp-content\/uploads\/David-mes-alum-Trapezium-06mm-SK2-ZB-2.webp","datePublished":"2024-10-29T10:15:41+00:00","dateModified":"2024-11-18T15:18:09+00:00","breadcrumb":{"@id":"https:\/\/www.davidbestintools.com\/es\/product\/david-cuchilla-alum-trapezium-06-mm-sk2-zb\/#breadcrumb"},"inLanguage":"es","potentialAction":[{"@type":"ReadAction","target":["https:\/\/www.davidbestintools.com\/es\/product\/david-cuchilla-alum-trapezium-06-mm-sk2-zb\/"]}]},{"@type":"ImageObject","inLanguage":"es","@id":"https:\/\/www.davidbestintools.com\/es\/product\/david-cuchilla-alum-trapezium-06-mm-sk2-zb\/#primaryimage","url":"https:\/\/www.davidbestintools.com\/wp-content\/uploads\/David-mes-alum-Trapezium-06mm-SK2-ZB-2.webp","contentUrl":"https:\/\/www.davidbestintools.com\/wp-content\/uploads\/David-mes-alum-Trapezium-06mm-SK2-ZB-2.webp","width":1000,"height":1000},{"@type":"BreadcrumbList","@id":"https:\/\/www.davidbestintools.com\/es\/product\/david-cuchilla-alum-trapezium-06-mm-sk2-zb\/#breadcrumb","itemListElement":[{"@type":"ListItem","position":1,"name":"Home","item":"https:\/\/www.davidbestintools.com\/es\/"},{"@type":"ListItem","position":2,"name":"Tienda","item":"https:\/\/www.davidbestintools.com\/es\/tienda\/"},{"@type":"ListItem","position":3,"name":"David Cuchilla Alum Trapezium 0,6 mm SK2 ZB"}]},{"@type":"WebSite","@id":"https:\/\/www.davidbestintools.com\/#website","url":"https:\/\/www.davidbestintools.com\/","name":"David best in tools","description":"","potentialAction":[{"@type":"SearchAction","target":{"@type":"EntryPoint","urlTemplate":"https:\/\/www.davidbestintools.com\/?s={search_term_string}"},"query-input":{"@type":"PropertyValueSpecification","valueRequired":true,"valueName":"search_term_string"}}],"inLanguage":"es"}]}},"_links":{"self":[{"href":"https:\/\/www.davidbestintools.com\/es\/wp-json\/wp\/v2\/product\/458","targetHints":{"allow":["GET"]}}],"collection":[{"href":"https:\/\/www.davidbestintools.com\/es\/wp-json\/wp\/v2\/product"}],"about":[{"href":"https:\/\/www.davidbestintools.com\/es\/wp-json\/wp\/v2\/types\/product"}],"replies":[{"embeddable":true,"href":"https:\/\/www.davidbestintools.com\/es\/wp-json\/wp\/v2\/comments?post=458"}],"wp:featuredmedia":[{"embeddable":true,"href":"https:\/\/www.davidbestintools.com\/es\/wp-json\/wp\/v2\/media\/595"}],"wp:attachment":[{"href":"https:\/\/www.davidbestintools.com\/es\/wp-json\/wp\/v2\/media?parent=458"}],"wp:term":[{"taxonomy":"product_brand","embeddable":true,"href":"https:\/\/www.davidbestintools.com\/es\/wp-json\/wp\/v2\/product_brand?post=458"},{"taxonomy":"product_cat","embeddable":true,"href":"https:\/\/www.davidbestintools.com\/es\/wp-json\/wp\/v2\/product_cat?post=458"},{"taxonomy":"product_tag","embeddable":true,"href":"https:\/\/www.davidbestintools.com\/es\/wp-json\/wp\/v2\/product_tag?post=458"}],"curies":[{"name":"wp","href":"https:\/\/api.w.org\/{rel}","templated":true}]}}