{"id":472,"date":"2024-11-19T08:30:03","date_gmt":"2024-11-19T08:30:03","guid":{"rendered":"https:\/\/www.davidbestintools.com\/?post_type=product&#038;p=472"},"modified":"2024-11-19T13:41:27","modified_gmt":"2024-11-19T13:41:27","slug":"david-feilen-set-6-teilig","status":"publish","type":"product","link":"https:\/\/www.davidbestintools.com\/de\/product\/david-feilen-set-6-teilig\/","title":{"rendered":"DAVID Feilen Set 6-teilig"},"content":{"rendered":"","protected":false},"excerpt":{"rendered":"<p>Das DAVID Feilen Set ist ein komplettes 6-teiliges Set hochwertiger Feilen, verpackt in einer stabilen Metallbox. Mit Holzgriffen f\u00fcr einen komfortablen Halt sind diese Feilen ideal f\u00fcr leichte und pr\u00e4zise Feilarbeiten. Das Set enth\u00e4lt verschiedene Formen, sodass Sie immer die richtige Feile f\u00fcr jede Aufgabe zur Hand haben. Perfekt f\u00fcr das feine Bearbeiten von Metall, Holz und anderen Materialien.<\/p>\n<p><strong>Inhalt<\/strong>:<\/p>\n<p>\u2022 1 flache Spitze Feile<br \/>\n\u2022 1 flache stumpfe Feile<br \/>\n\u2022 1 runde Feile<br \/>\n\u2022 1 halbrunde Feile<br \/>\n\u2022 1 dreieckige Feile<br \/>\n\u2022 1 quadratische Feile<\/p>\n<p><strong>Merkmale<\/strong>:<\/p>\n<p>\u2022 6-teiliges Set f\u00fcr vielseitige Feilarbeiten<br \/>\n\u2022 Holzgriffe f\u00fcr einen bequemen und pr\u00e4zisen Halt<br \/>\n\u2022 Verpackt in einer praktischen und robusten Dose<br \/>\n\u2022 Geeignet f\u00fcr leichte Feilarbeiten und feine Oberfl\u00e4chenbearbeitung von verschiedenen Materialien<\/p>\n<p>ART. 650101<br \/>\nEAN: 87156291181105<\/p>\n","protected":false},"featured_media":492,"comment_status":"closed","ping_status":"closed","template":"","meta":{"inline_featured_image":false},"product_brand":[],"product_cat":[],"product_tag":[],"class_list":{"0":"post-472","1":"product","2":"type-product","3":"status-publish","4":"has-post-thumbnail","7":"first","8":"instock","9":"shipping-taxable","10":"purchasable","11":"product-type-simple"},"yoast_head":"<!-- This site is optimized with the Yoast SEO plugin v27.5 - https:\/\/yoast.com\/product\/yoast-seo-wordpress\/ -->\n<title>DAVID Feilen Set 6-teilig - David best in tools<\/title>\n<meta name=\"robots\" content=\"index, follow, max-snippet:-1, max-image-preview:large, max-video-preview:-1\" \/>\n<link rel=\"canonical\" href=\"https:\/\/www.davidbestintools.com\/de\/product\/david-feilen-set-6-teilig\/\" \/>\n<meta property=\"og:locale\" content=\"de_DE\" \/>\n<meta property=\"og:type\" content=\"article\" \/>\n<meta property=\"og:title\" content=\"DAVID Feilen Set 6-teilig - David best in tools\" \/>\n<meta property=\"og:description\" content=\"Das DAVID Feilen Set ist ein komplettes 6-teiliges Set hochwertiger Feilen, verpackt in einer stabilen Metallbox. Mit Holzgriffen f\u00fcr einen komfortablen Halt sind diese Feilen ideal f\u00fcr leichte und pr\u00e4zise Feilarbeiten. Das Set enth\u00e4lt verschiedene Formen, sodass Sie immer die richtige Feile f\u00fcr jede Aufgabe zur Hand haben. Perfekt f\u00fcr das feine Bearbeiten von Metall, Holz und anderen Materialien.  Inhalt:  \u2022 1 flache Spitze Feile \u2022 1 flache stumpfe Feile \u2022 1 runde Feile \u2022 1 halbrunde Feile \u2022 1 dreieckige Feile \u2022 1 quadratische Feile  Merkmale:  \u2022 6-teiliges Set f\u00fcr vielseitige Feilarbeiten \u2022 Holzgriffe f\u00fcr einen bequemen und pr\u00e4zisen Halt \u2022 Verpackt in einer praktischen und robusten Dose \u2022 Geeignet f\u00fcr leichte Feilarbeiten und feine Oberfl\u00e4chenbearbeitung von verschiedenen Materialien  ART. 650101 EAN: 87156291181105\" \/>\n<meta property=\"og:url\" content=\"https:\/\/www.davidbestintools.com\/de\/product\/david-feilen-set-6-teilig\/\" \/>\n<meta property=\"og:site_name\" content=\"David best in tools\" \/>\n<meta property=\"article:modified_time\" content=\"2024-11-19T13:41:27+00:00\" \/>\n<meta property=\"og:image\" content=\"https:\/\/www.davidbestintools.com\/wp-content\/uploads\/vijlenset-david-1.webp\" \/>\n\t<meta property=\"og:image:width\" content=\"1000\" \/>\n\t<meta property=\"og:image:height\" content=\"1000\" \/>\n\t<meta property=\"og:image:type\" content=\"image\/webp\" \/>\n<meta name=\"twitter:card\" content=\"summary_large_image\" \/>\n<meta name=\"twitter:label1\" content=\"Gesch\u00e4tzte Lesezeit\" \/>\n\t<meta name=\"twitter:data1\" content=\"1\u00a0Minute\" \/>\n<script type=\"application\/ld+json\" class=\"yoast-schema-graph\">{\"@context\":\"https:\\\/\\\/schema.org\",\"@graph\":[{\"@type\":\"WebPage\",\"@id\":\"https:\\\/\\\/www.davidbestintools.com\\\/de\\\/product\\\/david-feilen-set-6-teilig\\\/\",\"url\":\"https:\\\/\\\/www.davidbestintools.com\\\/de\\\/product\\\/david-feilen-set-6-teilig\\\/\",\"name\":\"DAVID Feilen Set 6-teilig - David best in tools\",\"isPartOf\":{\"@id\":\"https:\\\/\\\/www.davidbestintools.com\\\/#website\"},\"primaryImageOfPage\":{\"@id\":\"https:\\\/\\\/www.davidbestintools.com\\\/de\\\/product\\\/david-feilen-set-6-teilig\\\/#primaryimage\"},\"image\":{\"@id\":\"https:\\\/\\\/www.davidbestintools.com\\\/de\\\/product\\\/david-feilen-set-6-teilig\\\/#primaryimage\"},\"thumbnailUrl\":\"https:\\\/\\\/www.davidbestintools.com\\\/wp-content\\\/uploads\\\/vijlenset-david-1.webp\",\"datePublished\":\"2024-11-19T08:30:03+00:00\",\"dateModified\":\"2024-11-19T13:41:27+00:00\",\"breadcrumb\":{\"@id\":\"https:\\\/\\\/www.davidbestintools.com\\\/de\\\/product\\\/david-feilen-set-6-teilig\\\/#breadcrumb\"},\"inLanguage\":\"de\",\"potentialAction\":[{\"@type\":\"ReadAction\",\"target\":[\"https:\\\/\\\/www.davidbestintools.com\\\/de\\\/product\\\/david-feilen-set-6-teilig\\\/\"]}]},{\"@type\":\"ImageObject\",\"inLanguage\":\"de\",\"@id\":\"https:\\\/\\\/www.davidbestintools.com\\\/de\\\/product\\\/david-feilen-set-6-teilig\\\/#primaryimage\",\"url\":\"https:\\\/\\\/www.davidbestintools.com\\\/wp-content\\\/uploads\\\/vijlenset-david-1.webp\",\"contentUrl\":\"https:\\\/\\\/www.davidbestintools.com\\\/wp-content\\\/uploads\\\/vijlenset-david-1.webp\",\"width\":1000,\"height\":1000},{\"@type\":\"BreadcrumbList\",\"@id\":\"https:\\\/\\\/www.davidbestintools.com\\\/de\\\/product\\\/david-feilen-set-6-teilig\\\/#breadcrumb\",\"itemListElement\":[{\"@type\":\"ListItem\",\"position\":1,\"name\":\"Home\",\"item\":\"https:\\\/\\\/www.davidbestintools.com\\\/de\\\/\"},{\"@type\":\"ListItem\",\"position\":2,\"name\":\"Shop\",\"item\":\"https:\\\/\\\/www.davidbestintools.com\\\/de\\\/shop\\\/\"},{\"@type\":\"ListItem\",\"position\":3,\"name\":\"DAVID Feilen Set 6-teilig\"}]},{\"@type\":\"WebSite\",\"@id\":\"https:\\\/\\\/www.davidbestintools.com\\\/#website\",\"url\":\"https:\\\/\\\/www.davidbestintools.com\\\/\",\"name\":\"David best in tools\",\"description\":\"\",\"potentialAction\":[{\"@type\":\"SearchAction\",\"target\":{\"@type\":\"EntryPoint\",\"urlTemplate\":\"https:\\\/\\\/www.davidbestintools.com\\\/?s={search_term_string}\"},\"query-input\":{\"@type\":\"PropertyValueSpecification\",\"valueRequired\":true,\"valueName\":\"search_term_string\"}}],\"inLanguage\":\"de\"}]}<\/script>\n<!-- \/ Yoast SEO plugin. -->","yoast_head_json":{"title":"DAVID Feilen Set 6-teilig - David best in tools","robots":{"index":"index","follow":"follow","max-snippet":"max-snippet:-1","max-image-preview":"max-image-preview:large","max-video-preview":"max-video-preview:-1"},"canonical":"https:\/\/www.davidbestintools.com\/de\/product\/david-feilen-set-6-teilig\/","og_locale":"de_DE","og_type":"article","og_title":"DAVID Feilen Set 6-teilig - David best in tools","og_description":"Das DAVID Feilen Set ist ein komplettes 6-teiliges Set hochwertiger Feilen, verpackt in einer stabilen Metallbox. Mit Holzgriffen f\u00fcr einen komfortablen Halt sind diese Feilen ideal f\u00fcr leichte und pr\u00e4zise Feilarbeiten. Das Set enth\u00e4lt verschiedene Formen, sodass Sie immer die richtige Feile f\u00fcr jede Aufgabe zur Hand haben. Perfekt f\u00fcr das feine Bearbeiten von Metall, Holz und anderen Materialien.  Inhalt:  \u2022 1 flache Spitze Feile \u2022 1 flache stumpfe Feile \u2022 1 runde Feile \u2022 1 halbrunde Feile \u2022 1 dreieckige Feile \u2022 1 quadratische Feile  Merkmale:  \u2022 6-teiliges Set f\u00fcr vielseitige Feilarbeiten \u2022 Holzgriffe f\u00fcr einen bequemen und pr\u00e4zisen Halt \u2022 Verpackt in einer praktischen und robusten Dose \u2022 Geeignet f\u00fcr leichte Feilarbeiten und feine Oberfl\u00e4chenbearbeitung von verschiedenen Materialien  ART. 650101 EAN: 87156291181105","og_url":"https:\/\/www.davidbestintools.com\/de\/product\/david-feilen-set-6-teilig\/","og_site_name":"David best in tools","article_modified_time":"2024-11-19T13:41:27+00:00","og_image":[{"width":1000,"height":1000,"url":"https:\/\/www.davidbestintools.com\/wp-content\/uploads\/vijlenset-david-1.webp","type":"image\/webp"}],"twitter_card":"summary_large_image","twitter_misc":{"Gesch\u00e4tzte Lesezeit":"1\u00a0Minute"},"schema":{"@context":"https:\/\/schema.org","@graph":[{"@type":"WebPage","@id":"https:\/\/www.davidbestintools.com\/de\/product\/david-feilen-set-6-teilig\/","url":"https:\/\/www.davidbestintools.com\/de\/product\/david-feilen-set-6-teilig\/","name":"DAVID Feilen Set 6-teilig - David best in tools","isPartOf":{"@id":"https:\/\/www.davidbestintools.com\/#website"},"primaryImageOfPage":{"@id":"https:\/\/www.davidbestintools.com\/de\/product\/david-feilen-set-6-teilig\/#primaryimage"},"image":{"@id":"https:\/\/www.davidbestintools.com\/de\/product\/david-feilen-set-6-teilig\/#primaryimage"},"thumbnailUrl":"https:\/\/www.davidbestintools.com\/wp-content\/uploads\/vijlenset-david-1.webp","datePublished":"2024-11-19T08:30:03+00:00","dateModified":"2024-11-19T13:41:27+00:00","breadcrumb":{"@id":"https:\/\/www.davidbestintools.com\/de\/product\/david-feilen-set-6-teilig\/#breadcrumb"},"inLanguage":"de","potentialAction":[{"@type":"ReadAction","target":["https:\/\/www.davidbestintools.com\/de\/product\/david-feilen-set-6-teilig\/"]}]},{"@type":"ImageObject","inLanguage":"de","@id":"https:\/\/www.davidbestintools.com\/de\/product\/david-feilen-set-6-teilig\/#primaryimage","url":"https:\/\/www.davidbestintools.com\/wp-content\/uploads\/vijlenset-david-1.webp","contentUrl":"https:\/\/www.davidbestintools.com\/wp-content\/uploads\/vijlenset-david-1.webp","width":1000,"height":1000},{"@type":"BreadcrumbList","@id":"https:\/\/www.davidbestintools.com\/de\/product\/david-feilen-set-6-teilig\/#breadcrumb","itemListElement":[{"@type":"ListItem","position":1,"name":"Home","item":"https:\/\/www.davidbestintools.com\/de\/"},{"@type":"ListItem","position":2,"name":"Shop","item":"https:\/\/www.davidbestintools.com\/de\/shop\/"},{"@type":"ListItem","position":3,"name":"DAVID Feilen Set 6-teilig"}]},{"@type":"WebSite","@id":"https:\/\/www.davidbestintools.com\/#website","url":"https:\/\/www.davidbestintools.com\/","name":"David best in tools","description":"","potentialAction":[{"@type":"SearchAction","target":{"@type":"EntryPoint","urlTemplate":"https:\/\/www.davidbestintools.com\/?s={search_term_string}"},"query-input":{"@type":"PropertyValueSpecification","valueRequired":true,"valueName":"search_term_string"}}],"inLanguage":"de"}]}},"_links":{"self":[{"href":"https:\/\/www.davidbestintools.com\/de\/wp-json\/wp\/v2\/product\/472","targetHints":{"allow":["GET"]}}],"collection":[{"href":"https:\/\/www.davidbestintools.com\/de\/wp-json\/wp\/v2\/product"}],"about":[{"href":"https:\/\/www.davidbestintools.com\/de\/wp-json\/wp\/v2\/types\/product"}],"replies":[{"embeddable":true,"href":"https:\/\/www.davidbestintools.com\/de\/wp-json\/wp\/v2\/comments?post=472"}],"wp:featuredmedia":[{"embeddable":true,"href":"https:\/\/www.davidbestintools.com\/de\/wp-json\/wp\/v2\/media\/492"}],"wp:attachment":[{"href":"https:\/\/www.davidbestintools.com\/de\/wp-json\/wp\/v2\/media?parent=472"}],"wp:term":[{"taxonomy":"product_brand","embeddable":true,"href":"https:\/\/www.davidbestintools.com\/de\/wp-json\/wp\/v2\/product_brand?post=472"},{"taxonomy":"product_cat","embeddable":true,"href":"https:\/\/www.davidbestintools.com\/de\/wp-json\/wp\/v2\/product_cat?post=472"},{"taxonomy":"product_tag","embeddable":true,"href":"https:\/\/www.davidbestintools.com\/de\/wp-json\/wp\/v2\/product_tag?post=472"}],"curies":[{"name":"wp","href":"https:\/\/api.w.org\/{rel}","templated":true}]}}