{"id":453,"date":"2024-10-28T15:15:44","date_gmt":"2024-10-28T15:15:44","guid":{"rendered":"https:\/\/www.davidbestintools.com\/?post_type=product&#038;p=453"},"modified":"2024-11-18T14:31:42","modified_gmt":"2024-11-18T14:31:42","slug":"klingen-fuer-den-david-hobel","status":"publish","type":"product","link":"https:\/\/www.davidbestintools.com\/de\/product\/klingen-fuer-den-david-hobel\/","title":{"rendered":"Klingen f\u00fcr den David Hobel"},"content":{"rendered":"","protected":false},"excerpt":{"rendered":"<p>Diese Ersatzklingen sind speziell f\u00fcr den DAVID Hobel entwickelt und bieten langanhaltende Sch\u00e4rfe und Pr\u00e4zision. Hergestellt aus rostfreiem Stahl, sind die Klingen doppelseitig schneidend, was sie sowohl effizient als auch langlebig macht. Sie lassen sich einfach austauschen, sodass du deinen DAVID Hobel immer in bestem Zustand halten kannst.<\/p>\n<p>Eigenschaften:<br \/>\n\u2022 Rostfreie Stahlklingen f\u00fcr optimale Haltbarkeit<br \/>\n\u2022 Doppelseitig schneidend f\u00fcr l\u00e4ngere Nutzung und scharfe Ergebnisse<br \/>\n\u2022 Speziell als Ersatzklingen f\u00fcr den DAVID Hobel entwickelt<\/p>\n<p>Warnung:<br \/>\nMesser sind sehr scharf! Verwende dieses Produkt mit Vorsicht. Trage immer eine Schutzbrille w\u00e4hrend der Nutzung. Verwende das Messer nur mit einem ausgefahrenen Segment und breche es an der Schnittlinie ab. Entsorge benutzte Klingen sorgf\u00e4ltig und halte sie au\u00dferhalb der Reichweite von Kindern.<br \/>\nART. 647157<br \/>\nEAN: 8711684715761<\/p>\n","protected":false},"featured_media":624,"comment_status":"closed","ping_status":"closed","template":"","meta":{"inline_featured_image":false},"product_brand":[],"product_cat":[],"product_tag":[],"class_list":{"0":"post-453","1":"product","2":"type-product","3":"status-publish","4":"has-post-thumbnail","7":"first","8":"instock","9":"shipping-taxable","10":"purchasable","11":"product-type-simple"},"yoast_head":"<!-- This site is optimized with the Yoast SEO plugin v27.5 - https:\/\/yoast.com\/product\/yoast-seo-wordpress\/ -->\n<title>Klingen f\u00fcr den David Hobel - David best in tools<\/title>\n<meta name=\"robots\" content=\"index, follow, max-snippet:-1, max-image-preview:large, max-video-preview:-1\" \/>\n<link rel=\"canonical\" href=\"https:\/\/www.davidbestintools.com\/product\/mesjes-voor-david-schaaf\/\" \/>\n<meta property=\"og:locale\" content=\"de_DE\" \/>\n<meta property=\"og:type\" content=\"article\" \/>\n<meta property=\"og:title\" content=\"Klingen f\u00fcr den David Hobel - David best in tools\" \/>\n<meta property=\"og:description\" content=\"Diese Ersatzklingen sind speziell f\u00fcr den DAVID Hobel entwickelt und bieten langanhaltende Sch\u00e4rfe und Pr\u00e4zision. Hergestellt aus rostfreiem Stahl, sind die Klingen doppelseitig schneidend, was sie sowohl effizient als auch langlebig macht. Sie lassen sich einfach austauschen, sodass du deinen DAVID Hobel immer in bestem Zustand halten kannst.  Eigenschaften: \u2022 Rostfreie Stahlklingen f\u00fcr optimale Haltbarkeit \u2022 Doppelseitig schneidend f\u00fcr l\u00e4ngere Nutzung und scharfe Ergebnisse \u2022 Speziell als Ersatzklingen f\u00fcr den DAVID Hobel entwickelt  Warnung: Messer sind sehr scharf! Verwende dieses Produkt mit Vorsicht. Trage immer eine Schutzbrille w\u00e4hrend der Nutzung. Verwende das Messer nur mit einem ausgefahrenen Segment und breche es an der Schnittlinie ab. Entsorge benutzte Klingen sorgf\u00e4ltig und halte sie au\u00dferhalb der Reichweite von Kindern. ART. 647157 EAN: 8711684715761\" \/>\n<meta property=\"og:url\" content=\"https:\/\/www.davidbestintools.com\/product\/mesjes-voor-david-schaaf\/\" \/>\n<meta property=\"og:site_name\" content=\"David best in tools\" \/>\n<meta property=\"article:modified_time\" content=\"2024-11-18T14:31:42+00:00\" \/>\n<meta property=\"og:image\" content=\"https:\/\/www.davidbestintools.com\/wp-content\/uploads\/647157_beitelmesjes_los.png\" \/>\n\t<meta property=\"og:image:width\" content=\"1000\" \/>\n\t<meta property=\"og:image:height\" content=\"667\" \/>\n\t<meta property=\"og:image:type\" content=\"image\/png\" \/>\n<meta name=\"twitter:card\" content=\"summary_large_image\" \/>\n<script type=\"application\/ld+json\" class=\"yoast-schema-graph\">{\"@context\":\"https:\\\/\\\/schema.org\",\"@graph\":[{\"@type\":\"WebPage\",\"@id\":\"https:\\\/\\\/www.davidbestintools.com\\\/product\\\/mesjes-voor-david-schaaf\\\/\",\"url\":\"https:\\\/\\\/www.davidbestintools.com\\\/product\\\/mesjes-voor-david-schaaf\\\/\",\"name\":\"Klingen f\u00fcr den David Hobel - David best in tools\",\"isPartOf\":{\"@id\":\"https:\\\/\\\/www.davidbestintools.com\\\/#website\"},\"primaryImageOfPage\":{\"@id\":\"https:\\\/\\\/www.davidbestintools.com\\\/product\\\/mesjes-voor-david-schaaf\\\/#primaryimage\"},\"image\":{\"@id\":\"https:\\\/\\\/www.davidbestintools.com\\\/product\\\/mesjes-voor-david-schaaf\\\/#primaryimage\"},\"thumbnailUrl\":\"https:\\\/\\\/www.davidbestintools.com\\\/wp-content\\\/uploads\\\/beitelmesjes-los-2.webp\",\"datePublished\":\"2024-10-28T15:15:44+00:00\",\"dateModified\":\"2024-11-18T14:31:42+00:00\",\"breadcrumb\":{\"@id\":\"https:\\\/\\\/www.davidbestintools.com\\\/product\\\/mesjes-voor-david-schaaf\\\/#breadcrumb\"},\"inLanguage\":\"de\",\"potentialAction\":[{\"@type\":\"ReadAction\",\"target\":[\"https:\\\/\\\/www.davidbestintools.com\\\/product\\\/mesjes-voor-david-schaaf\\\/\"]}]},{\"@type\":\"ImageObject\",\"inLanguage\":\"de\",\"@id\":\"https:\\\/\\\/www.davidbestintools.com\\\/product\\\/mesjes-voor-david-schaaf\\\/#primaryimage\",\"url\":\"https:\\\/\\\/www.davidbestintools.com\\\/wp-content\\\/uploads\\\/beitelmesjes-los-2.webp\",\"contentUrl\":\"https:\\\/\\\/www.davidbestintools.com\\\/wp-content\\\/uploads\\\/beitelmesjes-los-2.webp\",\"width\":1000,\"height\":1000},{\"@type\":\"BreadcrumbList\",\"@id\":\"https:\\\/\\\/www.davidbestintools.com\\\/product\\\/mesjes-voor-david-schaaf\\\/#breadcrumb\",\"itemListElement\":[{\"@type\":\"ListItem\",\"position\":1,\"name\":\"Home\",\"item\":\"https:\\\/\\\/www.davidbestintools.com\\\/de\\\/\"},{\"@type\":\"ListItem\",\"position\":2,\"name\":\"Shop\",\"item\":\"https:\\\/\\\/www.davidbestintools.com\\\/de\\\/shop\\\/\"},{\"@type\":\"ListItem\",\"position\":3,\"name\":\"Klingen f\u00fcr den David Hobel\"}]},{\"@type\":\"WebSite\",\"@id\":\"https:\\\/\\\/www.davidbestintools.com\\\/#website\",\"url\":\"https:\\\/\\\/www.davidbestintools.com\\\/\",\"name\":\"David best in tools\",\"description\":\"\",\"potentialAction\":[{\"@type\":\"SearchAction\",\"target\":{\"@type\":\"EntryPoint\",\"urlTemplate\":\"https:\\\/\\\/www.davidbestintools.com\\\/?s={search_term_string}\"},\"query-input\":{\"@type\":\"PropertyValueSpecification\",\"valueRequired\":true,\"valueName\":\"search_term_string\"}}],\"inLanguage\":\"de\"}]}<\/script>\n<!-- \/ Yoast SEO plugin. -->","yoast_head_json":{"title":"Klingen f\u00fcr den David Hobel - David best in tools","robots":{"index":"index","follow":"follow","max-snippet":"max-snippet:-1","max-image-preview":"max-image-preview:large","max-video-preview":"max-video-preview:-1"},"canonical":"https:\/\/www.davidbestintools.com\/product\/mesjes-voor-david-schaaf\/","og_locale":"de_DE","og_type":"article","og_title":"Klingen f\u00fcr den David Hobel - David best in tools","og_description":"Diese Ersatzklingen sind speziell f\u00fcr den DAVID Hobel entwickelt und bieten langanhaltende Sch\u00e4rfe und Pr\u00e4zision. Hergestellt aus rostfreiem Stahl, sind die Klingen doppelseitig schneidend, was sie sowohl effizient als auch langlebig macht. Sie lassen sich einfach austauschen, sodass du deinen DAVID Hobel immer in bestem Zustand halten kannst.  Eigenschaften: \u2022 Rostfreie Stahlklingen f\u00fcr optimale Haltbarkeit \u2022 Doppelseitig schneidend f\u00fcr l\u00e4ngere Nutzung und scharfe Ergebnisse \u2022 Speziell als Ersatzklingen f\u00fcr den DAVID Hobel entwickelt  Warnung: Messer sind sehr scharf! Verwende dieses Produkt mit Vorsicht. Trage immer eine Schutzbrille w\u00e4hrend der Nutzung. Verwende das Messer nur mit einem ausgefahrenen Segment und breche es an der Schnittlinie ab. Entsorge benutzte Klingen sorgf\u00e4ltig und halte sie au\u00dferhalb der Reichweite von Kindern. ART. 647157 EAN: 8711684715761","og_url":"https:\/\/www.davidbestintools.com\/product\/mesjes-voor-david-schaaf\/","og_site_name":"David best in tools","article_modified_time":"2024-11-18T14:31:42+00:00","og_image":[{"width":1000,"height":667,"url":"https:\/\/www.davidbestintools.com\/wp-content\/uploads\/647157_beitelmesjes_los.png","type":"image\/png"}],"twitter_card":"summary_large_image","schema":{"@context":"https:\/\/schema.org","@graph":[{"@type":"WebPage","@id":"https:\/\/www.davidbestintools.com\/product\/mesjes-voor-david-schaaf\/","url":"https:\/\/www.davidbestintools.com\/product\/mesjes-voor-david-schaaf\/","name":"Klingen f\u00fcr den David Hobel - David best in tools","isPartOf":{"@id":"https:\/\/www.davidbestintools.com\/#website"},"primaryImageOfPage":{"@id":"https:\/\/www.davidbestintools.com\/product\/mesjes-voor-david-schaaf\/#primaryimage"},"image":{"@id":"https:\/\/www.davidbestintools.com\/product\/mesjes-voor-david-schaaf\/#primaryimage"},"thumbnailUrl":"https:\/\/www.davidbestintools.com\/wp-content\/uploads\/beitelmesjes-los-2.webp","datePublished":"2024-10-28T15:15:44+00:00","dateModified":"2024-11-18T14:31:42+00:00","breadcrumb":{"@id":"https:\/\/www.davidbestintools.com\/product\/mesjes-voor-david-schaaf\/#breadcrumb"},"inLanguage":"de","potentialAction":[{"@type":"ReadAction","target":["https:\/\/www.davidbestintools.com\/product\/mesjes-voor-david-schaaf\/"]}]},{"@type":"ImageObject","inLanguage":"de","@id":"https:\/\/www.davidbestintools.com\/product\/mesjes-voor-david-schaaf\/#primaryimage","url":"https:\/\/www.davidbestintools.com\/wp-content\/uploads\/beitelmesjes-los-2.webp","contentUrl":"https:\/\/www.davidbestintools.com\/wp-content\/uploads\/beitelmesjes-los-2.webp","width":1000,"height":1000},{"@type":"BreadcrumbList","@id":"https:\/\/www.davidbestintools.com\/product\/mesjes-voor-david-schaaf\/#breadcrumb","itemListElement":[{"@type":"ListItem","position":1,"name":"Home","item":"https:\/\/www.davidbestintools.com\/de\/"},{"@type":"ListItem","position":2,"name":"Shop","item":"https:\/\/www.davidbestintools.com\/de\/shop\/"},{"@type":"ListItem","position":3,"name":"Klingen f\u00fcr den David Hobel"}]},{"@type":"WebSite","@id":"https:\/\/www.davidbestintools.com\/#website","url":"https:\/\/www.davidbestintools.com\/","name":"David best in tools","description":"","potentialAction":[{"@type":"SearchAction","target":{"@type":"EntryPoint","urlTemplate":"https:\/\/www.davidbestintools.com\/?s={search_term_string}"},"query-input":{"@type":"PropertyValueSpecification","valueRequired":true,"valueName":"search_term_string"}}],"inLanguage":"de"}]}},"_links":{"self":[{"href":"https:\/\/www.davidbestintools.com\/de\/wp-json\/wp\/v2\/product\/453","targetHints":{"allow":["GET"]}}],"collection":[{"href":"https:\/\/www.davidbestintools.com\/de\/wp-json\/wp\/v2\/product"}],"about":[{"href":"https:\/\/www.davidbestintools.com\/de\/wp-json\/wp\/v2\/types\/product"}],"replies":[{"embeddable":true,"href":"https:\/\/www.davidbestintools.com\/de\/wp-json\/wp\/v2\/comments?post=453"}],"wp:featuredmedia":[{"embeddable":true,"href":"https:\/\/www.davidbestintools.com\/de\/wp-json\/wp\/v2\/media\/624"}],"wp:attachment":[{"href":"https:\/\/www.davidbestintools.com\/de\/wp-json\/wp\/v2\/media?parent=453"}],"wp:term":[{"taxonomy":"product_brand","embeddable":true,"href":"https:\/\/www.davidbestintools.com\/de\/wp-json\/wp\/v2\/product_brand?post=453"},{"taxonomy":"product_cat","embeddable":true,"href":"https:\/\/www.davidbestintools.com\/de\/wp-json\/wp\/v2\/product_cat?post=453"},{"taxonomy":"product_tag","embeddable":true,"href":"https:\/\/www.davidbestintools.com\/de\/wp-json\/wp\/v2\/product_tag?post=453"}],"curies":[{"name":"wp","href":"https:\/\/api.w.org\/{rel}","templated":true}]}}