{"id":451,"date":"2024-10-28T15:11:32","date_gmt":"2024-10-28T15:11:32","guid":{"rendered":"https:\/\/www.davidbestintools.com\/?post_type=product&#038;p=451"},"modified":"2024-11-18T14:27:46","modified_gmt":"2024-11-18T14:27:46","slug":"david-schaf-schraube-fuer-montage","status":"publish","type":"product","link":"https:\/\/www.davidbestintools.com\/de\/product\/david-schaf-schraube-fuer-montage\/","title":{"rendered":"David Schaf Schraube f\u00fcr Montage"},"content":{"rendered":"","protected":false},"excerpt":{"rendered":"<p>Die David Hobelschraube ist eine robuste Fl\u00fcgelschraube, die speziell f\u00fcr die Befestigung der Druckplatte an der David Hobel entwickelt wurde. Diese Schraube sorgt f\u00fcr eine zuverl\u00e4ssige Befestigung der Klingen, wodurch dein Hobel optimal funktioniert und sicher in der Anwendung bleibt. Die Schraube l\u00e4sst sich leicht austauschen, sodass du die Wartung deines Hobels problemlos durchf\u00fchren kannst.<\/p>\n<p><strong>Eigenschaften:<\/strong><br \/>\n\u2022 Fl\u00fcgelschraube f\u00fcr sichere und feste Befestigung der Druckplatte<br \/>\n\u2022 Speziell entwickelt f\u00fcr den David Hobel<br \/>\n\u2022 Einfach auszutauschen f\u00fcr eine unkomplizierte Wartung<\/p>\n<p>ART. 471043<br \/>\nEAN: &#8211;<\/p>\n","protected":false},"featured_media":346,"comment_status":"closed","ping_status":"closed","template":"","meta":{"inline_featured_image":false},"product_brand":[],"product_cat":[],"product_tag":[],"class_list":{"0":"post-451","1":"product","2":"type-product","3":"status-publish","4":"has-post-thumbnail","7":"first","8":"instock","9":"shipping-taxable","10":"purchasable","11":"product-type-simple"},"yoast_head":"<!-- This site is optimized with the Yoast SEO plugin v27.4 - https:\/\/yoast.com\/product\/yoast-seo-wordpress\/ -->\n<title>David Schaf Schraube f\u00fcr Montage - David best in tools<\/title>\n<meta name=\"robots\" content=\"index, follow, max-snippet:-1, max-image-preview:large, max-video-preview:-1\" \/>\n<link rel=\"canonical\" href=\"https:\/\/www.davidbestintools.com\/product\/david-schaaf-schroef-voor-montage\/\" \/>\n<meta property=\"og:locale\" content=\"de_DE\" \/>\n<meta property=\"og:type\" content=\"article\" \/>\n<meta property=\"og:title\" content=\"David Schaf Schraube f\u00fcr Montage - David best in tools\" \/>\n<meta property=\"og:description\" content=\"Die David Hobelschraube ist eine robuste Fl\u00fcgelschraube, die speziell f\u00fcr die Befestigung der Druckplatte an der David Hobel entwickelt wurde. Diese Schraube sorgt f\u00fcr eine zuverl\u00e4ssige Befestigung der Klingen, wodurch dein Hobel optimal funktioniert und sicher in der Anwendung bleibt. Die Schraube l\u00e4sst sich leicht austauschen, sodass du die Wartung deines Hobels problemlos durchf\u00fchren kannst.  Eigenschaften: \u2022 Fl\u00fcgelschraube f\u00fcr sichere und feste Befestigung der Druckplatte \u2022 Speziell entwickelt f\u00fcr den David Hobel \u2022 Einfach auszutauschen f\u00fcr eine unkomplizierte Wartung  ART. 471043 EAN: -\" \/>\n<meta property=\"og:url\" content=\"https:\/\/www.davidbestintools.com\/product\/david-schaaf-schroef-voor-montage\/\" \/>\n<meta property=\"og:site_name\" content=\"David best in tools\" \/>\n<meta property=\"article:modified_time\" content=\"2024-11-18T14:27:46+00:00\" \/>\n<meta property=\"og:image\" content=\"https:\/\/www.davidbestintools.com\/wp-content\/uploads\/471044_471043_bovenzijde-1.png\" \/>\n\t<meta property=\"og:image:width\" content=\"1000\" \/>\n\t<meta property=\"og:image:height\" content=\"667\" \/>\n\t<meta property=\"og:image:type\" content=\"image\/png\" \/>\n<meta name=\"twitter:card\" content=\"summary_large_image\" \/>\n<meta name=\"twitter:label1\" content=\"Gesch\u00e4tzte Lesezeit\" \/>\n\t<meta name=\"twitter:data1\" content=\"1\u00a0Minute\" \/>\n<script type=\"application\/ld+json\" class=\"yoast-schema-graph\">{\"@context\":\"https:\\\/\\\/schema.org\",\"@graph\":[{\"@type\":\"WebPage\",\"@id\":\"https:\\\/\\\/www.davidbestintools.com\\\/product\\\/david-schaaf-schroef-voor-montage\\\/\",\"url\":\"https:\\\/\\\/www.davidbestintools.com\\\/product\\\/david-schaaf-schroef-voor-montage\\\/\",\"name\":\"David Schaf Schraube f\u00fcr Montage - David best in tools\",\"isPartOf\":{\"@id\":\"https:\\\/\\\/www.davidbestintools.com\\\/#website\"},\"primaryImageOfPage\":{\"@id\":\"https:\\\/\\\/www.davidbestintools.com\\\/product\\\/david-schaaf-schroef-voor-montage\\\/#primaryimage\"},\"image\":{\"@id\":\"https:\\\/\\\/www.davidbestintools.com\\\/product\\\/david-schaaf-schroef-voor-montage\\\/#primaryimage\"},\"thumbnailUrl\":\"https:\\\/\\\/www.davidbestintools.com\\\/wp-content\\\/uploads\\\/471044_471043_bovenzijde-1.png\",\"datePublished\":\"2024-10-28T15:11:32+00:00\",\"dateModified\":\"2024-11-18T14:27:46+00:00\",\"breadcrumb\":{\"@id\":\"https:\\\/\\\/www.davidbestintools.com\\\/product\\\/david-schaaf-schroef-voor-montage\\\/#breadcrumb\"},\"inLanguage\":\"de\",\"potentialAction\":[{\"@type\":\"ReadAction\",\"target\":[\"https:\\\/\\\/www.davidbestintools.com\\\/product\\\/david-schaaf-schroef-voor-montage\\\/\"]}]},{\"@type\":\"ImageObject\",\"inLanguage\":\"de\",\"@id\":\"https:\\\/\\\/www.davidbestintools.com\\\/product\\\/david-schaaf-schroef-voor-montage\\\/#primaryimage\",\"url\":\"https:\\\/\\\/www.davidbestintools.com\\\/wp-content\\\/uploads\\\/471044_471043_bovenzijde-1.png\",\"contentUrl\":\"https:\\\/\\\/www.davidbestintools.com\\\/wp-content\\\/uploads\\\/471044_471043_bovenzijde-1.png\",\"width\":1000,\"height\":667},{\"@type\":\"BreadcrumbList\",\"@id\":\"https:\\\/\\\/www.davidbestintools.com\\\/product\\\/david-schaaf-schroef-voor-montage\\\/#breadcrumb\",\"itemListElement\":[{\"@type\":\"ListItem\",\"position\":1,\"name\":\"Home\",\"item\":\"https:\\\/\\\/www.davidbestintools.com\\\/de\\\/\"},{\"@type\":\"ListItem\",\"position\":2,\"name\":\"Shop\",\"item\":\"https:\\\/\\\/www.davidbestintools.com\\\/de\\\/shop\\\/\"},{\"@type\":\"ListItem\",\"position\":3,\"name\":\"David Schaf Schraube f\u00fcr Montage\"}]},{\"@type\":\"WebSite\",\"@id\":\"https:\\\/\\\/www.davidbestintools.com\\\/#website\",\"url\":\"https:\\\/\\\/www.davidbestintools.com\\\/\",\"name\":\"David best in tools\",\"description\":\"\",\"potentialAction\":[{\"@type\":\"SearchAction\",\"target\":{\"@type\":\"EntryPoint\",\"urlTemplate\":\"https:\\\/\\\/www.davidbestintools.com\\\/?s={search_term_string}\"},\"query-input\":{\"@type\":\"PropertyValueSpecification\",\"valueRequired\":true,\"valueName\":\"search_term_string\"}}],\"inLanguage\":\"de\"}]}<\/script>\n<!-- \/ Yoast SEO plugin. -->","yoast_head_json":{"title":"David Schaf Schraube f\u00fcr Montage - David best in tools","robots":{"index":"index","follow":"follow","max-snippet":"max-snippet:-1","max-image-preview":"max-image-preview:large","max-video-preview":"max-video-preview:-1"},"canonical":"https:\/\/www.davidbestintools.com\/product\/david-schaaf-schroef-voor-montage\/","og_locale":"de_DE","og_type":"article","og_title":"David Schaf Schraube f\u00fcr Montage - David best in tools","og_description":"Die David Hobelschraube ist eine robuste Fl\u00fcgelschraube, die speziell f\u00fcr die Befestigung der Druckplatte an der David Hobel entwickelt wurde. Diese Schraube sorgt f\u00fcr eine zuverl\u00e4ssige Befestigung der Klingen, wodurch dein Hobel optimal funktioniert und sicher in der Anwendung bleibt. Die Schraube l\u00e4sst sich leicht austauschen, sodass du die Wartung deines Hobels problemlos durchf\u00fchren kannst.  Eigenschaften: \u2022 Fl\u00fcgelschraube f\u00fcr sichere und feste Befestigung der Druckplatte \u2022 Speziell entwickelt f\u00fcr den David Hobel \u2022 Einfach auszutauschen f\u00fcr eine unkomplizierte Wartung  ART. 471043 EAN: -","og_url":"https:\/\/www.davidbestintools.com\/product\/david-schaaf-schroef-voor-montage\/","og_site_name":"David best in tools","article_modified_time":"2024-11-18T14:27:46+00:00","og_image":[{"width":1000,"height":667,"url":"https:\/\/www.davidbestintools.com\/wp-content\/uploads\/471044_471043_bovenzijde-1.png","type":"image\/png"}],"twitter_card":"summary_large_image","twitter_misc":{"Gesch\u00e4tzte Lesezeit":"1\u00a0Minute"},"schema":{"@context":"https:\/\/schema.org","@graph":[{"@type":"WebPage","@id":"https:\/\/www.davidbestintools.com\/product\/david-schaaf-schroef-voor-montage\/","url":"https:\/\/www.davidbestintools.com\/product\/david-schaaf-schroef-voor-montage\/","name":"David Schaf Schraube f\u00fcr Montage - David best in tools","isPartOf":{"@id":"https:\/\/www.davidbestintools.com\/#website"},"primaryImageOfPage":{"@id":"https:\/\/www.davidbestintools.com\/product\/david-schaaf-schroef-voor-montage\/#primaryimage"},"image":{"@id":"https:\/\/www.davidbestintools.com\/product\/david-schaaf-schroef-voor-montage\/#primaryimage"},"thumbnailUrl":"https:\/\/www.davidbestintools.com\/wp-content\/uploads\/471044_471043_bovenzijde-1.png","datePublished":"2024-10-28T15:11:32+00:00","dateModified":"2024-11-18T14:27:46+00:00","breadcrumb":{"@id":"https:\/\/www.davidbestintools.com\/product\/david-schaaf-schroef-voor-montage\/#breadcrumb"},"inLanguage":"de","potentialAction":[{"@type":"ReadAction","target":["https:\/\/www.davidbestintools.com\/product\/david-schaaf-schroef-voor-montage\/"]}]},{"@type":"ImageObject","inLanguage":"de","@id":"https:\/\/www.davidbestintools.com\/product\/david-schaaf-schroef-voor-montage\/#primaryimage","url":"https:\/\/www.davidbestintools.com\/wp-content\/uploads\/471044_471043_bovenzijde-1.png","contentUrl":"https:\/\/www.davidbestintools.com\/wp-content\/uploads\/471044_471043_bovenzijde-1.png","width":1000,"height":667},{"@type":"BreadcrumbList","@id":"https:\/\/www.davidbestintools.com\/product\/david-schaaf-schroef-voor-montage\/#breadcrumb","itemListElement":[{"@type":"ListItem","position":1,"name":"Home","item":"https:\/\/www.davidbestintools.com\/de\/"},{"@type":"ListItem","position":2,"name":"Shop","item":"https:\/\/www.davidbestintools.com\/de\/shop\/"},{"@type":"ListItem","position":3,"name":"David Schaf Schraube f\u00fcr Montage"}]},{"@type":"WebSite","@id":"https:\/\/www.davidbestintools.com\/#website","url":"https:\/\/www.davidbestintools.com\/","name":"David best in tools","description":"","potentialAction":[{"@type":"SearchAction","target":{"@type":"EntryPoint","urlTemplate":"https:\/\/www.davidbestintools.com\/?s={search_term_string}"},"query-input":{"@type":"PropertyValueSpecification","valueRequired":true,"valueName":"search_term_string"}}],"inLanguage":"de"}]}},"_links":{"self":[{"href":"https:\/\/www.davidbestintools.com\/de\/wp-json\/wp\/v2\/product\/451","targetHints":{"allow":["GET"]}}],"collection":[{"href":"https:\/\/www.davidbestintools.com\/de\/wp-json\/wp\/v2\/product"}],"about":[{"href":"https:\/\/www.davidbestintools.com\/de\/wp-json\/wp\/v2\/types\/product"}],"replies":[{"embeddable":true,"href":"https:\/\/www.davidbestintools.com\/de\/wp-json\/wp\/v2\/comments?post=451"}],"wp:featuredmedia":[{"embeddable":true,"href":"https:\/\/www.davidbestintools.com\/de\/wp-json\/wp\/v2\/media\/346"}],"wp:attachment":[{"href":"https:\/\/www.davidbestintools.com\/de\/wp-json\/wp\/v2\/media?parent=451"}],"wp:term":[{"taxonomy":"product_brand","embeddable":true,"href":"https:\/\/www.davidbestintools.com\/de\/wp-json\/wp\/v2\/product_brand?post=451"},{"taxonomy":"product_cat","embeddable":true,"href":"https:\/\/www.davidbestintools.com\/de\/wp-json\/wp\/v2\/product_cat?post=451"},{"taxonomy":"product_tag","embeddable":true,"href":"https:\/\/www.davidbestintools.com\/de\/wp-json\/wp\/v2\/product_tag?post=451"}],"curies":[{"name":"wp","href":"https:\/\/api.w.org\/{rel}","templated":true}]}}