{"id":450,"date":"2024-10-29T10:23:54","date_gmt":"2024-10-29T10:23:54","guid":{"rendered":"https:\/\/www.davidbestintools.com\/?post_type=product&#038;p=450"},"modified":"2024-11-18T14:25:42","modified_gmt":"2024-11-18T14:25:42","slug":"david-reserve-messer-trapezium-06-mm-10-stueck","status":"publish","type":"product","link":"https:\/\/www.davidbestintools.com\/de\/product\/david-reserve-messer-trapezium-06-mm-10-stueck\/","title":{"rendered":"David Reserve-Messer Trapezium 0,6 mm (10 St\u00fcck)"},"content":{"rendered":"","protected":false},"excerpt":{"rendered":"<p>Die David Reserve-Messer Trapezium 0,6 mm sind geeignet f\u00fcr das 648103 David-Messer Alum Trapezium 0,6 mm SK2 ZB. Diese Messer sind ideal f\u00fcr alle, die feine und pr\u00e4zise Schneidarbeiten durchf\u00fchren m\u00fcssen. Dieses Set mit 10 hochwertigen Klingen stellt sicher, dass du immer ein scharfes und zuverl\u00e4ssiges Blatt zur Hand hast.<\/p>\n<p><strong>Wichtigste Merkmale:<\/strong><\/p>\n<ul>\n<li><strong>SK2-Technologie:<\/strong> Durch die Laserbearbeitung des Messers wird die Schneide um 2 HRC h\u00e4rter, was bedeutet, dass die Klinge 4-mal l\u00e4nger scharf bleibt, selbst bei intensiver Nutzung. Dies f\u00fchrt zu einem langlebigen Messer.<\/li>\n<li><strong>Klinge:<\/strong> Mit einer Dicke von nur 0,6 mm ist dieses Messer ideal f\u00fcr feine und pr\u00e4zise Schneidarbeiten.<\/li>\n<li><strong>Rostbest\u00e4ndig:<\/strong> Das Messer ist rostbest\u00e4ndig, was die Lebensdauer verl\u00e4ngert.<\/li>\n<\/ul>\n<p><strong>Warnung:<\/strong><br \/>\nMesser sind sehr scharf! Verwende dieses Produkt mit Vorsicht. Ziehe das Messer vollst\u00e4ndig zur\u00fcck, wenn es nicht in Gebrauch ist. Trage immer eine Schutzbrille w\u00e4hrend der Nutzung. Verwende das Messer nur mit einem ausgefahrenen Segment und breche es an der Schnittlinie ab. Entsorge benutzte Klingen vorsichtig und halte sie au\u00dferhalb der Reichweite von Kindern.<\/p>\n<p>ART. 649103<br \/>\nEAN: 8715629178949<\/p>\n","protected":false},"featured_media":614,"comment_status":"closed","ping_status":"closed","template":"","meta":{"inline_featured_image":false},"product_brand":[],"product_cat":[],"product_tag":[],"class_list":{"0":"post-450","1":"product","2":"type-product","3":"status-publish","4":"has-post-thumbnail","7":"first","8":"instock","9":"shipping-taxable","10":"purchasable","11":"product-type-simple"},"yoast_head":"<!-- This site is optimized with the Yoast SEO plugin v27.4 - https:\/\/yoast.com\/product\/yoast-seo-wordpress\/ -->\n<title>David Reserve-Messer Trapezium 0,6 mm (10 St\u00fcck) - David best in tools<\/title>\n<meta name=\"robots\" content=\"index, follow, max-snippet:-1, max-image-preview:large, max-video-preview:-1\" \/>\n<link rel=\"canonical\" href=\"https:\/\/www.davidbestintools.com\/de\/product\/david-reserve-messer-trapezium-06-mm-10-stueck\/\" \/>\n<meta property=\"og:locale\" content=\"de_DE\" \/>\n<meta property=\"og:type\" content=\"article\" \/>\n<meta property=\"og:title\" content=\"David Reserve-Messer Trapezium 0,6 mm (10 St\u00fcck) - David best in tools\" \/>\n<meta property=\"og:description\" content=\"Die David Reserve-Messer Trapezium 0,6 mm sind geeignet f\u00fcr das 648103 David-Messer Alum Trapezium 0,6 mm SK2 ZB. Diese Messer sind ideal f\u00fcr alle, die feine und pr\u00e4zise Schneidarbeiten durchf\u00fchren m\u00fcssen. Dieses Set mit 10 hochwertigen Klingen stellt sicher, dass du immer ein scharfes und zuverl\u00e4ssiges Blatt zur Hand hast.  Wichtigste Merkmale:   SK2-Technologie: Durch die Laserbearbeitung des Messers wird die Schneide um 2 HRC h\u00e4rter, was bedeutet, dass die Klinge 4-mal l\u00e4nger scharf bleibt, selbst bei intensiver Nutzung. Dies f\u00fchrt zu einem langlebigen Messer.  Klinge: Mit einer Dicke von nur 0,6 mm ist dieses Messer ideal f\u00fcr feine und pr\u00e4zise Schneidarbeiten.  Rostbest\u00e4ndig: Das Messer ist rostbest\u00e4ndig, was die Lebensdauer verl\u00e4ngert.  Warnung: Messer sind sehr scharf! Verwende dieses Produkt mit Vorsicht. Ziehe das Messer vollst\u00e4ndig zur\u00fcck, wenn es nicht in Gebrauch ist. Trage immer eine Schutzbrille w\u00e4hrend der Nutzung. Verwende das Messer nur mit einem ausgefahrenen Segment und breche es an der Schnittlinie ab. Entsorge benutzte Klingen vorsichtig und halte sie au\u00dferhalb der Reichweite von Kindern.  ART. 649103 EAN: 8715629178949\" \/>\n<meta property=\"og:url\" content=\"https:\/\/www.davidbestintools.com\/de\/product\/david-reserve-messer-trapezium-06-mm-10-stueck\/\" \/>\n<meta property=\"og:site_name\" content=\"David best in tools\" \/>\n<meta property=\"article:modified_time\" content=\"2024-11-18T14:25:42+00:00\" \/>\n<meta property=\"og:image\" content=\"https:\/\/www.davidbestintools.com\/wp-content\/uploads\/ART.-649103-David-reservemes-Trapezium-06-mm-10-stuks.jpg\" \/>\n\t<meta property=\"og:image:width\" content=\"472\" \/>\n\t<meta property=\"og:image:height\" content=\"708\" \/>\n\t<meta property=\"og:image:type\" content=\"image\/jpeg\" \/>\n<meta name=\"twitter:card\" content=\"summary_large_image\" \/>\n<script type=\"application\/ld+json\" class=\"yoast-schema-graph\">{\"@context\":\"https:\\\/\\\/schema.org\",\"@graph\":[{\"@type\":\"WebPage\",\"@id\":\"https:\\\/\\\/www.davidbestintools.com\\\/de\\\/product\\\/david-reserve-messer-trapezium-06-mm-10-stueck\\\/\",\"url\":\"https:\\\/\\\/www.davidbestintools.com\\\/de\\\/product\\\/david-reserve-messer-trapezium-06-mm-10-stueck\\\/\",\"name\":\"David Reserve-Messer Trapezium 0,6 mm (10 St\u00fcck) - David best in tools\",\"isPartOf\":{\"@id\":\"https:\\\/\\\/www.davidbestintools.com\\\/#website\"},\"primaryImageOfPage\":{\"@id\":\"https:\\\/\\\/www.davidbestintools.com\\\/de\\\/product\\\/david-reserve-messer-trapezium-06-mm-10-stueck\\\/#primaryimage\"},\"image\":{\"@id\":\"https:\\\/\\\/www.davidbestintools.com\\\/de\\\/product\\\/david-reserve-messer-trapezium-06-mm-10-stueck\\\/#primaryimage\"},\"thumbnailUrl\":\"https:\\\/\\\/www.davidbestintools.com\\\/wp-content\\\/uploads\\\/David-reservemes-Trapezium-06-mm-2.webp\",\"datePublished\":\"2024-10-29T10:23:54+00:00\",\"dateModified\":\"2024-11-18T14:25:42+00:00\",\"breadcrumb\":{\"@id\":\"https:\\\/\\\/www.davidbestintools.com\\\/de\\\/product\\\/david-reserve-messer-trapezium-06-mm-10-stueck\\\/#breadcrumb\"},\"inLanguage\":\"de\",\"potentialAction\":[{\"@type\":\"ReadAction\",\"target\":[\"https:\\\/\\\/www.davidbestintools.com\\\/de\\\/product\\\/david-reserve-messer-trapezium-06-mm-10-stueck\\\/\"]}]},{\"@type\":\"ImageObject\",\"inLanguage\":\"de\",\"@id\":\"https:\\\/\\\/www.davidbestintools.com\\\/de\\\/product\\\/david-reserve-messer-trapezium-06-mm-10-stueck\\\/#primaryimage\",\"url\":\"https:\\\/\\\/www.davidbestintools.com\\\/wp-content\\\/uploads\\\/David-reservemes-Trapezium-06-mm-2.webp\",\"contentUrl\":\"https:\\\/\\\/www.davidbestintools.com\\\/wp-content\\\/uploads\\\/David-reservemes-Trapezium-06-mm-2.webp\",\"width\":1000,\"height\":1000},{\"@type\":\"BreadcrumbList\",\"@id\":\"https:\\\/\\\/www.davidbestintools.com\\\/de\\\/product\\\/david-reserve-messer-trapezium-06-mm-10-stueck\\\/#breadcrumb\",\"itemListElement\":[{\"@type\":\"ListItem\",\"position\":1,\"name\":\"Home\",\"item\":\"https:\\\/\\\/www.davidbestintools.com\\\/de\\\/\"},{\"@type\":\"ListItem\",\"position\":2,\"name\":\"Shop\",\"item\":\"https:\\\/\\\/www.davidbestintools.com\\\/de\\\/shop\\\/\"},{\"@type\":\"ListItem\",\"position\":3,\"name\":\"David Reserve-Messer Trapezium 0,6 mm (10 St\u00fcck)\"}]},{\"@type\":\"WebSite\",\"@id\":\"https:\\\/\\\/www.davidbestintools.com\\\/#website\",\"url\":\"https:\\\/\\\/www.davidbestintools.com\\\/\",\"name\":\"David best in tools\",\"description\":\"\",\"potentialAction\":[{\"@type\":\"SearchAction\",\"target\":{\"@type\":\"EntryPoint\",\"urlTemplate\":\"https:\\\/\\\/www.davidbestintools.com\\\/?s={search_term_string}\"},\"query-input\":{\"@type\":\"PropertyValueSpecification\",\"valueRequired\":true,\"valueName\":\"search_term_string\"}}],\"inLanguage\":\"de\"}]}<\/script>\n<!-- \/ Yoast SEO plugin. -->","yoast_head_json":{"title":"David Reserve-Messer Trapezium 0,6 mm (10 St\u00fcck) - David best in tools","robots":{"index":"index","follow":"follow","max-snippet":"max-snippet:-1","max-image-preview":"max-image-preview:large","max-video-preview":"max-video-preview:-1"},"canonical":"https:\/\/www.davidbestintools.com\/de\/product\/david-reserve-messer-trapezium-06-mm-10-stueck\/","og_locale":"de_DE","og_type":"article","og_title":"David Reserve-Messer Trapezium 0,6 mm (10 St\u00fcck) - David best in tools","og_description":"Die David Reserve-Messer Trapezium 0,6 mm sind geeignet f\u00fcr das 648103 David-Messer Alum Trapezium 0,6 mm SK2 ZB. Diese Messer sind ideal f\u00fcr alle, die feine und pr\u00e4zise Schneidarbeiten durchf\u00fchren m\u00fcssen. Dieses Set mit 10 hochwertigen Klingen stellt sicher, dass du immer ein scharfes und zuverl\u00e4ssiges Blatt zur Hand hast.  Wichtigste Merkmale:   SK2-Technologie: Durch die Laserbearbeitung des Messers wird die Schneide um 2 HRC h\u00e4rter, was bedeutet, dass die Klinge 4-mal l\u00e4nger scharf bleibt, selbst bei intensiver Nutzung. Dies f\u00fchrt zu einem langlebigen Messer.  Klinge: Mit einer Dicke von nur 0,6 mm ist dieses Messer ideal f\u00fcr feine und pr\u00e4zise Schneidarbeiten.  Rostbest\u00e4ndig: Das Messer ist rostbest\u00e4ndig, was die Lebensdauer verl\u00e4ngert.  Warnung: Messer sind sehr scharf! Verwende dieses Produkt mit Vorsicht. Ziehe das Messer vollst\u00e4ndig zur\u00fcck, wenn es nicht in Gebrauch ist. Trage immer eine Schutzbrille w\u00e4hrend der Nutzung. Verwende das Messer nur mit einem ausgefahrenen Segment und breche es an der Schnittlinie ab. Entsorge benutzte Klingen vorsichtig und halte sie au\u00dferhalb der Reichweite von Kindern.  ART. 649103 EAN: 8715629178949","og_url":"https:\/\/www.davidbestintools.com\/de\/product\/david-reserve-messer-trapezium-06-mm-10-stueck\/","og_site_name":"David best in tools","article_modified_time":"2024-11-18T14:25:42+00:00","og_image":[{"width":472,"height":708,"url":"https:\/\/www.davidbestintools.com\/wp-content\/uploads\/ART.-649103-David-reservemes-Trapezium-06-mm-10-stuks.jpg","type":"image\/jpeg"}],"twitter_card":"summary_large_image","schema":{"@context":"https:\/\/schema.org","@graph":[{"@type":"WebPage","@id":"https:\/\/www.davidbestintools.com\/de\/product\/david-reserve-messer-trapezium-06-mm-10-stueck\/","url":"https:\/\/www.davidbestintools.com\/de\/product\/david-reserve-messer-trapezium-06-mm-10-stueck\/","name":"David Reserve-Messer Trapezium 0,6 mm (10 St\u00fcck) - David best in tools","isPartOf":{"@id":"https:\/\/www.davidbestintools.com\/#website"},"primaryImageOfPage":{"@id":"https:\/\/www.davidbestintools.com\/de\/product\/david-reserve-messer-trapezium-06-mm-10-stueck\/#primaryimage"},"image":{"@id":"https:\/\/www.davidbestintools.com\/de\/product\/david-reserve-messer-trapezium-06-mm-10-stueck\/#primaryimage"},"thumbnailUrl":"https:\/\/www.davidbestintools.com\/wp-content\/uploads\/David-reservemes-Trapezium-06-mm-2.webp","datePublished":"2024-10-29T10:23:54+00:00","dateModified":"2024-11-18T14:25:42+00:00","breadcrumb":{"@id":"https:\/\/www.davidbestintools.com\/de\/product\/david-reserve-messer-trapezium-06-mm-10-stueck\/#breadcrumb"},"inLanguage":"de","potentialAction":[{"@type":"ReadAction","target":["https:\/\/www.davidbestintools.com\/de\/product\/david-reserve-messer-trapezium-06-mm-10-stueck\/"]}]},{"@type":"ImageObject","inLanguage":"de","@id":"https:\/\/www.davidbestintools.com\/de\/product\/david-reserve-messer-trapezium-06-mm-10-stueck\/#primaryimage","url":"https:\/\/www.davidbestintools.com\/wp-content\/uploads\/David-reservemes-Trapezium-06-mm-2.webp","contentUrl":"https:\/\/www.davidbestintools.com\/wp-content\/uploads\/David-reservemes-Trapezium-06-mm-2.webp","width":1000,"height":1000},{"@type":"BreadcrumbList","@id":"https:\/\/www.davidbestintools.com\/de\/product\/david-reserve-messer-trapezium-06-mm-10-stueck\/#breadcrumb","itemListElement":[{"@type":"ListItem","position":1,"name":"Home","item":"https:\/\/www.davidbestintools.com\/de\/"},{"@type":"ListItem","position":2,"name":"Shop","item":"https:\/\/www.davidbestintools.com\/de\/shop\/"},{"@type":"ListItem","position":3,"name":"David Reserve-Messer Trapezium 0,6 mm (10 St\u00fcck)"}]},{"@type":"WebSite","@id":"https:\/\/www.davidbestintools.com\/#website","url":"https:\/\/www.davidbestintools.com\/","name":"David best in tools","description":"","potentialAction":[{"@type":"SearchAction","target":{"@type":"EntryPoint","urlTemplate":"https:\/\/www.davidbestintools.com\/?s={search_term_string}"},"query-input":{"@type":"PropertyValueSpecification","valueRequired":true,"valueName":"search_term_string"}}],"inLanguage":"de"}]}},"_links":{"self":[{"href":"https:\/\/www.davidbestintools.com\/de\/wp-json\/wp\/v2\/product\/450","targetHints":{"allow":["GET"]}}],"collection":[{"href":"https:\/\/www.davidbestintools.com\/de\/wp-json\/wp\/v2\/product"}],"about":[{"href":"https:\/\/www.davidbestintools.com\/de\/wp-json\/wp\/v2\/types\/product"}],"replies":[{"embeddable":true,"href":"https:\/\/www.davidbestintools.com\/de\/wp-json\/wp\/v2\/comments?post=450"}],"wp:featuredmedia":[{"embeddable":true,"href":"https:\/\/www.davidbestintools.com\/de\/wp-json\/wp\/v2\/media\/614"}],"wp:attachment":[{"href":"https:\/\/www.davidbestintools.com\/de\/wp-json\/wp\/v2\/media?parent=450"}],"wp:term":[{"taxonomy":"product_brand","embeddable":true,"href":"https:\/\/www.davidbestintools.com\/de\/wp-json\/wp\/v2\/product_brand?post=450"},{"taxonomy":"product_cat","embeddable":true,"href":"https:\/\/www.davidbestintools.com\/de\/wp-json\/wp\/v2\/product_cat?post=450"},{"taxonomy":"product_tag","embeddable":true,"href":"https:\/\/www.davidbestintools.com\/de\/wp-json\/wp\/v2\/product_tag?post=450"}],"curies":[{"name":"wp","href":"https:\/\/api.w.org\/{rel}","templated":true}]}}