{"id":448,"date":"2024-10-29T13:42:07","date_gmt":"2024-10-29T13:42:07","guid":{"rendered":"https:\/\/www.davidbestintools.com\/?post_type=product&#038;p=448"},"modified":"2024-11-21T15:20:46","modified_gmt":"2024-11-21T15:20:46","slug":"david-reserve-munition-9mm-sk2-10-stueck","status":"publish","type":"product","link":"https:\/\/www.davidbestintools.com\/de\/product\/david-reserve-munition-9mm-sk2-10-stueck\/","title":{"rendered":"David Reserve-Munition 9mm SK2 (10 St\u00fcck)"},"content":{"rendered":"","protected":false},"excerpt":{"rendered":"<p>Die David Reserve-Messer 9 mm SK2 sind geeignet f\u00fcr das 648102 David-Messer ABS 9 mm SK2 ZB. Diese Messer sind die perfekte Erg\u00e4nzung f\u00fcr dein Messerset. Die Nachf\u00fcllmesser werden in einem Set von 10 St\u00fcck geliefert und sind f\u00fcr den langfristigen und intensiven Gebrauch konzipiert.<\/p>\n<p><strong>Eigenschaften:<\/strong><\/p>\n<ul>\n<li><strong>SK2-Technologie:<\/strong> Durch die Laserbearbeitung des Messers wird die Schneide um 2 HRC h\u00e4rter, was bedeutet, dass die Klinge 4-mal l\u00e4nger scharf bleibt, selbst bei intensiver Nutzung. Dies f\u00fchrt zu einem langlebigen Messer.<\/li>\n<li><strong>Bruchsicherheit:<\/strong> Diese Klinge kann bei 90 Grad schneiden und bleibt dabei intakt, wodurch gef\u00e4hrliche Situationen vermieden werden.<\/li>\n<li><strong>Rostbest\u00e4ndig:<\/strong> Das Messer ist rostbest\u00e4ndig, was die Lebensdauer verl\u00e4ngert.<\/li>\n<\/ul>\n<p><strong>Warnung:<br \/>\n<\/strong>Messer sind sehr scharf! Verwende dieses Produkt mit Vorsicht. Ziehe das Messer vollst\u00e4ndig zur\u00fcck, wenn es nicht in Gebrauch ist. Trage immer eine Schutzbrille w\u00e4hrend der Nutzung. Verwende das Messer nur mit einem ausgefahrenen Segment und breche es an der Schnittlinie ab. Entsorge benutzte Klingen vorsichtig und halte sie au\u00dferhalb der Reichweite von Kindern.<\/p>\n<p>ART. 649102<br \/>\nEAN: 8715629178932<\/p>\n","protected":false},"featured_media":604,"comment_status":"closed","ping_status":"closed","template":"","meta":{"inline_featured_image":false},"product_brand":[],"product_cat":[],"product_tag":[],"class_list":{"0":"post-448","1":"product","2":"type-product","3":"status-publish","4":"has-post-thumbnail","7":"first","8":"instock","9":"shipping-taxable","10":"purchasable","11":"product-type-simple"},"yoast_head":"<!-- This site is optimized with the Yoast SEO plugin v27.4 - https:\/\/yoast.com\/product\/yoast-seo-wordpress\/ -->\n<title>David Reserve-Munition 9mm SK2 (10 St\u00fcck) - David best in tools<\/title>\n<meta name=\"robots\" content=\"index, follow, max-snippet:-1, max-image-preview:large, max-video-preview:-1\" \/>\n<link rel=\"canonical\" href=\"https:\/\/www.davidbestintools.com\/de\/product\/david-reserve-munition-9mm-sk2-10-stueck\/\" \/>\n<meta property=\"og:locale\" content=\"de_DE\" \/>\n<meta property=\"og:type\" content=\"article\" \/>\n<meta property=\"og:title\" content=\"David Reserve-Munition 9mm SK2 (10 St\u00fcck) - David best in tools\" \/>\n<meta property=\"og:description\" content=\"Die David Reserve-Messer 9 mm SK2 sind geeignet f\u00fcr das 648102 David-Messer ABS 9 mm SK2 ZB. Diese Messer sind die perfekte Erg\u00e4nzung f\u00fcr dein Messerset. Die Nachf\u00fcllmesser werden in einem Set von 10 St\u00fcck geliefert und sind f\u00fcr den langfristigen und intensiven Gebrauch konzipiert.  Eigenschaften:   SK2-Technologie: Durch die Laserbearbeitung des Messers wird die Schneide um 2 HRC h\u00e4rter, was bedeutet, dass die Klinge 4-mal l\u00e4nger scharf bleibt, selbst bei intensiver Nutzung. Dies f\u00fchrt zu einem langlebigen Messer.  Bruchsicherheit: Diese Klinge kann bei 90 Grad schneiden und bleibt dabei intakt, wodurch gef\u00e4hrliche Situationen vermieden werden.  Rostbest\u00e4ndig: Das Messer ist rostbest\u00e4ndig, was die Lebensdauer verl\u00e4ngert.  Warnung: Messer sind sehr scharf! Verwende dieses Produkt mit Vorsicht. Ziehe das Messer vollst\u00e4ndig zur\u00fcck, wenn es nicht in Gebrauch ist. Trage immer eine Schutzbrille w\u00e4hrend der Nutzung. Verwende das Messer nur mit einem ausgefahrenen Segment und breche es an der Schnittlinie ab. Entsorge benutzte Klingen vorsichtig und halte sie au\u00dferhalb der Reichweite von Kindern.  ART. 649102 EAN: 8715629178932\" \/>\n<meta property=\"og:url\" content=\"https:\/\/www.davidbestintools.com\/de\/product\/david-reserve-munition-9mm-sk2-10-stueck\/\" \/>\n<meta property=\"og:site_name\" content=\"David best in tools\" \/>\n<meta property=\"article:modified_time\" content=\"2024-11-21T15:20:46+00:00\" \/>\n<meta property=\"og:image\" content=\"https:\/\/www.davidbestintools.com\/wp-content\/uploads\/David-reservemes-9-mm-SK2-2.webp\" \/>\n\t<meta property=\"og:image:width\" content=\"1000\" \/>\n\t<meta property=\"og:image:height\" content=\"1000\" \/>\n\t<meta property=\"og:image:type\" content=\"image\/webp\" \/>\n<meta name=\"twitter:card\" content=\"summary_large_image\" \/>\n<meta name=\"twitter:label1\" content=\"Gesch\u00e4tzte Lesezeit\" \/>\n\t<meta name=\"twitter:data1\" content=\"1\u00a0Minute\" \/>\n<script type=\"application\/ld+json\" class=\"yoast-schema-graph\">{\"@context\":\"https:\\\/\\\/schema.org\",\"@graph\":[{\"@type\":\"WebPage\",\"@id\":\"https:\\\/\\\/www.davidbestintools.com\\\/de\\\/product\\\/david-reserve-munition-9mm-sk2-10-stueck\\\/\",\"url\":\"https:\\\/\\\/www.davidbestintools.com\\\/de\\\/product\\\/david-reserve-munition-9mm-sk2-10-stueck\\\/\",\"name\":\"David Reserve-Munition 9mm SK2 (10 St\u00fcck) - David best in tools\",\"isPartOf\":{\"@id\":\"https:\\\/\\\/www.davidbestintools.com\\\/#website\"},\"primaryImageOfPage\":{\"@id\":\"https:\\\/\\\/www.davidbestintools.com\\\/de\\\/product\\\/david-reserve-munition-9mm-sk2-10-stueck\\\/#primaryimage\"},\"image\":{\"@id\":\"https:\\\/\\\/www.davidbestintools.com\\\/de\\\/product\\\/david-reserve-munition-9mm-sk2-10-stueck\\\/#primaryimage\"},\"thumbnailUrl\":\"https:\\\/\\\/www.davidbestintools.com\\\/wp-content\\\/uploads\\\/David-reservemes-9-mm-SK2-2.webp\",\"datePublished\":\"2024-10-29T13:42:07+00:00\",\"dateModified\":\"2024-11-21T15:20:46+00:00\",\"breadcrumb\":{\"@id\":\"https:\\\/\\\/www.davidbestintools.com\\\/de\\\/product\\\/david-reserve-munition-9mm-sk2-10-stueck\\\/#breadcrumb\"},\"inLanguage\":\"de\",\"potentialAction\":[{\"@type\":\"ReadAction\",\"target\":[\"https:\\\/\\\/www.davidbestintools.com\\\/de\\\/product\\\/david-reserve-munition-9mm-sk2-10-stueck\\\/\"]}]},{\"@type\":\"ImageObject\",\"inLanguage\":\"de\",\"@id\":\"https:\\\/\\\/www.davidbestintools.com\\\/de\\\/product\\\/david-reserve-munition-9mm-sk2-10-stueck\\\/#primaryimage\",\"url\":\"https:\\\/\\\/www.davidbestintools.com\\\/wp-content\\\/uploads\\\/David-reservemes-9-mm-SK2-2.webp\",\"contentUrl\":\"https:\\\/\\\/www.davidbestintools.com\\\/wp-content\\\/uploads\\\/David-reservemes-9-mm-SK2-2.webp\",\"width\":1000,\"height\":1000},{\"@type\":\"BreadcrumbList\",\"@id\":\"https:\\\/\\\/www.davidbestintools.com\\\/de\\\/product\\\/david-reserve-munition-9mm-sk2-10-stueck\\\/#breadcrumb\",\"itemListElement\":[{\"@type\":\"ListItem\",\"position\":1,\"name\":\"Home\",\"item\":\"https:\\\/\\\/www.davidbestintools.com\\\/de\\\/\"},{\"@type\":\"ListItem\",\"position\":2,\"name\":\"Shop\",\"item\":\"https:\\\/\\\/www.davidbestintools.com\\\/de\\\/shop\\\/\"},{\"@type\":\"ListItem\",\"position\":3,\"name\":\"David Reserve-Munition 9mm SK2 (10 St\u00fcck)\"}]},{\"@type\":\"WebSite\",\"@id\":\"https:\\\/\\\/www.davidbestintools.com\\\/#website\",\"url\":\"https:\\\/\\\/www.davidbestintools.com\\\/\",\"name\":\"David best in tools\",\"description\":\"\",\"potentialAction\":[{\"@type\":\"SearchAction\",\"target\":{\"@type\":\"EntryPoint\",\"urlTemplate\":\"https:\\\/\\\/www.davidbestintools.com\\\/?s={search_term_string}\"},\"query-input\":{\"@type\":\"PropertyValueSpecification\",\"valueRequired\":true,\"valueName\":\"search_term_string\"}}],\"inLanguage\":\"de\"}]}<\/script>\n<!-- \/ Yoast SEO plugin. -->","yoast_head_json":{"title":"David Reserve-Munition 9mm SK2 (10 St\u00fcck) - David best in tools","robots":{"index":"index","follow":"follow","max-snippet":"max-snippet:-1","max-image-preview":"max-image-preview:large","max-video-preview":"max-video-preview:-1"},"canonical":"https:\/\/www.davidbestintools.com\/de\/product\/david-reserve-munition-9mm-sk2-10-stueck\/","og_locale":"de_DE","og_type":"article","og_title":"David Reserve-Munition 9mm SK2 (10 St\u00fcck) - David best in tools","og_description":"Die David Reserve-Messer 9 mm SK2 sind geeignet f\u00fcr das 648102 David-Messer ABS 9 mm SK2 ZB. Diese Messer sind die perfekte Erg\u00e4nzung f\u00fcr dein Messerset. Die Nachf\u00fcllmesser werden in einem Set von 10 St\u00fcck geliefert und sind f\u00fcr den langfristigen und intensiven Gebrauch konzipiert.  Eigenschaften:   SK2-Technologie: Durch die Laserbearbeitung des Messers wird die Schneide um 2 HRC h\u00e4rter, was bedeutet, dass die Klinge 4-mal l\u00e4nger scharf bleibt, selbst bei intensiver Nutzung. Dies f\u00fchrt zu einem langlebigen Messer.  Bruchsicherheit: Diese Klinge kann bei 90 Grad schneiden und bleibt dabei intakt, wodurch gef\u00e4hrliche Situationen vermieden werden.  Rostbest\u00e4ndig: Das Messer ist rostbest\u00e4ndig, was die Lebensdauer verl\u00e4ngert.  Warnung: Messer sind sehr scharf! Verwende dieses Produkt mit Vorsicht. Ziehe das Messer vollst\u00e4ndig zur\u00fcck, wenn es nicht in Gebrauch ist. Trage immer eine Schutzbrille w\u00e4hrend der Nutzung. Verwende das Messer nur mit einem ausgefahrenen Segment und breche es an der Schnittlinie ab. Entsorge benutzte Klingen vorsichtig und halte sie au\u00dferhalb der Reichweite von Kindern.  ART. 649102 EAN: 8715629178932","og_url":"https:\/\/www.davidbestintools.com\/de\/product\/david-reserve-munition-9mm-sk2-10-stueck\/","og_site_name":"David best in tools","article_modified_time":"2024-11-21T15:20:46+00:00","og_image":[{"width":1000,"height":1000,"url":"https:\/\/www.davidbestintools.com\/wp-content\/uploads\/David-reservemes-9-mm-SK2-2.webp","type":"image\/webp"}],"twitter_card":"summary_large_image","twitter_misc":{"Gesch\u00e4tzte Lesezeit":"1\u00a0Minute"},"schema":{"@context":"https:\/\/schema.org","@graph":[{"@type":"WebPage","@id":"https:\/\/www.davidbestintools.com\/de\/product\/david-reserve-munition-9mm-sk2-10-stueck\/","url":"https:\/\/www.davidbestintools.com\/de\/product\/david-reserve-munition-9mm-sk2-10-stueck\/","name":"David Reserve-Munition 9mm SK2 (10 St\u00fcck) - David best in tools","isPartOf":{"@id":"https:\/\/www.davidbestintools.com\/#website"},"primaryImageOfPage":{"@id":"https:\/\/www.davidbestintools.com\/de\/product\/david-reserve-munition-9mm-sk2-10-stueck\/#primaryimage"},"image":{"@id":"https:\/\/www.davidbestintools.com\/de\/product\/david-reserve-munition-9mm-sk2-10-stueck\/#primaryimage"},"thumbnailUrl":"https:\/\/www.davidbestintools.com\/wp-content\/uploads\/David-reservemes-9-mm-SK2-2.webp","datePublished":"2024-10-29T13:42:07+00:00","dateModified":"2024-11-21T15:20:46+00:00","breadcrumb":{"@id":"https:\/\/www.davidbestintools.com\/de\/product\/david-reserve-munition-9mm-sk2-10-stueck\/#breadcrumb"},"inLanguage":"de","potentialAction":[{"@type":"ReadAction","target":["https:\/\/www.davidbestintools.com\/de\/product\/david-reserve-munition-9mm-sk2-10-stueck\/"]}]},{"@type":"ImageObject","inLanguage":"de","@id":"https:\/\/www.davidbestintools.com\/de\/product\/david-reserve-munition-9mm-sk2-10-stueck\/#primaryimage","url":"https:\/\/www.davidbestintools.com\/wp-content\/uploads\/David-reservemes-9-mm-SK2-2.webp","contentUrl":"https:\/\/www.davidbestintools.com\/wp-content\/uploads\/David-reservemes-9-mm-SK2-2.webp","width":1000,"height":1000},{"@type":"BreadcrumbList","@id":"https:\/\/www.davidbestintools.com\/de\/product\/david-reserve-munition-9mm-sk2-10-stueck\/#breadcrumb","itemListElement":[{"@type":"ListItem","position":1,"name":"Home","item":"https:\/\/www.davidbestintools.com\/de\/"},{"@type":"ListItem","position":2,"name":"Shop","item":"https:\/\/www.davidbestintools.com\/de\/shop\/"},{"@type":"ListItem","position":3,"name":"David Reserve-Munition 9mm SK2 (10 St\u00fcck)"}]},{"@type":"WebSite","@id":"https:\/\/www.davidbestintools.com\/#website","url":"https:\/\/www.davidbestintools.com\/","name":"David best in tools","description":"","potentialAction":[{"@type":"SearchAction","target":{"@type":"EntryPoint","urlTemplate":"https:\/\/www.davidbestintools.com\/?s={search_term_string}"},"query-input":{"@type":"PropertyValueSpecification","valueRequired":true,"valueName":"search_term_string"}}],"inLanguage":"de"}]}},"_links":{"self":[{"href":"https:\/\/www.davidbestintools.com\/de\/wp-json\/wp\/v2\/product\/448","targetHints":{"allow":["GET"]}}],"collection":[{"href":"https:\/\/www.davidbestintools.com\/de\/wp-json\/wp\/v2\/product"}],"about":[{"href":"https:\/\/www.davidbestintools.com\/de\/wp-json\/wp\/v2\/types\/product"}],"replies":[{"embeddable":true,"href":"https:\/\/www.davidbestintools.com\/de\/wp-json\/wp\/v2\/comments?post=448"}],"wp:featuredmedia":[{"embeddable":true,"href":"https:\/\/www.davidbestintools.com\/de\/wp-json\/wp\/v2\/media\/604"}],"wp:attachment":[{"href":"https:\/\/www.davidbestintools.com\/de\/wp-json\/wp\/v2\/media?parent=448"}],"wp:term":[{"taxonomy":"product_brand","embeddable":true,"href":"https:\/\/www.davidbestintools.com\/de\/wp-json\/wp\/v2\/product_brand?post=448"},{"taxonomy":"product_cat","embeddable":true,"href":"https:\/\/www.davidbestintools.com\/de\/wp-json\/wp\/v2\/product_cat?post=448"},{"taxonomy":"product_tag","embeddable":true,"href":"https:\/\/www.davidbestintools.com\/de\/wp-json\/wp\/v2\/product_tag?post=448"}],"curies":[{"name":"wp","href":"https:\/\/api.w.org\/{rel}","templated":true}]}}