{"id":447,"date":"2024-10-29T10:19:27","date_gmt":"2024-10-29T10:19:27","guid":{"rendered":"https:\/\/www.davidbestintools.com\/?post_type=product&#038;p=447"},"modified":"2024-11-18T14:11:20","modified_gmt":"2024-11-18T14:11:20","slug":"david-ersatzmesser-18-mm-sk2-10-stueck","status":"publish","type":"product","link":"https:\/\/www.davidbestintools.com\/de\/product\/david-ersatzmesser-18-mm-sk2-10-stueck\/","title":{"rendered":"David Ersatzmesser 18 mm SK2 (10 St\u00fcck)"},"content":{"rendered":"","protected":false},"excerpt":{"rendered":"<p>Die David Ersatzmesser 18 mm SK2 sind kompatibel mit dem 648101 David Messer ABS 18 mm SK2 ZB. Diese Messer sind die perfekte Erg\u00e4nzung zu Ihrem Messerset. Die Nachf\u00fcllmesser werden in einem Set von 10 St\u00fcck geliefert und sind f\u00fcr den langanhaltenden und intensiven Einsatz konzipiert.<\/p>\n<p><strong>Eigenschaften:<\/strong><\/p>\n<ul>\n<li><strong>SK2-Technologie<\/strong>: Durch die Laserbehandlung sind die Schneiden 2 HRC h\u00e4rter. Das bedeutet, dass das Messer 4-mal l\u00e4nger scharf bleibt, auch bei intensivem Gebrauch. Dies f\u00fchrt zu einem langlebigen Messer.<\/li>\n<li><strong>Auto-Lock-System<\/strong>: Das Messer verf\u00fcgt \u00fcber eine automatische Verriegelung, die bis zu 25 kg Druck standh\u00e4lt, sodass es w\u00e4hrend des Schneidens sicher und stabil bleibt.<\/li>\n<li><strong>Klinge<\/strong>: Diese Klinge ist 40% dicker als eine Standardklinge, was zu einer l\u00e4ngeren Lebensdauer und kraftvolleren Schnitten f\u00fchrt.<\/li>\n<li><strong>Rostbest\u00e4ndig<\/strong>: Dieses Messer ist rostbest\u00e4ndig, was zu einer l\u00e4ngeren Lebensdauer beitr\u00e4gt.<\/li>\n<\/ul>\n<p><strong>Warnung:<\/strong><br \/>\nMesser sind extrem scharf! Bitte vorsichtig verwenden. Ziehen Sie das Messer vollst\u00e4ndig zur\u00fcck, wenn es nicht in Gebrauch ist. Tragen Sie beim Gebrauch immer eine Schutzbrille. Verwenden Sie nur ein Segment des Messers, das ausgezogen ist. Brechen Sie das Messer an der Schnittlinie ab. Entsorgen Sie benutzte Klingen mit gr\u00f6\u00dfter Sorgfalt und halten Sie sie au\u00dferhalb der Reichweite von Kindern.<\/p>\n<p>ART. 649101<br \/>\nEAN: 8715629178925<\/p>\n","protected":false},"featured_media":599,"comment_status":"closed","ping_status":"closed","template":"","meta":{"inline_featured_image":false},"product_brand":[],"product_cat":[],"product_tag":[],"class_list":{"0":"post-447","1":"product","2":"type-product","3":"status-publish","4":"has-post-thumbnail","7":"first","8":"instock","9":"shipping-taxable","10":"purchasable","11":"product-type-simple"},"yoast_head":"<!-- This site is optimized with the Yoast SEO plugin v27.4 - https:\/\/yoast.com\/product\/yoast-seo-wordpress\/ -->\n<title>David Ersatzmesser 18 mm SK2 (10 St\u00fcck) - David best in tools<\/title>\n<meta name=\"robots\" content=\"index, follow, max-snippet:-1, max-image-preview:large, max-video-preview:-1\" \/>\n<link rel=\"canonical\" href=\"https:\/\/www.davidbestintools.com\/de\/product\/david-ersatzmesser-18-mm-sk2-10-stueck\/\" \/>\n<meta property=\"og:locale\" content=\"de_DE\" \/>\n<meta property=\"og:type\" content=\"article\" \/>\n<meta property=\"og:title\" content=\"David Ersatzmesser 18 mm SK2 (10 St\u00fcck) - David best in tools\" \/>\n<meta property=\"og:description\" content=\"Die David Ersatzmesser 18 mm SK2 sind kompatibel mit dem 648101 David Messer ABS 18 mm SK2 ZB. Diese Messer sind die perfekte Erg\u00e4nzung zu Ihrem Messerset. Die Nachf\u00fcllmesser werden in einem Set von 10 St\u00fcck geliefert und sind f\u00fcr den langanhaltenden und intensiven Einsatz konzipiert.  Eigenschaften:   SK2-Technologie: Durch die Laserbehandlung sind die Schneiden 2 HRC h\u00e4rter. Das bedeutet, dass das Messer 4-mal l\u00e4nger scharf bleibt, auch bei intensivem Gebrauch. Dies f\u00fchrt zu einem langlebigen Messer.  Auto-Lock-System: Das Messer verf\u00fcgt \u00fcber eine automatische Verriegelung, die bis zu 25 kg Druck standh\u00e4lt, sodass es w\u00e4hrend des Schneidens sicher und stabil bleibt.  Klinge: Diese Klinge ist 40% dicker als eine Standardklinge, was zu einer l\u00e4ngeren Lebensdauer und kraftvolleren Schnitten f\u00fchrt.  Rostbest\u00e4ndig: Dieses Messer ist rostbest\u00e4ndig, was zu einer l\u00e4ngeren Lebensdauer beitr\u00e4gt.  Warnung: Messer sind extrem scharf! Bitte vorsichtig verwenden. Ziehen Sie das Messer vollst\u00e4ndig zur\u00fcck, wenn es nicht in Gebrauch ist. Tragen Sie beim Gebrauch immer eine Schutzbrille. Verwenden Sie nur ein Segment des Messers, das ausgezogen ist. Brechen Sie das Messer an der Schnittlinie ab. Entsorgen Sie benutzte Klingen mit gr\u00f6\u00dfter Sorgfalt und halten Sie sie au\u00dferhalb der Reichweite von Kindern.  ART. 649101 EAN: 8715629178925\" \/>\n<meta property=\"og:url\" content=\"https:\/\/www.davidbestintools.com\/de\/product\/david-ersatzmesser-18-mm-sk2-10-stueck\/\" \/>\n<meta property=\"og:site_name\" content=\"David best in tools\" \/>\n<meta property=\"article:modified_time\" content=\"2024-11-18T14:11:20+00:00\" \/>\n<meta property=\"og:image\" content=\"https:\/\/www.davidbestintools.com\/wp-content\/uploads\/ART.-649101-David-reservemes-18-mm-SK2-10-stuks.jpg\" \/>\n\t<meta property=\"og:image:width\" content=\"561\" \/>\n\t<meta property=\"og:image:height\" content=\"842\" \/>\n\t<meta property=\"og:image:type\" content=\"image\/jpeg\" \/>\n<meta name=\"twitter:card\" content=\"summary_large_image\" \/>\n<script type=\"application\/ld+json\" class=\"yoast-schema-graph\">{\"@context\":\"https:\\\/\\\/schema.org\",\"@graph\":[{\"@type\":\"WebPage\",\"@id\":\"https:\\\/\\\/www.davidbestintools.com\\\/de\\\/product\\\/david-ersatzmesser-18-mm-sk2-10-stueck\\\/\",\"url\":\"https:\\\/\\\/www.davidbestintools.com\\\/de\\\/product\\\/david-ersatzmesser-18-mm-sk2-10-stueck\\\/\",\"name\":\"David Ersatzmesser 18 mm SK2 (10 St\u00fcck) - David best in tools\",\"isPartOf\":{\"@id\":\"https:\\\/\\\/www.davidbestintools.com\\\/#website\"},\"primaryImageOfPage\":{\"@id\":\"https:\\\/\\\/www.davidbestintools.com\\\/de\\\/product\\\/david-ersatzmesser-18-mm-sk2-10-stueck\\\/#primaryimage\"},\"image\":{\"@id\":\"https:\\\/\\\/www.davidbestintools.com\\\/de\\\/product\\\/david-ersatzmesser-18-mm-sk2-10-stueck\\\/#primaryimage\"},\"thumbnailUrl\":\"https:\\\/\\\/www.davidbestintools.com\\\/wp-content\\\/uploads\\\/David-reservemes-18-mm-SK2-2.webp\",\"datePublished\":\"2024-10-29T10:19:27+00:00\",\"dateModified\":\"2024-11-18T14:11:20+00:00\",\"breadcrumb\":{\"@id\":\"https:\\\/\\\/www.davidbestintools.com\\\/de\\\/product\\\/david-ersatzmesser-18-mm-sk2-10-stueck\\\/#breadcrumb\"},\"inLanguage\":\"de\",\"potentialAction\":[{\"@type\":\"ReadAction\",\"target\":[\"https:\\\/\\\/www.davidbestintools.com\\\/de\\\/product\\\/david-ersatzmesser-18-mm-sk2-10-stueck\\\/\"]}]},{\"@type\":\"ImageObject\",\"inLanguage\":\"de\",\"@id\":\"https:\\\/\\\/www.davidbestintools.com\\\/de\\\/product\\\/david-ersatzmesser-18-mm-sk2-10-stueck\\\/#primaryimage\",\"url\":\"https:\\\/\\\/www.davidbestintools.com\\\/wp-content\\\/uploads\\\/David-reservemes-18-mm-SK2-2.webp\",\"contentUrl\":\"https:\\\/\\\/www.davidbestintools.com\\\/wp-content\\\/uploads\\\/David-reservemes-18-mm-SK2-2.webp\",\"width\":1000,\"height\":1000},{\"@type\":\"BreadcrumbList\",\"@id\":\"https:\\\/\\\/www.davidbestintools.com\\\/de\\\/product\\\/david-ersatzmesser-18-mm-sk2-10-stueck\\\/#breadcrumb\",\"itemListElement\":[{\"@type\":\"ListItem\",\"position\":1,\"name\":\"Home\",\"item\":\"https:\\\/\\\/www.davidbestintools.com\\\/de\\\/\"},{\"@type\":\"ListItem\",\"position\":2,\"name\":\"Shop\",\"item\":\"https:\\\/\\\/www.davidbestintools.com\\\/de\\\/shop\\\/\"},{\"@type\":\"ListItem\",\"position\":3,\"name\":\"David Ersatzmesser 18 mm SK2 (10 St\u00fcck)\"}]},{\"@type\":\"WebSite\",\"@id\":\"https:\\\/\\\/www.davidbestintools.com\\\/#website\",\"url\":\"https:\\\/\\\/www.davidbestintools.com\\\/\",\"name\":\"David best in tools\",\"description\":\"\",\"potentialAction\":[{\"@type\":\"SearchAction\",\"target\":{\"@type\":\"EntryPoint\",\"urlTemplate\":\"https:\\\/\\\/www.davidbestintools.com\\\/?s={search_term_string}\"},\"query-input\":{\"@type\":\"PropertyValueSpecification\",\"valueRequired\":true,\"valueName\":\"search_term_string\"}}],\"inLanguage\":\"de\"}]}<\/script>\n<!-- \/ Yoast SEO plugin. -->","yoast_head_json":{"title":"David Ersatzmesser 18 mm SK2 (10 St\u00fcck) - David best in tools","robots":{"index":"index","follow":"follow","max-snippet":"max-snippet:-1","max-image-preview":"max-image-preview:large","max-video-preview":"max-video-preview:-1"},"canonical":"https:\/\/www.davidbestintools.com\/de\/product\/david-ersatzmesser-18-mm-sk2-10-stueck\/","og_locale":"de_DE","og_type":"article","og_title":"David Ersatzmesser 18 mm SK2 (10 St\u00fcck) - David best in tools","og_description":"Die David Ersatzmesser 18 mm SK2 sind kompatibel mit dem 648101 David Messer ABS 18 mm SK2 ZB. Diese Messer sind die perfekte Erg\u00e4nzung zu Ihrem Messerset. Die Nachf\u00fcllmesser werden in einem Set von 10 St\u00fcck geliefert und sind f\u00fcr den langanhaltenden und intensiven Einsatz konzipiert.  Eigenschaften:   SK2-Technologie: Durch die Laserbehandlung sind die Schneiden 2 HRC h\u00e4rter. Das bedeutet, dass das Messer 4-mal l\u00e4nger scharf bleibt, auch bei intensivem Gebrauch. Dies f\u00fchrt zu einem langlebigen Messer.  Auto-Lock-System: Das Messer verf\u00fcgt \u00fcber eine automatische Verriegelung, die bis zu 25 kg Druck standh\u00e4lt, sodass es w\u00e4hrend des Schneidens sicher und stabil bleibt.  Klinge: Diese Klinge ist 40% dicker als eine Standardklinge, was zu einer l\u00e4ngeren Lebensdauer und kraftvolleren Schnitten f\u00fchrt.  Rostbest\u00e4ndig: Dieses Messer ist rostbest\u00e4ndig, was zu einer l\u00e4ngeren Lebensdauer beitr\u00e4gt.  Warnung: Messer sind extrem scharf! Bitte vorsichtig verwenden. Ziehen Sie das Messer vollst\u00e4ndig zur\u00fcck, wenn es nicht in Gebrauch ist. Tragen Sie beim Gebrauch immer eine Schutzbrille. Verwenden Sie nur ein Segment des Messers, das ausgezogen ist. Brechen Sie das Messer an der Schnittlinie ab. Entsorgen Sie benutzte Klingen mit gr\u00f6\u00dfter Sorgfalt und halten Sie sie au\u00dferhalb der Reichweite von Kindern.  ART. 649101 EAN: 8715629178925","og_url":"https:\/\/www.davidbestintools.com\/de\/product\/david-ersatzmesser-18-mm-sk2-10-stueck\/","og_site_name":"David best in tools","article_modified_time":"2024-11-18T14:11:20+00:00","og_image":[{"width":561,"height":842,"url":"https:\/\/www.davidbestintools.com\/wp-content\/uploads\/ART.-649101-David-reservemes-18-mm-SK2-10-stuks.jpg","type":"image\/jpeg"}],"twitter_card":"summary_large_image","schema":{"@context":"https:\/\/schema.org","@graph":[{"@type":"WebPage","@id":"https:\/\/www.davidbestintools.com\/de\/product\/david-ersatzmesser-18-mm-sk2-10-stueck\/","url":"https:\/\/www.davidbestintools.com\/de\/product\/david-ersatzmesser-18-mm-sk2-10-stueck\/","name":"David Ersatzmesser 18 mm SK2 (10 St\u00fcck) - David best in tools","isPartOf":{"@id":"https:\/\/www.davidbestintools.com\/#website"},"primaryImageOfPage":{"@id":"https:\/\/www.davidbestintools.com\/de\/product\/david-ersatzmesser-18-mm-sk2-10-stueck\/#primaryimage"},"image":{"@id":"https:\/\/www.davidbestintools.com\/de\/product\/david-ersatzmesser-18-mm-sk2-10-stueck\/#primaryimage"},"thumbnailUrl":"https:\/\/www.davidbestintools.com\/wp-content\/uploads\/David-reservemes-18-mm-SK2-2.webp","datePublished":"2024-10-29T10:19:27+00:00","dateModified":"2024-11-18T14:11:20+00:00","breadcrumb":{"@id":"https:\/\/www.davidbestintools.com\/de\/product\/david-ersatzmesser-18-mm-sk2-10-stueck\/#breadcrumb"},"inLanguage":"de","potentialAction":[{"@type":"ReadAction","target":["https:\/\/www.davidbestintools.com\/de\/product\/david-ersatzmesser-18-mm-sk2-10-stueck\/"]}]},{"@type":"ImageObject","inLanguage":"de","@id":"https:\/\/www.davidbestintools.com\/de\/product\/david-ersatzmesser-18-mm-sk2-10-stueck\/#primaryimage","url":"https:\/\/www.davidbestintools.com\/wp-content\/uploads\/David-reservemes-18-mm-SK2-2.webp","contentUrl":"https:\/\/www.davidbestintools.com\/wp-content\/uploads\/David-reservemes-18-mm-SK2-2.webp","width":1000,"height":1000},{"@type":"BreadcrumbList","@id":"https:\/\/www.davidbestintools.com\/de\/product\/david-ersatzmesser-18-mm-sk2-10-stueck\/#breadcrumb","itemListElement":[{"@type":"ListItem","position":1,"name":"Home","item":"https:\/\/www.davidbestintools.com\/de\/"},{"@type":"ListItem","position":2,"name":"Shop","item":"https:\/\/www.davidbestintools.com\/de\/shop\/"},{"@type":"ListItem","position":3,"name":"David Ersatzmesser 18 mm SK2 (10 St\u00fcck)"}]},{"@type":"WebSite","@id":"https:\/\/www.davidbestintools.com\/#website","url":"https:\/\/www.davidbestintools.com\/","name":"David best in tools","description":"","potentialAction":[{"@type":"SearchAction","target":{"@type":"EntryPoint","urlTemplate":"https:\/\/www.davidbestintools.com\/?s={search_term_string}"},"query-input":{"@type":"PropertyValueSpecification","valueRequired":true,"valueName":"search_term_string"}}],"inLanguage":"de"}]}},"_links":{"self":[{"href":"https:\/\/www.davidbestintools.com\/de\/wp-json\/wp\/v2\/product\/447","targetHints":{"allow":["GET"]}}],"collection":[{"href":"https:\/\/www.davidbestintools.com\/de\/wp-json\/wp\/v2\/product"}],"about":[{"href":"https:\/\/www.davidbestintools.com\/de\/wp-json\/wp\/v2\/types\/product"}],"replies":[{"embeddable":true,"href":"https:\/\/www.davidbestintools.com\/de\/wp-json\/wp\/v2\/comments?post=447"}],"wp:featuredmedia":[{"embeddable":true,"href":"https:\/\/www.davidbestintools.com\/de\/wp-json\/wp\/v2\/media\/599"}],"wp:attachment":[{"href":"https:\/\/www.davidbestintools.com\/de\/wp-json\/wp\/v2\/media?parent=447"}],"wp:term":[{"taxonomy":"product_brand","embeddable":true,"href":"https:\/\/www.davidbestintools.com\/de\/wp-json\/wp\/v2\/product_brand?post=447"},{"taxonomy":"product_cat","embeddable":true,"href":"https:\/\/www.davidbestintools.com\/de\/wp-json\/wp\/v2\/product_cat?post=447"},{"taxonomy":"product_tag","embeddable":true,"href":"https:\/\/www.davidbestintools.com\/de\/wp-json\/wp\/v2\/product_tag?post=447"}],"curies":[{"name":"wp","href":"https:\/\/api.w.org\/{rel}","templated":true}]}}