{"id":445,"date":"2024-10-29T09:20:33","date_gmt":"2024-10-29T09:20:33","guid":{"rendered":"https:\/\/www.davidbestintools.com\/?post_type=product&#038;p=445"},"modified":"2024-11-20T13:59:32","modified_gmt":"2024-11-20T13:59:32","slug":"david-messer-abs-9-mm-sk2-zb","status":"publish","type":"product","link":"https:\/\/www.davidbestintools.com\/de\/product\/david-messer-abs-9-mm-sk2-zb\/","title":{"rendered":"David Messer ABS 9 mm SK2 ZB"},"content":{"rendered":"","protected":false},"excerpt":{"rendered":"<p>Das DAVID Messer ABS 9 mm SK2 ZB ist ideal f\u00fcr alle, die ein leistungsstarkes und sicheres Messer suchen. Dieses schwarze und blaue Messer hat eine Klinge, die 50 % dicker ist als ein normales Messer, was f\u00fcr mehr Widerstandsf\u00e4higkeit und Langlebigkeit sorgt.<\/p>\n<p><strong>Eigenschaften:<\/strong><\/p>\n<ul>\n<li><strong>SK2-Technologie:<\/strong> Durch die Laserbehandlung sind die Schneidkanten 2 HRC h\u00e4rter. Das bedeutet, dass die Klinge 4-mal l\u00e4nger scharf bleibt, selbst bei intensivem Gebrauch. Dies f\u00fchrt zu einem langlebigen Messer.<\/li>\n<li><strong>Stabiles Messer:<\/strong> Der begrenzte Abstand zwischen der Klinge und dem Halter erm\u00f6glicht pr\u00e4ziseres Schneiden mit mehr Kontrolle, ideal f\u00fcr feine Schnitte.<\/li>\n<li><strong>Bruchfestigkeit:<\/strong> Dieses Messer kann unter einem 90-Grad-Winkel schneiden und bleibt dabei intakt, was gef\u00e4hrliche Situationen vermeidet.<\/li>\n<li><strong>Auto-Lock-System:<\/strong> Das Messer verf\u00fcgt \u00fcber ein automatisches Verriegelungssystem, das Druck standh\u00e4lt, sodass es w\u00e4hrend des Schneidens sicher und stabil bleibt.<\/li>\n<li><strong>Rostbest\u00e4ndig:<\/strong> Dieses Messer ist rostbest\u00e4ndig, was zur l\u00e4ngeren Lebensdauer beitr\u00e4gt.<\/li>\n<\/ul>\n<p><strong>Warnung:<\/strong><br \/>\nMesser sind sehr scharf! Verwenden Sie dieses Produkt vorsichtig. Ziehen Sie das Messer vollst\u00e4ndig zur\u00fcck, wenn es nicht in Gebrauch ist. Tragen Sie immer eine Schutzbrille w\u00e4hrend der Nutzung. Verwenden Sie nur ein Segment des Messers gleichzeitig und brechen Sie das Messer an der Schnittlinie ab. Entsorgen Sie benutzte Klingen sorgf\u00e4ltig und halten Sie sie au\u00dferhalb der Reichweite von Kindern.<\/p>\n<p>ART. 648102<br \/>\nEAN. <span data-teams=\"true\">8715629178901<\/span><\/p>\n","protected":false},"featured_media":550,"comment_status":"closed","ping_status":"closed","template":"","meta":{"inline_featured_image":false},"product_brand":[],"product_cat":[],"product_tag":[],"class_list":{"0":"post-445","1":"product","2":"type-product","3":"status-publish","4":"has-post-thumbnail","7":"first","8":"instock","9":"shipping-taxable","10":"purchasable","11":"product-type-simple"},"yoast_head":"<!-- This site is optimized with the Yoast SEO plugin v27.4 - https:\/\/yoast.com\/product\/yoast-seo-wordpress\/ -->\n<title>David Messer ABS 9 mm SK2 ZB - David best in tools<\/title>\n<meta name=\"robots\" content=\"index, follow, max-snippet:-1, max-image-preview:large, max-video-preview:-1\" \/>\n<link rel=\"canonical\" href=\"https:\/\/www.davidbestintools.com\/de\/product\/david-messer-abs-9-mm-sk2-zb\/\" \/>\n<meta property=\"og:locale\" content=\"de_DE\" \/>\n<meta property=\"og:type\" content=\"article\" \/>\n<meta property=\"og:title\" content=\"David Messer ABS 9 mm SK2 ZB - David best in tools\" \/>\n<meta property=\"og:description\" content=\"Das DAVID Messer ABS 9 mm SK2 ZB ist ideal f\u00fcr alle, die ein leistungsstarkes und sicheres Messer suchen. Dieses schwarze und blaue Messer hat eine Klinge, die 50 % dicker ist als ein normales Messer, was f\u00fcr mehr Widerstandsf\u00e4higkeit und Langlebigkeit sorgt.  Eigenschaften:   SK2-Technologie: Durch die Laserbehandlung sind die Schneidkanten 2 HRC h\u00e4rter. Das bedeutet, dass die Klinge 4-mal l\u00e4nger scharf bleibt, selbst bei intensivem Gebrauch. Dies f\u00fchrt zu einem langlebigen Messer.  Stabiles Messer: Der begrenzte Abstand zwischen der Klinge und dem Halter erm\u00f6glicht pr\u00e4ziseres Schneiden mit mehr Kontrolle, ideal f\u00fcr feine Schnitte.  Bruchfestigkeit: Dieses Messer kann unter einem 90-Grad-Winkel schneiden und bleibt dabei intakt, was gef\u00e4hrliche Situationen vermeidet.  Auto-Lock-System: Das Messer verf\u00fcgt \u00fcber ein automatisches Verriegelungssystem, das Druck standh\u00e4lt, sodass es w\u00e4hrend des Schneidens sicher und stabil bleibt.  Rostbest\u00e4ndig: Dieses Messer ist rostbest\u00e4ndig, was zur l\u00e4ngeren Lebensdauer beitr\u00e4gt.  Warnung: Messer sind sehr scharf! Verwenden Sie dieses Produkt vorsichtig. Ziehen Sie das Messer vollst\u00e4ndig zur\u00fcck, wenn es nicht in Gebrauch ist. Tragen Sie immer eine Schutzbrille w\u00e4hrend der Nutzung. Verwenden Sie nur ein Segment des Messers gleichzeitig und brechen Sie das Messer an der Schnittlinie ab. Entsorgen Sie benutzte Klingen sorgf\u00e4ltig und halten Sie sie au\u00dferhalb der Reichweite von Kindern.  ART. 648102 EAN. 8715629178901\" \/>\n<meta property=\"og:url\" content=\"https:\/\/www.davidbestintools.com\/de\/product\/david-messer-abs-9-mm-sk2-zb\/\" \/>\n<meta property=\"og:site_name\" content=\"David best in tools\" \/>\n<meta property=\"article:modified_time\" content=\"2024-11-20T13:59:32+00:00\" \/>\n<meta property=\"og:image\" content=\"https:\/\/www.davidbestintools.com\/wp-content\/uploads\/david-mes-9-mm.webp\" \/>\n\t<meta property=\"og:image:width\" content=\"1000\" \/>\n\t<meta property=\"og:image:height\" content=\"1000\" \/>\n\t<meta property=\"og:image:type\" content=\"image\/webp\" \/>\n<meta name=\"twitter:card\" content=\"summary_large_image\" \/>\n<meta name=\"twitter:label1\" content=\"Gesch\u00e4tzte Lesezeit\" \/>\n\t<meta name=\"twitter:data1\" content=\"1\u00a0Minute\" \/>\n<script type=\"application\/ld+json\" class=\"yoast-schema-graph\">{\"@context\":\"https:\\\/\\\/schema.org\",\"@graph\":[{\"@type\":\"WebPage\",\"@id\":\"https:\\\/\\\/www.davidbestintools.com\\\/de\\\/product\\\/david-messer-abs-9-mm-sk2-zb\\\/\",\"url\":\"https:\\\/\\\/www.davidbestintools.com\\\/de\\\/product\\\/david-messer-abs-9-mm-sk2-zb\\\/\",\"name\":\"David Messer ABS 9 mm SK2 ZB - David best in tools\",\"isPartOf\":{\"@id\":\"https:\\\/\\\/www.davidbestintools.com\\\/#website\"},\"primaryImageOfPage\":{\"@id\":\"https:\\\/\\\/www.davidbestintools.com\\\/de\\\/product\\\/david-messer-abs-9-mm-sk2-zb\\\/#primaryimage\"},\"image\":{\"@id\":\"https:\\\/\\\/www.davidbestintools.com\\\/de\\\/product\\\/david-messer-abs-9-mm-sk2-zb\\\/#primaryimage\"},\"thumbnailUrl\":\"https:\\\/\\\/www.davidbestintools.com\\\/wp-content\\\/uploads\\\/david-mes-9-mm.webp\",\"datePublished\":\"2024-10-29T09:20:33+00:00\",\"dateModified\":\"2024-11-20T13:59:32+00:00\",\"breadcrumb\":{\"@id\":\"https:\\\/\\\/www.davidbestintools.com\\\/de\\\/product\\\/david-messer-abs-9-mm-sk2-zb\\\/#breadcrumb\"},\"inLanguage\":\"de\",\"potentialAction\":[{\"@type\":\"ReadAction\",\"target\":[\"https:\\\/\\\/www.davidbestintools.com\\\/de\\\/product\\\/david-messer-abs-9-mm-sk2-zb\\\/\"]}]},{\"@type\":\"ImageObject\",\"inLanguage\":\"de\",\"@id\":\"https:\\\/\\\/www.davidbestintools.com\\\/de\\\/product\\\/david-messer-abs-9-mm-sk2-zb\\\/#primaryimage\",\"url\":\"https:\\\/\\\/www.davidbestintools.com\\\/wp-content\\\/uploads\\\/david-mes-9-mm.webp\",\"contentUrl\":\"https:\\\/\\\/www.davidbestintools.com\\\/wp-content\\\/uploads\\\/david-mes-9-mm.webp\",\"width\":1000,\"height\":1000},{\"@type\":\"BreadcrumbList\",\"@id\":\"https:\\\/\\\/www.davidbestintools.com\\\/de\\\/product\\\/david-messer-abs-9-mm-sk2-zb\\\/#breadcrumb\",\"itemListElement\":[{\"@type\":\"ListItem\",\"position\":1,\"name\":\"Home\",\"item\":\"https:\\\/\\\/www.davidbestintools.com\\\/de\\\/\"},{\"@type\":\"ListItem\",\"position\":2,\"name\":\"Shop\",\"item\":\"https:\\\/\\\/www.davidbestintools.com\\\/de\\\/shop\\\/\"},{\"@type\":\"ListItem\",\"position\":3,\"name\":\"David Messer ABS 9 mm SK2 ZB\"}]},{\"@type\":\"WebSite\",\"@id\":\"https:\\\/\\\/www.davidbestintools.com\\\/#website\",\"url\":\"https:\\\/\\\/www.davidbestintools.com\\\/\",\"name\":\"David best in tools\",\"description\":\"\",\"potentialAction\":[{\"@type\":\"SearchAction\",\"target\":{\"@type\":\"EntryPoint\",\"urlTemplate\":\"https:\\\/\\\/www.davidbestintools.com\\\/?s={search_term_string}\"},\"query-input\":{\"@type\":\"PropertyValueSpecification\",\"valueRequired\":true,\"valueName\":\"search_term_string\"}}],\"inLanguage\":\"de\"}]}<\/script>\n<!-- \/ Yoast SEO plugin. -->","yoast_head_json":{"title":"David Messer ABS 9 mm SK2 ZB - David best in tools","robots":{"index":"index","follow":"follow","max-snippet":"max-snippet:-1","max-image-preview":"max-image-preview:large","max-video-preview":"max-video-preview:-1"},"canonical":"https:\/\/www.davidbestintools.com\/de\/product\/david-messer-abs-9-mm-sk2-zb\/","og_locale":"de_DE","og_type":"article","og_title":"David Messer ABS 9 mm SK2 ZB - David best in tools","og_description":"Das DAVID Messer ABS 9 mm SK2 ZB ist ideal f\u00fcr alle, die ein leistungsstarkes und sicheres Messer suchen. Dieses schwarze und blaue Messer hat eine Klinge, die 50 % dicker ist als ein normales Messer, was f\u00fcr mehr Widerstandsf\u00e4higkeit und Langlebigkeit sorgt.  Eigenschaften:   SK2-Technologie: Durch die Laserbehandlung sind die Schneidkanten 2 HRC h\u00e4rter. Das bedeutet, dass die Klinge 4-mal l\u00e4nger scharf bleibt, selbst bei intensivem Gebrauch. Dies f\u00fchrt zu einem langlebigen Messer.  Stabiles Messer: Der begrenzte Abstand zwischen der Klinge und dem Halter erm\u00f6glicht pr\u00e4ziseres Schneiden mit mehr Kontrolle, ideal f\u00fcr feine Schnitte.  Bruchfestigkeit: Dieses Messer kann unter einem 90-Grad-Winkel schneiden und bleibt dabei intakt, was gef\u00e4hrliche Situationen vermeidet.  Auto-Lock-System: Das Messer verf\u00fcgt \u00fcber ein automatisches Verriegelungssystem, das Druck standh\u00e4lt, sodass es w\u00e4hrend des Schneidens sicher und stabil bleibt.  Rostbest\u00e4ndig: Dieses Messer ist rostbest\u00e4ndig, was zur l\u00e4ngeren Lebensdauer beitr\u00e4gt.  Warnung: Messer sind sehr scharf! Verwenden Sie dieses Produkt vorsichtig. Ziehen Sie das Messer vollst\u00e4ndig zur\u00fcck, wenn es nicht in Gebrauch ist. Tragen Sie immer eine Schutzbrille w\u00e4hrend der Nutzung. Verwenden Sie nur ein Segment des Messers gleichzeitig und brechen Sie das Messer an der Schnittlinie ab. Entsorgen Sie benutzte Klingen sorgf\u00e4ltig und halten Sie sie au\u00dferhalb der Reichweite von Kindern.  ART. 648102 EAN. 8715629178901","og_url":"https:\/\/www.davidbestintools.com\/de\/product\/david-messer-abs-9-mm-sk2-zb\/","og_site_name":"David best in tools","article_modified_time":"2024-11-20T13:59:32+00:00","og_image":[{"width":1000,"height":1000,"url":"https:\/\/www.davidbestintools.com\/wp-content\/uploads\/david-mes-9-mm.webp","type":"image\/webp"}],"twitter_card":"summary_large_image","twitter_misc":{"Gesch\u00e4tzte Lesezeit":"1\u00a0Minute"},"schema":{"@context":"https:\/\/schema.org","@graph":[{"@type":"WebPage","@id":"https:\/\/www.davidbestintools.com\/de\/product\/david-messer-abs-9-mm-sk2-zb\/","url":"https:\/\/www.davidbestintools.com\/de\/product\/david-messer-abs-9-mm-sk2-zb\/","name":"David Messer ABS 9 mm SK2 ZB - David best in tools","isPartOf":{"@id":"https:\/\/www.davidbestintools.com\/#website"},"primaryImageOfPage":{"@id":"https:\/\/www.davidbestintools.com\/de\/product\/david-messer-abs-9-mm-sk2-zb\/#primaryimage"},"image":{"@id":"https:\/\/www.davidbestintools.com\/de\/product\/david-messer-abs-9-mm-sk2-zb\/#primaryimage"},"thumbnailUrl":"https:\/\/www.davidbestintools.com\/wp-content\/uploads\/david-mes-9-mm.webp","datePublished":"2024-10-29T09:20:33+00:00","dateModified":"2024-11-20T13:59:32+00:00","breadcrumb":{"@id":"https:\/\/www.davidbestintools.com\/de\/product\/david-messer-abs-9-mm-sk2-zb\/#breadcrumb"},"inLanguage":"de","potentialAction":[{"@type":"ReadAction","target":["https:\/\/www.davidbestintools.com\/de\/product\/david-messer-abs-9-mm-sk2-zb\/"]}]},{"@type":"ImageObject","inLanguage":"de","@id":"https:\/\/www.davidbestintools.com\/de\/product\/david-messer-abs-9-mm-sk2-zb\/#primaryimage","url":"https:\/\/www.davidbestintools.com\/wp-content\/uploads\/david-mes-9-mm.webp","contentUrl":"https:\/\/www.davidbestintools.com\/wp-content\/uploads\/david-mes-9-mm.webp","width":1000,"height":1000},{"@type":"BreadcrumbList","@id":"https:\/\/www.davidbestintools.com\/de\/product\/david-messer-abs-9-mm-sk2-zb\/#breadcrumb","itemListElement":[{"@type":"ListItem","position":1,"name":"Home","item":"https:\/\/www.davidbestintools.com\/de\/"},{"@type":"ListItem","position":2,"name":"Shop","item":"https:\/\/www.davidbestintools.com\/de\/shop\/"},{"@type":"ListItem","position":3,"name":"David Messer ABS 9 mm SK2 ZB"}]},{"@type":"WebSite","@id":"https:\/\/www.davidbestintools.com\/#website","url":"https:\/\/www.davidbestintools.com\/","name":"David best in tools","description":"","potentialAction":[{"@type":"SearchAction","target":{"@type":"EntryPoint","urlTemplate":"https:\/\/www.davidbestintools.com\/?s={search_term_string}"},"query-input":{"@type":"PropertyValueSpecification","valueRequired":true,"valueName":"search_term_string"}}],"inLanguage":"de"}]}},"_links":{"self":[{"href":"https:\/\/www.davidbestintools.com\/de\/wp-json\/wp\/v2\/product\/445","targetHints":{"allow":["GET"]}}],"collection":[{"href":"https:\/\/www.davidbestintools.com\/de\/wp-json\/wp\/v2\/product"}],"about":[{"href":"https:\/\/www.davidbestintools.com\/de\/wp-json\/wp\/v2\/types\/product"}],"replies":[{"embeddable":true,"href":"https:\/\/www.davidbestintools.com\/de\/wp-json\/wp\/v2\/comments?post=445"}],"wp:featuredmedia":[{"embeddable":true,"href":"https:\/\/www.davidbestintools.com\/de\/wp-json\/wp\/v2\/media\/550"}],"wp:attachment":[{"href":"https:\/\/www.davidbestintools.com\/de\/wp-json\/wp\/v2\/media?parent=445"}],"wp:term":[{"taxonomy":"product_brand","embeddable":true,"href":"https:\/\/www.davidbestintools.com\/de\/wp-json\/wp\/v2\/product_brand?post=445"},{"taxonomy":"product_cat","embeddable":true,"href":"https:\/\/www.davidbestintools.com\/de\/wp-json\/wp\/v2\/product_cat?post=445"},{"taxonomy":"product_tag","embeddable":true,"href":"https:\/\/www.davidbestintools.com\/de\/wp-json\/wp\/v2\/product_tag?post=445"}],"curies":[{"name":"wp","href":"https:\/\/api.w.org\/{rel}","templated":true}]}}