{"id":443,"date":"2024-10-28T15:18:07","date_gmt":"2024-10-28T15:18:07","guid":{"rendered":"https:\/\/www.davidbestintools.com\/?post_type=product&#038;p=443"},"modified":"2024-11-18T14:02:05","modified_gmt":"2024-11-18T14:02:05","slug":"david-druckstueck-orange-fuer-hobel","status":"publish","type":"product","link":"https:\/\/www.davidbestintools.com\/de\/product\/david-druckstueck-orange-fuer-hobel\/","title":{"rendered":"David Druckst\u00fcck Orange f\u00fcr Hobel"},"content":{"rendered":"","protected":false},"excerpt":{"rendered":"<p>Das David Druckst\u00fcck in auff\u00e4lligem Orange wurde entwickelt, um Klingen sicher und fest im David Hobel zu befestigen. Dieses wesentliche Teil sorgt f\u00fcr eine optimale Funktion des Hobels und bietet einen festen Halt der Klinge w\u00e4hrend des Hobelns. Das Druckst\u00fcck ist einfach auszutauschen, sodass Sie Ihr Werkzeug schnell wieder einsatzbereit haben.<\/p>\n<p><strong>Eigenschaften:<\/strong><\/p>\n<ul>\n<li>Oranges Druckst\u00fcck f\u00fcr gute Sichtbarkeit und schnelle Erkennung<\/li>\n<li>Sorgt f\u00fcr eine sichere und feste Befestigung der Klingen im David Hobel<\/li>\n<li>Einfach auszutauschen f\u00fcr eine einfache Wartung und l\u00e4ngere Lebensdauer des Hobels<\/li>\n<\/ul>\n<p>ART. 471044<br \/>\nEAN: 8715629179069<\/p>\n","protected":false},"featured_media":650,"comment_status":"closed","ping_status":"closed","template":"","meta":{"inline_featured_image":false},"product_brand":[],"product_cat":[],"product_tag":[],"class_list":{"0":"post-443","1":"product","2":"type-product","3":"status-publish","4":"has-post-thumbnail","7":"first","8":"instock","9":"shipping-taxable","10":"purchasable","11":"product-type-simple"},"yoast_head":"<!-- This site is optimized with the Yoast SEO plugin v27.5 - https:\/\/yoast.com\/product\/yoast-seo-wordpress\/ -->\n<title>David Druckst\u00fcck Orange f\u00fcr Hobel - David best in tools<\/title>\n<meta name=\"robots\" content=\"index, follow, max-snippet:-1, max-image-preview:large, max-video-preview:-1\" \/>\n<link rel=\"canonical\" href=\"https:\/\/www.davidbestintools.com\/product\/david-drukplaatje-oranje-voor-schaaf\/\" \/>\n<meta property=\"og:locale\" content=\"de_DE\" \/>\n<meta property=\"og:type\" content=\"article\" \/>\n<meta property=\"og:title\" content=\"David Druckst\u00fcck Orange f\u00fcr Hobel - David best in tools\" \/>\n<meta property=\"og:description\" content=\"Das David Druckst\u00fcck in auff\u00e4lligem Orange wurde entwickelt, um Klingen sicher und fest im David Hobel zu befestigen. Dieses wesentliche Teil sorgt f\u00fcr eine optimale Funktion des Hobels und bietet einen festen Halt der Klinge w\u00e4hrend des Hobelns. Das Druckst\u00fcck ist einfach auszutauschen, sodass Sie Ihr Werkzeug schnell wieder einsatzbereit haben.  Eigenschaften:   Oranges Druckst\u00fcck f\u00fcr gute Sichtbarkeit und schnelle Erkennung  Sorgt f\u00fcr eine sichere und feste Befestigung der Klingen im David Hobel  Einfach auszutauschen f\u00fcr eine einfache Wartung und l\u00e4ngere Lebensdauer des Hobels  ART. 471044 EAN: 8715629179069\" \/>\n<meta property=\"og:url\" content=\"https:\/\/www.davidbestintools.com\/product\/david-drukplaatje-oranje-voor-schaaf\/\" \/>\n<meta property=\"og:site_name\" content=\"David best in tools\" \/>\n<meta property=\"article:modified_time\" content=\"2024-11-18T14:02:05+00:00\" \/>\n<meta property=\"og:image\" content=\"https:\/\/www.davidbestintools.com\/wp-content\/uploads\/471044_471043_bovenzijde-1.png\" \/>\n\t<meta property=\"og:image:width\" content=\"1000\" \/>\n\t<meta property=\"og:image:height\" content=\"667\" \/>\n\t<meta property=\"og:image:type\" content=\"image\/png\" \/>\n<meta name=\"twitter:card\" content=\"summary_large_image\" \/>\n<script type=\"application\/ld+json\" class=\"yoast-schema-graph\">{\"@context\":\"https:\\\/\\\/schema.org\",\"@graph\":[{\"@type\":\"WebPage\",\"@id\":\"https:\\\/\\\/www.davidbestintools.com\\\/product\\\/david-drukplaatje-oranje-voor-schaaf\\\/\",\"url\":\"https:\\\/\\\/www.davidbestintools.com\\\/product\\\/david-drukplaatje-oranje-voor-schaaf\\\/\",\"name\":\"David Druckst\u00fcck Orange f\u00fcr Hobel - David best in tools\",\"isPartOf\":{\"@id\":\"https:\\\/\\\/www.davidbestintools.com\\\/#website\"},\"primaryImageOfPage\":{\"@id\":\"https:\\\/\\\/www.davidbestintools.com\\\/product\\\/david-drukplaatje-oranje-voor-schaaf\\\/#primaryimage\"},\"image\":{\"@id\":\"https:\\\/\\\/www.davidbestintools.com\\\/product\\\/david-drukplaatje-oranje-voor-schaaf\\\/#primaryimage\"},\"thumbnailUrl\":\"https:\\\/\\\/www.davidbestintools.com\\\/wp-content\\\/uploads\\\/drukplaatjeschroef.jpg\",\"datePublished\":\"2024-10-28T15:18:07+00:00\",\"dateModified\":\"2024-11-18T14:02:05+00:00\",\"breadcrumb\":{\"@id\":\"https:\\\/\\\/www.davidbestintools.com\\\/product\\\/david-drukplaatje-oranje-voor-schaaf\\\/#breadcrumb\"},\"inLanguage\":\"de\",\"potentialAction\":[{\"@type\":\"ReadAction\",\"target\":[\"https:\\\/\\\/www.davidbestintools.com\\\/product\\\/david-drukplaatje-oranje-voor-schaaf\\\/\"]}]},{\"@type\":\"ImageObject\",\"inLanguage\":\"de\",\"@id\":\"https:\\\/\\\/www.davidbestintools.com\\\/product\\\/david-drukplaatje-oranje-voor-schaaf\\\/#primaryimage\",\"url\":\"https:\\\/\\\/www.davidbestintools.com\\\/wp-content\\\/uploads\\\/drukplaatjeschroef.jpg\",\"contentUrl\":\"https:\\\/\\\/www.davidbestintools.com\\\/wp-content\\\/uploads\\\/drukplaatjeschroef.jpg\",\"width\":1000,\"height\":1000},{\"@type\":\"BreadcrumbList\",\"@id\":\"https:\\\/\\\/www.davidbestintools.com\\\/product\\\/david-drukplaatje-oranje-voor-schaaf\\\/#breadcrumb\",\"itemListElement\":[{\"@type\":\"ListItem\",\"position\":1,\"name\":\"Home\",\"item\":\"https:\\\/\\\/www.davidbestintools.com\\\/de\\\/\"},{\"@type\":\"ListItem\",\"position\":2,\"name\":\"Shop\",\"item\":\"https:\\\/\\\/www.davidbestintools.com\\\/de\\\/shop\\\/\"},{\"@type\":\"ListItem\",\"position\":3,\"name\":\"David Druckst\u00fcck Orange f\u00fcr Hobel\"}]},{\"@type\":\"WebSite\",\"@id\":\"https:\\\/\\\/www.davidbestintools.com\\\/#website\",\"url\":\"https:\\\/\\\/www.davidbestintools.com\\\/\",\"name\":\"David best in tools\",\"description\":\"\",\"potentialAction\":[{\"@type\":\"SearchAction\",\"target\":{\"@type\":\"EntryPoint\",\"urlTemplate\":\"https:\\\/\\\/www.davidbestintools.com\\\/?s={search_term_string}\"},\"query-input\":{\"@type\":\"PropertyValueSpecification\",\"valueRequired\":true,\"valueName\":\"search_term_string\"}}],\"inLanguage\":\"de\"}]}<\/script>\n<!-- \/ Yoast SEO plugin. -->","yoast_head_json":{"title":"David Druckst\u00fcck Orange f\u00fcr Hobel - David best in tools","robots":{"index":"index","follow":"follow","max-snippet":"max-snippet:-1","max-image-preview":"max-image-preview:large","max-video-preview":"max-video-preview:-1"},"canonical":"https:\/\/www.davidbestintools.com\/product\/david-drukplaatje-oranje-voor-schaaf\/","og_locale":"de_DE","og_type":"article","og_title":"David Druckst\u00fcck Orange f\u00fcr Hobel - David best in tools","og_description":"Das David Druckst\u00fcck in auff\u00e4lligem Orange wurde entwickelt, um Klingen sicher und fest im David Hobel zu befestigen. Dieses wesentliche Teil sorgt f\u00fcr eine optimale Funktion des Hobels und bietet einen festen Halt der Klinge w\u00e4hrend des Hobelns. Das Druckst\u00fcck ist einfach auszutauschen, sodass Sie Ihr Werkzeug schnell wieder einsatzbereit haben.  Eigenschaften:   Oranges Druckst\u00fcck f\u00fcr gute Sichtbarkeit und schnelle Erkennung  Sorgt f\u00fcr eine sichere und feste Befestigung der Klingen im David Hobel  Einfach auszutauschen f\u00fcr eine einfache Wartung und l\u00e4ngere Lebensdauer des Hobels  ART. 471044 EAN: 8715629179069","og_url":"https:\/\/www.davidbestintools.com\/product\/david-drukplaatje-oranje-voor-schaaf\/","og_site_name":"David best in tools","article_modified_time":"2024-11-18T14:02:05+00:00","og_image":[{"width":1000,"height":667,"url":"https:\/\/www.davidbestintools.com\/wp-content\/uploads\/471044_471043_bovenzijde-1.png","type":"image\/png"}],"twitter_card":"summary_large_image","schema":{"@context":"https:\/\/schema.org","@graph":[{"@type":"WebPage","@id":"https:\/\/www.davidbestintools.com\/product\/david-drukplaatje-oranje-voor-schaaf\/","url":"https:\/\/www.davidbestintools.com\/product\/david-drukplaatje-oranje-voor-schaaf\/","name":"David Druckst\u00fcck Orange f\u00fcr Hobel - David best in tools","isPartOf":{"@id":"https:\/\/www.davidbestintools.com\/#website"},"primaryImageOfPage":{"@id":"https:\/\/www.davidbestintools.com\/product\/david-drukplaatje-oranje-voor-schaaf\/#primaryimage"},"image":{"@id":"https:\/\/www.davidbestintools.com\/product\/david-drukplaatje-oranje-voor-schaaf\/#primaryimage"},"thumbnailUrl":"https:\/\/www.davidbestintools.com\/wp-content\/uploads\/drukplaatjeschroef.jpg","datePublished":"2024-10-28T15:18:07+00:00","dateModified":"2024-11-18T14:02:05+00:00","breadcrumb":{"@id":"https:\/\/www.davidbestintools.com\/product\/david-drukplaatje-oranje-voor-schaaf\/#breadcrumb"},"inLanguage":"de","potentialAction":[{"@type":"ReadAction","target":["https:\/\/www.davidbestintools.com\/product\/david-drukplaatje-oranje-voor-schaaf\/"]}]},{"@type":"ImageObject","inLanguage":"de","@id":"https:\/\/www.davidbestintools.com\/product\/david-drukplaatje-oranje-voor-schaaf\/#primaryimage","url":"https:\/\/www.davidbestintools.com\/wp-content\/uploads\/drukplaatjeschroef.jpg","contentUrl":"https:\/\/www.davidbestintools.com\/wp-content\/uploads\/drukplaatjeschroef.jpg","width":1000,"height":1000},{"@type":"BreadcrumbList","@id":"https:\/\/www.davidbestintools.com\/product\/david-drukplaatje-oranje-voor-schaaf\/#breadcrumb","itemListElement":[{"@type":"ListItem","position":1,"name":"Home","item":"https:\/\/www.davidbestintools.com\/de\/"},{"@type":"ListItem","position":2,"name":"Shop","item":"https:\/\/www.davidbestintools.com\/de\/shop\/"},{"@type":"ListItem","position":3,"name":"David Druckst\u00fcck Orange f\u00fcr Hobel"}]},{"@type":"WebSite","@id":"https:\/\/www.davidbestintools.com\/#website","url":"https:\/\/www.davidbestintools.com\/","name":"David best in tools","description":"","potentialAction":[{"@type":"SearchAction","target":{"@type":"EntryPoint","urlTemplate":"https:\/\/www.davidbestintools.com\/?s={search_term_string}"},"query-input":{"@type":"PropertyValueSpecification","valueRequired":true,"valueName":"search_term_string"}}],"inLanguage":"de"}]}},"_links":{"self":[{"href":"https:\/\/www.davidbestintools.com\/de\/wp-json\/wp\/v2\/product\/443","targetHints":{"allow":["GET"]}}],"collection":[{"href":"https:\/\/www.davidbestintools.com\/de\/wp-json\/wp\/v2\/product"}],"about":[{"href":"https:\/\/www.davidbestintools.com\/de\/wp-json\/wp\/v2\/types\/product"}],"replies":[{"embeddable":true,"href":"https:\/\/www.davidbestintools.com\/de\/wp-json\/wp\/v2\/comments?post=443"}],"wp:featuredmedia":[{"embeddable":true,"href":"https:\/\/www.davidbestintools.com\/de\/wp-json\/wp\/v2\/media\/650"}],"wp:attachment":[{"href":"https:\/\/www.davidbestintools.com\/de\/wp-json\/wp\/v2\/media?parent=443"}],"wp:term":[{"taxonomy":"product_brand","embeddable":true,"href":"https:\/\/www.davidbestintools.com\/de\/wp-json\/wp\/v2\/product_brand?post=443"},{"taxonomy":"product_cat","embeddable":true,"href":"https:\/\/www.davidbestintools.com\/de\/wp-json\/wp\/v2\/product_cat?post=443"},{"taxonomy":"product_tag","embeddable":true,"href":"https:\/\/www.davidbestintools.com\/de\/wp-json\/wp\/v2\/product_tag?post=443"}],"curies":[{"name":"wp","href":"https:\/\/api.w.org\/{rel}","templated":true}]}}