{"id":441,"date":"2024-10-28T14:57:50","date_gmt":"2024-10-28T14:57:50","guid":{"rendered":"https:\/\/www.davidbestintools.com\/?post_type=product&#038;p=441"},"modified":"2024-11-18T13:59:20","modified_gmt":"2024-11-18T13:59:20","slug":"david-combi-hobel","status":"publish","type":"product","link":"https:\/\/www.davidbestintools.com\/de\/product\/david-combi-hobel\/","title":{"rendered":"David Combi Hobel"},"content":{"rendered":"","protected":false},"excerpt":{"rendered":"<p>Der DAVID Combi Hobel ist ein vielseitiges und unverzichtbares Handwerkzeug f\u00fcr Pr\u00e4zisionsarbeiten. Dieser hochwertige Hobel ist mit einer beidseitig schneidenden Mei\u00dfelklinge ausgestattet, die m\u00fchelos f\u00fcr verschiedene Hobelaufgaben eingesetzt werden kann. Dank seines durchdachten Designs eignet sich der Combi Hobel f\u00fcr Flach-, Nasen-, Hohl- und Rundhobelarbeiten sowie f\u00fcr Schaben, Stechen und Schneiden. Ideal f\u00fcr die Bearbeitung von Materialien wie Holz, Kunststoff, Leder, Spanplatten, Gummi und anderen Materialien, die fein und pr\u00e4zise bearbeitet werden m\u00fcssen.<\/p>\n<p><strong>Eigenschaften:<\/strong><\/p>\n<ul>\n<li><strong>Multifunktionaler Handhobel f\u00fcr vielseitige Anwendungen<\/strong><\/li>\n<li><strong>Immer scharf dank der langlebigen, beidseitig schneidenden Mei\u00dfelklinge<\/strong><\/li>\n<li><strong>Einfach austauschbare Teile f\u00fcr optimale Wartung<\/strong><\/li>\n<li><strong>Geeignet f\u00fcr verschiedene Materialien, einschlie\u00dflich Holz, Kunststoff und Gummi<\/strong><\/li>\n<\/ul>\n<p><strong>Warnung:<\/strong> Messer sind sehr scharf! Verwenden Sie dieses Produkt mit Vorsicht. Tragen Sie immer eine Schutzbrille w\u00e4hrend der Nutzung. Verwenden Sie das Messer nur mit einem ausgefahrenen Segment und brechen Sie es an der Schnittlinie ab. Entsorgen Sie benutzte Klingen sorgf\u00e4ltig und halten Sie sie au\u00dferhalb der Reichweite von Kindern.<\/p>\n<p>ART. 647104<br \/>\nEAN: 8715629178840<\/p>\n","protected":false},"featured_media":589,"comment_status":"closed","ping_status":"closed","template":"","meta":{"inline_featured_image":false},"product_brand":[],"product_cat":[],"product_tag":[],"class_list":{"0":"post-441","1":"product","2":"type-product","3":"status-publish","4":"has-post-thumbnail","7":"first","8":"instock","9":"shipping-taxable","10":"purchasable","11":"product-type-simple"},"yoast_head":"<!-- This site is optimized with the Yoast SEO plugin v27.5 - https:\/\/yoast.com\/product\/yoast-seo-wordpress\/ -->\n<title>David Combi Hobel - David best in tools<\/title>\n<meta name=\"robots\" content=\"index, follow, max-snippet:-1, max-image-preview:large, max-video-preview:-1\" \/>\n<link rel=\"canonical\" href=\"https:\/\/www.davidbestintools.com\/product\/david-combi-schaafje\/\" \/>\n<meta property=\"og:locale\" content=\"de_DE\" \/>\n<meta property=\"og:type\" content=\"article\" \/>\n<meta property=\"og:title\" content=\"David Combi Hobel - David best in tools\" \/>\n<meta property=\"og:description\" content=\"Der DAVID Combi Hobel ist ein vielseitiges und unverzichtbares Handwerkzeug f\u00fcr Pr\u00e4zisionsarbeiten. Dieser hochwertige Hobel ist mit einer beidseitig schneidenden Mei\u00dfelklinge ausgestattet, die m\u00fchelos f\u00fcr verschiedene Hobelaufgaben eingesetzt werden kann. Dank seines durchdachten Designs eignet sich der Combi Hobel f\u00fcr Flach-, Nasen-, Hohl- und Rundhobelarbeiten sowie f\u00fcr Schaben, Stechen und Schneiden. Ideal f\u00fcr die Bearbeitung von Materialien wie Holz, Kunststoff, Leder, Spanplatten, Gummi und anderen Materialien, die fein und pr\u00e4zise bearbeitet werden m\u00fcssen.  Eigenschaften:   Multifunktionaler Handhobel f\u00fcr vielseitige Anwendungen Immer scharf dank der langlebigen, beidseitig schneidenden Mei\u00dfelklinge Einfach austauschbare Teile f\u00fcr optimale Wartung Geeignet f\u00fcr verschiedene Materialien, einschlie\u00dflich Holz, Kunststoff und Gummi  Warnung: Messer sind sehr scharf! Verwenden Sie dieses Produkt mit Vorsicht. Tragen Sie immer eine Schutzbrille w\u00e4hrend der Nutzung. Verwenden Sie das Messer nur mit einem ausgefahrenen Segment und brechen Sie es an der Schnittlinie ab. Entsorgen Sie benutzte Klingen sorgf\u00e4ltig und halten Sie sie au\u00dferhalb der Reichweite von Kindern.  ART. 647104 EAN: 8715629178840\" \/>\n<meta property=\"og:url\" content=\"https:\/\/www.davidbestintools.com\/product\/david-combi-schaafje\/\" \/>\n<meta property=\"og:site_name\" content=\"David best in tools\" \/>\n<meta property=\"article:modified_time\" content=\"2024-11-18T13:59:20+00:00\" \/>\n<meta property=\"og:image\" content=\"https:\/\/www.davidbestintools.com\/wp-content\/uploads\/647104_davidschaaf_verpakking.png\" \/>\n\t<meta property=\"og:image:width\" content=\"1000\" \/>\n\t<meta property=\"og:image:height\" content=\"1500\" \/>\n\t<meta property=\"og:image:type\" content=\"image\/png\" \/>\n<meta name=\"twitter:card\" content=\"summary_large_image\" \/>\n<script type=\"application\/ld+json\" class=\"yoast-schema-graph\">{\"@context\":\"https:\\\/\\\/schema.org\",\"@graph\":[{\"@type\":\"WebPage\",\"@id\":\"https:\\\/\\\/www.davidbestintools.com\\\/product\\\/david-combi-schaafje\\\/\",\"url\":\"https:\\\/\\\/www.davidbestintools.com\\\/product\\\/david-combi-schaafje\\\/\",\"name\":\"David Combi Hobel - David best in tools\",\"isPartOf\":{\"@id\":\"https:\\\/\\\/www.davidbestintools.com\\\/#website\"},\"primaryImageOfPage\":{\"@id\":\"https:\\\/\\\/www.davidbestintools.com\\\/product\\\/david-combi-schaafje\\\/#primaryimage\"},\"image\":{\"@id\":\"https:\\\/\\\/www.davidbestintools.com\\\/product\\\/david-combi-schaafje\\\/#primaryimage\"},\"thumbnailUrl\":\"https:\\\/\\\/www.davidbestintools.com\\\/wp-content\\\/uploads\\\/David-combi-schaafje.webp\",\"datePublished\":\"2024-10-28T14:57:50+00:00\",\"dateModified\":\"2024-11-18T13:59:20+00:00\",\"breadcrumb\":{\"@id\":\"https:\\\/\\\/www.davidbestintools.com\\\/product\\\/david-combi-schaafje\\\/#breadcrumb\"},\"inLanguage\":\"de\",\"potentialAction\":[{\"@type\":\"ReadAction\",\"target\":[\"https:\\\/\\\/www.davidbestintools.com\\\/product\\\/david-combi-schaafje\\\/\"]}]},{\"@type\":\"ImageObject\",\"inLanguage\":\"de\",\"@id\":\"https:\\\/\\\/www.davidbestintools.com\\\/product\\\/david-combi-schaafje\\\/#primaryimage\",\"url\":\"https:\\\/\\\/www.davidbestintools.com\\\/wp-content\\\/uploads\\\/David-combi-schaafje.webp\",\"contentUrl\":\"https:\\\/\\\/www.davidbestintools.com\\\/wp-content\\\/uploads\\\/David-combi-schaafje.webp\",\"width\":1000,\"height\":1000},{\"@type\":\"BreadcrumbList\",\"@id\":\"https:\\\/\\\/www.davidbestintools.com\\\/product\\\/david-combi-schaafje\\\/#breadcrumb\",\"itemListElement\":[{\"@type\":\"ListItem\",\"position\":1,\"name\":\"Home\",\"item\":\"https:\\\/\\\/www.davidbestintools.com\\\/de\\\/\"},{\"@type\":\"ListItem\",\"position\":2,\"name\":\"Shop\",\"item\":\"https:\\\/\\\/www.davidbestintools.com\\\/de\\\/shop\\\/\"},{\"@type\":\"ListItem\",\"position\":3,\"name\":\"David Combi Hobel\"}]},{\"@type\":\"WebSite\",\"@id\":\"https:\\\/\\\/www.davidbestintools.com\\\/#website\",\"url\":\"https:\\\/\\\/www.davidbestintools.com\\\/\",\"name\":\"David best in tools\",\"description\":\"\",\"potentialAction\":[{\"@type\":\"SearchAction\",\"target\":{\"@type\":\"EntryPoint\",\"urlTemplate\":\"https:\\\/\\\/www.davidbestintools.com\\\/?s={search_term_string}\"},\"query-input\":{\"@type\":\"PropertyValueSpecification\",\"valueRequired\":true,\"valueName\":\"search_term_string\"}}],\"inLanguage\":\"de\"}]}<\/script>\n<!-- \/ Yoast SEO plugin. -->","yoast_head_json":{"title":"David Combi Hobel - David best in tools","robots":{"index":"index","follow":"follow","max-snippet":"max-snippet:-1","max-image-preview":"max-image-preview:large","max-video-preview":"max-video-preview:-1"},"canonical":"https:\/\/www.davidbestintools.com\/product\/david-combi-schaafje\/","og_locale":"de_DE","og_type":"article","og_title":"David Combi Hobel - David best in tools","og_description":"Der DAVID Combi Hobel ist ein vielseitiges und unverzichtbares Handwerkzeug f\u00fcr Pr\u00e4zisionsarbeiten. Dieser hochwertige Hobel ist mit einer beidseitig schneidenden Mei\u00dfelklinge ausgestattet, die m\u00fchelos f\u00fcr verschiedene Hobelaufgaben eingesetzt werden kann. Dank seines durchdachten Designs eignet sich der Combi Hobel f\u00fcr Flach-, Nasen-, Hohl- und Rundhobelarbeiten sowie f\u00fcr Schaben, Stechen und Schneiden. Ideal f\u00fcr die Bearbeitung von Materialien wie Holz, Kunststoff, Leder, Spanplatten, Gummi und anderen Materialien, die fein und pr\u00e4zise bearbeitet werden m\u00fcssen.  Eigenschaften:   Multifunktionaler Handhobel f\u00fcr vielseitige Anwendungen Immer scharf dank der langlebigen, beidseitig schneidenden Mei\u00dfelklinge Einfach austauschbare Teile f\u00fcr optimale Wartung Geeignet f\u00fcr verschiedene Materialien, einschlie\u00dflich Holz, Kunststoff und Gummi  Warnung: Messer sind sehr scharf! Verwenden Sie dieses Produkt mit Vorsicht. Tragen Sie immer eine Schutzbrille w\u00e4hrend der Nutzung. Verwenden Sie das Messer nur mit einem ausgefahrenen Segment und brechen Sie es an der Schnittlinie ab. Entsorgen Sie benutzte Klingen sorgf\u00e4ltig und halten Sie sie au\u00dferhalb der Reichweite von Kindern.  ART. 647104 EAN: 8715629178840","og_url":"https:\/\/www.davidbestintools.com\/product\/david-combi-schaafje\/","og_site_name":"David best in tools","article_modified_time":"2024-11-18T13:59:20+00:00","og_image":[{"width":1000,"height":1500,"url":"https:\/\/www.davidbestintools.com\/wp-content\/uploads\/647104_davidschaaf_verpakking.png","type":"image\/png"}],"twitter_card":"summary_large_image","schema":{"@context":"https:\/\/schema.org","@graph":[{"@type":"WebPage","@id":"https:\/\/www.davidbestintools.com\/product\/david-combi-schaafje\/","url":"https:\/\/www.davidbestintools.com\/product\/david-combi-schaafje\/","name":"David Combi Hobel - David best in tools","isPartOf":{"@id":"https:\/\/www.davidbestintools.com\/#website"},"primaryImageOfPage":{"@id":"https:\/\/www.davidbestintools.com\/product\/david-combi-schaafje\/#primaryimage"},"image":{"@id":"https:\/\/www.davidbestintools.com\/product\/david-combi-schaafje\/#primaryimage"},"thumbnailUrl":"https:\/\/www.davidbestintools.com\/wp-content\/uploads\/David-combi-schaafje.webp","datePublished":"2024-10-28T14:57:50+00:00","dateModified":"2024-11-18T13:59:20+00:00","breadcrumb":{"@id":"https:\/\/www.davidbestintools.com\/product\/david-combi-schaafje\/#breadcrumb"},"inLanguage":"de","potentialAction":[{"@type":"ReadAction","target":["https:\/\/www.davidbestintools.com\/product\/david-combi-schaafje\/"]}]},{"@type":"ImageObject","inLanguage":"de","@id":"https:\/\/www.davidbestintools.com\/product\/david-combi-schaafje\/#primaryimage","url":"https:\/\/www.davidbestintools.com\/wp-content\/uploads\/David-combi-schaafje.webp","contentUrl":"https:\/\/www.davidbestintools.com\/wp-content\/uploads\/David-combi-schaafje.webp","width":1000,"height":1000},{"@type":"BreadcrumbList","@id":"https:\/\/www.davidbestintools.com\/product\/david-combi-schaafje\/#breadcrumb","itemListElement":[{"@type":"ListItem","position":1,"name":"Home","item":"https:\/\/www.davidbestintools.com\/de\/"},{"@type":"ListItem","position":2,"name":"Shop","item":"https:\/\/www.davidbestintools.com\/de\/shop\/"},{"@type":"ListItem","position":3,"name":"David Combi Hobel"}]},{"@type":"WebSite","@id":"https:\/\/www.davidbestintools.com\/#website","url":"https:\/\/www.davidbestintools.com\/","name":"David best in tools","description":"","potentialAction":[{"@type":"SearchAction","target":{"@type":"EntryPoint","urlTemplate":"https:\/\/www.davidbestintools.com\/?s={search_term_string}"},"query-input":{"@type":"PropertyValueSpecification","valueRequired":true,"valueName":"search_term_string"}}],"inLanguage":"de"}]}},"_links":{"self":[{"href":"https:\/\/www.davidbestintools.com\/de\/wp-json\/wp\/v2\/product\/441","targetHints":{"allow":["GET"]}}],"collection":[{"href":"https:\/\/www.davidbestintools.com\/de\/wp-json\/wp\/v2\/product"}],"about":[{"href":"https:\/\/www.davidbestintools.com\/de\/wp-json\/wp\/v2\/types\/product"}],"replies":[{"embeddable":true,"href":"https:\/\/www.davidbestintools.com\/de\/wp-json\/wp\/v2\/comments?post=441"}],"wp:featuredmedia":[{"embeddable":true,"href":"https:\/\/www.davidbestintools.com\/de\/wp-json\/wp\/v2\/media\/589"}],"wp:attachment":[{"href":"https:\/\/www.davidbestintools.com\/de\/wp-json\/wp\/v2\/media?parent=441"}],"wp:term":[{"taxonomy":"product_brand","embeddable":true,"href":"https:\/\/www.davidbestintools.com\/de\/wp-json\/wp\/v2\/product_brand?post=441"},{"taxonomy":"product_cat","embeddable":true,"href":"https:\/\/www.davidbestintools.com\/de\/wp-json\/wp\/v2\/product_cat?post=441"},{"taxonomy":"product_tag","embeddable":true,"href":"https:\/\/www.davidbestintools.com\/de\/wp-json\/wp\/v2\/product_tag?post=441"}],"curies":[{"name":"wp","href":"https:\/\/api.w.org\/{rel}","templated":true}]}}